{"id":527,"date":"2021-04-19T08:13:35","date_gmt":"2021-04-19T08:13:35","guid":{"rendered":"https:\/\/www.fpz.unizg.hr\/datasciencelab\/?page_id=527"},"modified":"2021-04-19T09:40:41","modified_gmt":"2021-04-19T09:40:41","slug":"ip-2020-02-5042-razvoj-sustava-zasnovanih-na-ucecim-agentima-za-unaprjedenje-upravljanja-prometom-u-gradovima-dlasiut","status":"publish","type":"page","link":"https:\/\/www.fpz.unizg.hr\/datasciencelab\/index.php\/istrazivanje\/ip-2020-02-5042-razvoj-sustava-zasnovanih-na-ucecim-agentima-za-unaprjedenje-upravljanja-prometom-u-gradovima-dlasiut\/","title":{"rendered":"IP-2020-02-5042 \u201eRazvoj sustava zasnovanih na u\u010de\u0107im agentima za unaprje\u0111enje upravljanja prometom u gradovima (DLASIUT)\u201c"},"content":{"rendered":"\n<figure class=\"wp-block-gallery columns-2 is-cropped wp-block-gallery-1 is-layout-flex wp-block-gallery-is-layout-flex\"><ul class=\"blocks-gallery-grid\"><li class=\"blocks-gallery-item\"><figure><img loading=\"lazy\" decoding=\"async\" width=\"1024\" height=\"509\" src=\"https:\/\/www.fpz.unizg.hr\/datasciencelab\/wp-content\/uploads\/2021\/04\/kickoff2-1536x763-3-1024x509.jpg\" alt=\"\" data-id=\"528\" data-full-url=\"https:\/\/www.fpz.unizg.hr\/datasciencelab\/wp-content\/uploads\/2021\/04\/kickoff2-1536x763-3.jpg\" data-link=\"https:\/\/www.fpz.unizg.hr\/datasciencelab\/?attachment_id=528\" class=\"wp-image-528\" srcset=\"https:\/\/www.fpz.unizg.hr\/datasciencelab\/wp-content\/uploads\/2021\/04\/kickoff2-1536x763-3-1024x509.jpg 1024w, https:\/\/www.fpz.unizg.hr\/datasciencelab\/wp-content\/uploads\/2021\/04\/kickoff2-1536x763-3-300x149.jpg 300w, https:\/\/www.fpz.unizg.hr\/datasciencelab\/wp-content\/uploads\/2021\/04\/kickoff2-1536x763-3-768x382.jpg 768w, https:\/\/www.fpz.unizg.hr\/datasciencelab\/wp-content\/uploads\/2021\/04\/kickoff2-1536x763-3.jpg 1536w\" sizes=\"auto, (max-width: 1024px) 100vw, 1024px\" \/><\/figure><\/li><li class=\"blocks-gallery-item\"><figure><img loading=\"lazy\" decoding=\"async\" width=\"1024\" height=\"565\" src=\"https:\/\/www.fpz.unizg.hr\/datasciencelab\/wp-content\/uploads\/2021\/04\/SigningDLASIUT-2-1024x565-2.jpg\" alt=\"\" data-id=\"529\" data-full-url=\"https:\/\/www.fpz.unizg.hr\/datasciencelab\/wp-content\/uploads\/2021\/04\/SigningDLASIUT-2-1024x565-2.jpg\" data-link=\"https:\/\/www.fpz.unizg.hr\/datasciencelab\/?attachment_id=529\" class=\"wp-image-529\" srcset=\"https:\/\/www.fpz.unizg.hr\/datasciencelab\/wp-content\/uploads\/2021\/04\/SigningDLASIUT-2-1024x565-2.jpg 1024w, https:\/\/www.fpz.unizg.hr\/datasciencelab\/wp-content\/uploads\/2021\/04\/SigningDLASIUT-2-1024x565-2-300x166.jpg 300w, https:\/\/www.fpz.unizg.hr\/datasciencelab\/wp-content\/uploads\/2021\/04\/SigningDLASIUT-2-1024x565-2-768x424.jpg 768w\" sizes=\"auto, (max-width: 1024px) 100vw, 1024px\" \/><\/figure><\/li><\/ul><\/figure>\n\n\n\n<p><strong>Voditelj projekta:<\/strong> izv. prof. dr. sc. Edouard Ivanjko<\/p>\n\n\n\n<p><a href=\"https:\/\/www.fpz.unizg.hr\/dlasiut\/\">Web stranica projekta<\/a><\/p>\n\n\n\n<p>Ukupna vrijednost projekta je 1.088.840,00 HRK s prvom ratom u iznosu od 599.130,00 HRK, a projekt \u0107e trajati 4 godine od 15. sije\u010dnja 2021. godine do 14. sije\u010dnja 2025. godine. Projekt se provodi u suradnji sa stranim istra\u017eiva\u010dima prof. Ivanom Dusparic s TCD, Dublin, Irska, prof. Daniela Koltovska Ne\u010doska s Faculty of Technical Sciences, St. Kliment Ohridski University \u2013 Bitola, Sjeverna Makedonija i prof. Ren\u00e9 Schumann s Institute of Information Systems, HES-SO Valais, \u0160vicarska. Na projektu \u0107e sudjelovati i prof. dr. sc. Sadko Mand\u017euka, dr. sc. Martin Greguri\u0107, Dino \u010cakija, dipl. ing., Kre\u0161imir Ku\u0161i\u0107, mag. ing. traff., Mladen Mileti\u0107, mag. ing. traff. te Filip Vrbani\u0107, mag. ing. traff. uz plan zapo\u0161ljavanja jednog doktoranda.<\/p>\n\n\n\n<p><strong>Ciljevi odnosno o\u010dekivani rezultati projekta su:<\/strong><\/p>\n\n\n\n<ul class=\"wp-block-list\"><li>Identificirane najreprezentativnije klase prometnih scenarija kori\u0161tene u postupku upravljanja prometa.<\/li><li>Razvijen sustav upravljanja prometom zasnovan na oja\u010danom u\u010denju za gradska prometna okru\u017eenja.<\/li><li>Razvijeno okru\u017eenje za strukturirano u\u010denje \/ testiranje u\u010denja vi\u0161eagentnog sustava upravljanja prometom.<\/li><li>Razvijeni sustav upravljanja prometom pro\u0161iren s mogu\u0107no\u0161\u0107u upravljanja prometnim tokovima koji sadr\u017ee umre\u017eena i autonomna vozila.<\/li><li>Analiziran utjecaj razvijenog vi\u0161eagentnog sustava upravljanja prometom zasnovan na oja\u010danom u\u010denju u kontekstu unaprje\u0111enja upravljanja gradskim prometom.<\/li><\/ul>\n","protected":false},"excerpt":{"rendered":"<p>Voditelj projekta: izv. prof. dr. sc. Edouard Ivanjko Web stranica projekta Ukupna vrijednost projekta je 1.088.840,00 HRK s prvom ratom u iznosu od 599.130,00 HRK, a projekt \u0107e trajati 4 godine od 15. sije\u010dnja 2021. godine do 14. sije\u010dnja 2025. godine. Projekt se provodi u suradnji sa stranim istra\u017eiva\u010dima prof. Ivanom Dusparic s TCD, Dublin, Irska, prof. Daniela Koltovska Ne\u010doska [&hellip;]<\/p>\n","protected":false},"author":1,"featured_media":0,"parent":20,"menu_order":0,"comment_status":"open","ping_status":"closed","template":"","meta":{"footnotes":""},"class_list":["post-527","page","type-page","status-publish","hentry"],"_links":{"self":[{"href":"https:\/\/www.fpz.unizg.hr\/datasciencelab\/index.php\/wp-json\/wp\/v2\/pages\/527","targetHints":{"allow":["GET"]}}],"collection":[{"href":"https:\/\/www.fpz.unizg.hr\/datasciencelab\/index.php\/wp-json\/wp\/v2\/pages"}],"about":[{"href":"https:\/\/www.fpz.unizg.hr\/datasciencelab\/index.php\/wp-json\/wp\/v2\/types\/page"}],"author":[{"embeddable":true,"href":"https:\/\/www.fpz.unizg.hr\/datasciencelab\/index.php\/wp-json\/wp\/v2\/users\/1"}],"replies":[{"embeddable":true,"href":"https:\/\/www.fpz.unizg.hr\/datasciencelab\/index.php\/wp-json\/wp\/v2\/comments?post=527"}],"version-history":[{"count":3,"href":"https:\/\/www.fpz.unizg.hr\/datasciencelab\/index.php\/wp-json\/wp\/v2\/pages\/527\/revisions"}],"predecessor-version":[{"id":587,"href":"https:\/\/www.fpz.unizg.hr\/datasciencelab\/index.php\/wp-json\/wp\/v2\/pages\/527\/revisions\/587"}],"up":[{"embeddable":true,"href":"https:\/\/www.fpz.unizg.hr\/datasciencelab\/index.php\/wp-json\/wp\/v2\/pages\/20"}],"wp:attachment":[{"href":"https:\/\/www.fpz.unizg.hr\/datasciencelab\/index.php\/wp-json\/wp\/v2\/media?parent=527"}],"curies":[{"name":"wp","href":"https:\/\/api.w.org\/{rel}","templated":true}]}}