{"id":552,"date":"2021-04-19T08:40:56","date_gmt":"2021-04-19T08:40:56","guid":{"rendered":"https:\/\/www.fpz.unizg.hr\/datasciencelab\/?page_id=552"},"modified":"2021-04-19T09:30:36","modified_gmt":"2021-04-19T09:30:36","slug":"znanstveni-centar-izvrsnosti-za-znanost-o-podatcima-i-kooperativne-sustave-zci-across-datascience","status":"publish","type":"page","link":"https:\/\/www.fpz.unizg.hr\/datasciencelab\/index.php\/istrazivanje\/znanstveni-centar-izvrsnosti-za-znanost-o-podatcima-i-kooperativne-sustave-zci-across-datascience\/","title":{"rendered":"Znanstveni centar izvrsnosti za znanost o podatcima i kooperativne sustave (ZCI ACROSS-DataScience)"},"content":{"rendered":"\n<p><strong>Voditelj istra\u017eiva\u010dke jedinice za Znanost o podatcima:<\/strong> prof. dr. sc. Sven Lon\u010darevi\u0107 (FER), \u00a0<a href=\"javascript:cms_mail('sven.loncaric','fer.hr','','')\">sven.loncaric@fer.hr<\/a> <\/p>\n\n\n\n<p><strong>Lokalni voditelj: <\/strong>izv. prof. dr. sc. Edouard Ivanjko<\/p>\n\n\n\n<p><a href=\"https:\/\/across-datascience.zci.hr\/zci\/\">Web stranica projekta<\/a><\/p>\n\n\n\n<p>Prvi je nacionalni centar izvrsnosti u podru\u010dju tehni\u010dkih znanosti u Hrvatskoj, inauguriran 6. studenog 2015. godine. Centar okuplja trinaest istaknutih&nbsp;<a href=\"http:\/\/across-datascience.zci.hr\/zci\/o_nama\/partneri\">organizacija<\/a>&nbsp;me\u0111u kojima su jedanaest visoko\u0161kolskih institucija iz Zagreba, Splita, Rijeke, Osijeka i Dubrovnika, Institut Ru\u0111er Bo\u0161kovi\u0107 i tvrtka Ericsson Nikola Tesla.<\/p>\n\n\n\n<p>Misija Centra jest unaprijediti hrvatsku znanost i oja\u010dati njezino uklju\u010divanje u Europski istra\u017eiva\u010dki prostor, odnosno potaknuti sudjelovanje u istra\u017eiva\u010dkim programima EU i drugim me\u0111unarodnim programima. Centar djeluje kao sredi\u0161te suradnje akademske zajednice s poslovnim i javnim sektorom u podru\u010dju ekspertiza istra\u017eiva\u010dkog tima Centra, s ciljem sna\u017enog doprinosa pobolj\u0161anju kvalitete \u017eivota i poticanja ekonomskog rasta u Republici Hrvatskoj.<\/p>\n\n\n\n<p>Vizija Centra jest biti predvodnikom u istra\u017eivanju i razvoju novih metodologija i naprednih in\u017eenjerskih pristupa za znanost o podatcima i kooperativne sustave.<\/p>\n\n\n\n<p>Centar se sastoji od dviju istra\u017eiva\u010dkih jedinica:<\/p>\n\n\n\n<ul class=\"wp-block-list\"><li><strong>Istra\u017eiva\u010dke jedinice\u00a0za znanost o podatcima\u00a0<\/strong>(<a href=\"http:\/\/across-datascience.zci.hr\/zci\/zop\/istrazivacki_fokus\">IJ DataScience<\/a>)<\/li><li><strong>Istra\u017eiva\u010dke jedinice\u00a0za napredne kooperativne sustave\u00a0<\/strong>(<a href=\"http:\/\/across-datascience.zci.hr\/zci\/across\/istrazivacki_fokus\">IJ ACROSS<\/a>)<br><\/li><\/ul>\n\n\n\n<figure class=\"wp-block-image\"><img decoding=\"async\" src=\"https:\/\/across-datascience.zci.hr\/images\/50029248\/DS-ACROSS.png\" alt=\"\"\/><\/figure>\n\n\n\n<p><strong>Istra\u017eiva\u010dka jedinica za znanost o podatcima<\/strong>&nbsp;(IJ DataScience)&nbsp;okuplja 49 znanstvenika koji se bave znano\u0161\u0107u o podatcima \u010diji je cilj izlu\u010divanje znanja iz podataka uklju\u010duju\u0107i i tzv. \u201cvelike podatke\u201d (engl.&nbsp;big data). Taj cilj iziskuje uporabu postupaka temeljenih na nizu razli\u010ditih teorijskih disciplina, kao \u0161to je matematika, statistika, teorija informacija, obrada signala, vjerojatnosni modeli, strojno u\u010denje, dubinska analiza podataka, baze podataka, obrada prirodnog jezika, raspoznavanje uzoraka, vizualizacija, prediktivna analitika, skladi\u0161ta podataka, sa\u017eimanje podataka i ra\u010dunarstvo visokih performansi.<\/p>\n\n\n\n<p>Kako bismo uspje\u0161no odgovorili na ove izazove, razradili smo konkretan istra\u017eiva\u010dki plan koji ima upori\u0161te u \u010detiri stupa &#8211; \u010detiri strate\u0161ka istra\u017eiva\u010dka podru\u010dja koja obuhva\u0107aju sva gore navedena podru\u010dja:<\/p>\n\n\n\n<ul class=\"wp-block-list\"><li>Istra\u017eiva\u010dko podru\u010dje 1:&nbsp;<strong>Multimodalna obrada podataka i<\/strong>&nbsp;<strong>upravljanje&nbsp; informacijama<\/strong><\/li><li>Istra\u017eiva\u010dko podru\u010dje 2:&nbsp;<strong>Strojno u\u010denje i dubinska analiza<\/strong>&nbsp;<strong>podataka<\/strong><\/li><li>Istra\u017eiva\u010dko podru\u010dje 3:&nbsp;<strong>Heterogeno ra\u010dunarstvo i napredne<\/strong>&nbsp;<strong>usluge u oblaku<\/strong><\/li><li>Istra\u017eiva\u010dko podru\u010dje 4:&nbsp;<strong>Vi\u0161edisciplinarne podatkovno<\/strong>&nbsp;<strong>intenzivne primjene<\/strong><\/li><\/ul>\n\n\n\n<p>Primjene znanosti o podatcima su brojne uklju\u010duju\u0107i \u010desti\u010dnu i astro\u010desti\u010dnu fiziku, biolo\u0161ke znanosti i zdravstvenu skrb, poslovnu analitiku i financije, kompleksne mre\u017ee i dru\u0161tvo te analitiku prometnih podataka.<\/p>\n\n\n\n<p>Popis \u010dlanova Istra\u017eiva\u010dke jedinice za znanost o podatcima dostupan je&nbsp;<a href=\"http:\/\/across-datascience.zci.hr\/zci\/o_nama\/partneri\">ovdje<\/a>.&nbsp;Popis organizacija \u010dlanica dostupan je&nbsp;<a href=\"http:\/\/across-datascience.zci.hr\/zci\/zop\/istrazivaci\">ovdje<\/a>.<br><\/p>\n\n\n\n<p><\/p>\n","protected":false},"excerpt":{"rendered":"<p>Voditelj istra\u017eiva\u010dke jedinice za Znanost o podatcima: prof. dr. sc. Sven Lon\u010darevi\u0107 (FER), \u00a0sven.loncaric@fer.hr Lokalni voditelj: izv. prof. dr. sc. Edouard Ivanjko Web stranica projekta Prvi je nacionalni centar izvrsnosti u podru\u010dju tehni\u010dkih znanosti u Hrvatskoj, inauguriran 6. studenog 2015. godine. Centar okuplja trinaest istaknutih&nbsp;organizacija&nbsp;me\u0111u kojima su jedanaest visoko\u0161kolskih institucija iz Zagreba, Splita, Rijeke, Osijeka i Dubrovnika, Institut Ru\u0111er Bo\u0161kovi\u0107 [&hellip;]<\/p>\n","protected":false},"author":1,"featured_media":0,"parent":20,"menu_order":0,"comment_status":"closed","ping_status":"closed","template":"","meta":{"footnotes":""},"class_list":["post-552","page","type-page","status-publish","hentry"],"_links":{"self":[{"href":"https:\/\/www.fpz.unizg.hr\/datasciencelab\/index.php\/wp-json\/wp\/v2\/pages\/552","targetHints":{"allow":["GET"]}}],"collection":[{"href":"https:\/\/www.fpz.unizg.hr\/datasciencelab\/index.php\/wp-json\/wp\/v2\/pages"}],"about":[{"href":"https:\/\/www.fpz.unizg.hr\/datasciencelab\/index.php\/wp-json\/wp\/v2\/types\/page"}],"author":[{"embeddable":true,"href":"https:\/\/www.fpz.unizg.hr\/datasciencelab\/index.php\/wp-json\/wp\/v2\/users\/1"}],"replies":[{"embeddable":true,"href":"https:\/\/www.fpz.unizg.hr\/datasciencelab\/index.php\/wp-json\/wp\/v2\/comments?post=552"}],"version-history":[{"count":3,"href":"https:\/\/www.fpz.unizg.hr\/datasciencelab\/index.php\/wp-json\/wp\/v2\/pages\/552\/revisions"}],"predecessor-version":[{"id":582,"href":"https:\/\/www.fpz.unizg.hr\/datasciencelab\/index.php\/wp-json\/wp\/v2\/pages\/552\/revisions\/582"}],"up":[{"embeddable":true,"href":"https:\/\/www.fpz.unizg.hr\/datasciencelab\/index.php\/wp-json\/wp\/v2\/pages\/20"}],"wp:attachment":[{"href":"https:\/\/www.fpz.unizg.hr\/datasciencelab\/index.php\/wp-json\/wp\/v2\/media?parent=552"}],"curies":[{"name":"wp","href":"https:\/\/api.w.org\/{rel}","templated":true}]}}