{"id":556,"date":"2021-04-19T08:51:40","date_gmt":"2021-04-19T08:51:40","guid":{"rendered":"https:\/\/www.fpz.unizg.hr\/datasciencelab\/?page_id=556"},"modified":"2021-04-19T09:34:20","modified_gmt":"2021-04-19T09:34:20","slug":"horizon-2020-twinning-open-data-operational-todo","status":"publish","type":"page","link":"https:\/\/www.fpz.unizg.hr\/datasciencelab\/index.php\/istrazivanje\/horizon-2020-twinning-open-data-operational-todo\/","title":{"rendered":"Horizon 2020: Twinning Open Data Operational (TODO)"},"content":{"rendered":"\n<p><strong>Voditelj projekta na razini Fakulteta prometnih znanosti:<\/strong> doc. dr. sc. Miroslav Vuji\u0107<\/p>\n\n\n\n<p><a href=\"https:\/\/todo-project.eu\/en\">Web stranica projekta<\/a> <\/p>\n\n\n\n<figure class=\"wp-block-gallery columns-2 is-cropped wp-block-gallery-1 is-layout-flex wp-block-gallery-is-layout-flex\"><ul class=\"blocks-gallery-grid\"><li class=\"blocks-gallery-item\"><figure><img loading=\"lazy\" decoding=\"async\" width=\"1024\" height=\"768\" src=\"https:\/\/www.fpz.unizg.hr\/datasciencelab\/wp-content\/uploads\/2021\/04\/IMG_20191212_120705-min-1024x768-1.jpg\" alt=\"\" data-id=\"557\" data-full-url=\"https:\/\/www.fpz.unizg.hr\/datasciencelab\/wp-content\/uploads\/2021\/04\/IMG_20191212_120705-min-1024x768-1.jpg\" data-link=\"https:\/\/www.fpz.unizg.hr\/datasciencelab\/index.php\/istrazivanje\/horizon-2020-twinning-open-data-operational-todo\/img_20191212_120705-min-1024x768-1\/\" class=\"wp-image-557\" srcset=\"https:\/\/www.fpz.unizg.hr\/datasciencelab\/wp-content\/uploads\/2021\/04\/IMG_20191212_120705-min-1024x768-1.jpg 1024w, https:\/\/www.fpz.unizg.hr\/datasciencelab\/wp-content\/uploads\/2021\/04\/IMG_20191212_120705-min-1024x768-1-300x225.jpg 300w, https:\/\/www.fpz.unizg.hr\/datasciencelab\/wp-content\/uploads\/2021\/04\/IMG_20191212_120705-min-1024x768-1-768x576.jpg 768w\" sizes=\"auto, (max-width: 1024px) 100vw, 1024px\" \/><\/figure><\/li><li class=\"blocks-gallery-item\"><figure><img loading=\"lazy\" decoding=\"async\" width=\"800\" height=\"400\" src=\"https:\/\/www.fpz.unizg.hr\/datasciencelab\/wp-content\/uploads\/2021\/04\/IMG_20210305_095233-1-1.jpg\" alt=\"\" data-id=\"564\" data-full-url=\"https:\/\/www.fpz.unizg.hr\/datasciencelab\/wp-content\/uploads\/2021\/04\/IMG_20210305_095233-1-1.jpg\" data-link=\"https:\/\/www.fpz.unizg.hr\/datasciencelab\/index.php\/istrazivanje\/horizon-2020-twinning-open-data-operational-todo\/img_20210305_095233-1-1\/\" class=\"wp-image-564\" srcset=\"https:\/\/www.fpz.unizg.hr\/datasciencelab\/wp-content\/uploads\/2021\/04\/IMG_20210305_095233-1-1.jpg 800w, https:\/\/www.fpz.unizg.hr\/datasciencelab\/wp-content\/uploads\/2021\/04\/IMG_20210305_095233-1-1-300x150.jpg 300w, https:\/\/www.fpz.unizg.hr\/datasciencelab\/wp-content\/uploads\/2021\/04\/IMG_20210305_095233-1-1-768x384.jpg 768w\" sizes=\"auto, (max-width: 800px) 100vw, 800px\" \/><\/figure><\/li><\/ul><\/figure>\n\n\n\n<p>Spomenuti projekat financiran je iz Horzion 2020 financijskog okvira, te je operativno zapo\u010deo 01. listopada 2019. godine. Projektne aktivnosti \u0107e zavr\u0161iti u listopadu 2023. godine. Glavni cilj projekta je ja\u010danje znanstvene izvrsnosti i inovativnog kapaciteta Sveu\u010dili\u0161ta u Zagrebu u podru\u010dju otvorenih podataka u suradnji s nizozemskim Delft University of Tehnology i gr\u010dkim University of the Aegean.<\/p>\n\n\n\n<p>Uz Fakultet prometnih znanosti, doma\u0107i partneri na ovom projektu su Geodetski fakultet u Zagrebu, Fakultet elektrotehnike i ra\u010dunarstva u Zagrebu, Pravni fakultet u Zagrebu, Fakultet organizacije i informatike u Zagrebu i Agronomski fakultet u Zagrebu.<\/p>\n\n\n\n<p><\/p>\n\n\n<p><!--EndFragment--><\/p>","protected":false},"excerpt":{"rendered":"<p>Voditelj projekta na razini Fakulteta prometnih znanosti: doc. dr. sc. Miroslav Vuji\u0107 Web stranica projekta Spomenuti projekat financiran je iz Horzion 2020 financijskog okvira, te je operativno zapo\u010deo 01. listopada 2019. godine. Projektne aktivnosti \u0107e zavr\u0161iti u listopadu 2023. godine. Glavni cilj projekta je ja\u010danje znanstvene izvrsnosti i inovativnog kapaciteta Sveu\u010dili\u0161ta u Zagrebu u podru\u010dju otvorenih podataka u suradnji s [&hellip;]<\/p>\n","protected":false},"author":1,"featured_media":0,"parent":20,"menu_order":0,"comment_status":"closed","ping_status":"closed","template":"","meta":{"footnotes":""},"class_list":["post-556","page","type-page","status-publish","hentry"],"_links":{"self":[{"href":"https:\/\/www.fpz.unizg.hr\/datasciencelab\/index.php\/wp-json\/wp\/v2\/pages\/556","targetHints":{"allow":["GET"]}}],"collection":[{"href":"https:\/\/www.fpz.unizg.hr\/datasciencelab\/index.php\/wp-json\/wp\/v2\/pages"}],"about":[{"href":"https:\/\/www.fpz.unizg.hr\/datasciencelab\/index.php\/wp-json\/wp\/v2\/types\/page"}],"author":[{"embeddable":true,"href":"https:\/\/www.fpz.unizg.hr\/datasciencelab\/index.php\/wp-json\/wp\/v2\/users\/1"}],"replies":[{"embeddable":true,"href":"https:\/\/www.fpz.unizg.hr\/datasciencelab\/index.php\/wp-json\/wp\/v2\/comments?post=556"}],"version-history":[{"count":4,"href":"https:\/\/www.fpz.unizg.hr\/datasciencelab\/index.php\/wp-json\/wp\/v2\/pages\/556\/revisions"}],"predecessor-version":[{"id":584,"href":"https:\/\/www.fpz.unizg.hr\/datasciencelab\/index.php\/wp-json\/wp\/v2\/pages\/556\/revisions\/584"}],"up":[{"embeddable":true,"href":"https:\/\/www.fpz.unizg.hr\/datasciencelab\/index.php\/wp-json\/wp\/v2\/pages\/20"}],"wp:attachment":[{"href":"https:\/\/www.fpz.unizg.hr\/datasciencelab\/index.php\/wp-json\/wp\/v2\/media?parent=556"}],"curies":[{"name":"wp","href":"https:\/\/api.w.org\/{rel}","templated":true}]}}