{"id":64,"date":"2019-12-28T15:01:59","date_gmt":"2019-12-28T15:01:59","guid":{"rendered":"https:\/\/www.fpz.unizg.hr\/datasciencelab\/?page_id=64"},"modified":"2020-03-18T16:25:34","modified_gmt":"2020-03-18T16:25:34","slug":"fakultet-prometnih-znanosti","status":"publish","type":"page","link":"https:\/\/www.fpz.unizg.hr\/datasciencelab\/index.php\/studentski-rad\/fakultet-prometnih-znanosti\/","title":{"rendered":"Fakultet prometnih znanosti"},"content":{"rendered":"\n<h4 class=\"wp-block-heading\">Popis dostupnih podataka<\/h4>\n\n\n\n\n<table id=\"tablepress-1\" class=\"tablepress tablepress-id-1\">\n<thead>\n<tr class=\"row-1 odd\">\n\t<th class=\"column-1\">Redni broj<\/th><th class=\"column-2\">Naziv<\/th><th class=\"column-3\">Opis<\/th><th class=\"column-4\">Odgovorna osoba <\/th><th class=\"column-5\">Kontakt<\/th><th class=\"column-6\">Format <\/th><th class=\"column-7\">Pristup<\/th><th class=\"column-8\">Napomena<\/th>\n<\/tr>\n<\/thead>\n<tbody class=\"row-hover\">\n<tr class=\"row-2 even\">\n\t<td class=\"column-1\">1<\/td><td class=\"column-2\">Prometni podaci sa lokacije podvo\u017enjak Miramarska (Zagreb)<\/td><td class=\"column-3\">Podatci obuhva\u0107aju koncentraciju osobnih vozila, te\u0161kih vozila, autobusa i motocikla u prometnom toku (dobava preko duljine vozila), brzinu, trak i smjer u kojem je vozilo detektirano (mjereni Radar detektorom) te MAC adrese raznih ure\u0111aja koji posjeduju Bluetooth i u trenutku detekcije su uklju\u010deni, dostupan je i podatak kojim snagom je ure\u0111aj odgovorio na upit sa detektora (mjereni Bluetooth detektorom).<\/td><td class=\"column-4\">Dominik Cvetek, mag. ing. traff.<\/td><td class=\"column-5\"><a href=\"mailto:dcvetek@fpz.hr\">dcvetek@fpz.hr<\/a><\/td><td class=\"column-6\">.csv (Oblak - OneDrive na domeni fpz.hr)<\/td><td class=\"column-7\"><a href=\"https:\/\/fpzhr-my.sharepoint.com\/personal\/dcvetek_fpz_hr\/_layouts\/15\/onedrive.aspx?originalPath=aHR0cHM6Ly9mcHpoci1teS5zaGFyZXBvaW50LmNvbS86ZjovZy9wZXJzb25hbC9kY3ZldGVrX2Zwel9oci9Fak00Q3Q4SkljeE52S01LWG9ub1dkTUJpb3RtQjVjS2pPWXAyZWc2b21XUTVRP3J0aW1lPXhuaUR4ZTJmMTBn&amp;viewid=fb5bf178%2D0e7e%2D4ec5%2D8bd9%2Df1f5baf95ea2&amp;id=%2Fpersonal%2Fdcvetek%5Ffpz%5Fhr%2FDocuments%2FPodaci\">Otvoreni pristup<\/a><\/td><td class=\"column-8\">Podaci su prikupljani od o\u017eujka 2019.  -detektori jo\u0161 uvijek aktivni<\/td>\n<\/tr>\n<tr class=\"row-3 odd\">\n\t<td class=\"column-1\">2<\/td><td class=\"column-2\">Prometni podatci iz Republike Slovenije (Brojanje prometa)<\/td><td class=\"column-3\">Podatci su prikupljeni putem induktivnih petlji instaliranih na Slovenskoj cestovnoj mre\u017ei. Podatci su prikupljeni od strane Slovenskog ministarstva za Infrastrukturu. Podatci su dostupni od 2007. do 2014. godine<\/td><td class=\"column-4\">izv. prof. dr. sc. Edouard Ivanjko<\/td><td class=\"column-5\"><a href=\"mailto:eivanjko@fpz.hr\">eivanjko@fpz.hr<\/a><\/td><td class=\"column-6\">.xls (fizi\u010dka kolekcija DVD-a)<\/td><td class=\"column-7\">Na upit odogovorne osobne<\/td><td class=\"column-8\">-<\/td>\n<\/tr>\n<tr class=\"row-4 even\">\n\t<td class=\"column-1\">3<\/td><td class=\"column-2\">Podaci o prometu mre\u017ee IEEE 802.11<\/td><td class=\"column-3\">Podaci obuhva\u0107aju prometne parametre poput odlaznog prometa, dolaznog prometa te latencije prije i tijekom pristunosti non-Wi-Fi izvora  interferencije u 2.4 GHz pojasu.  <\/td><td class=\"column-4\">dr. sc. Ivan Forenbacher<\/td><td class=\"column-5\"><a href=\"mailto:iforenbacher@fpz.hr\">iforenbacher@fpz.hr<\/a><\/td><td class=\"column-6\">.xls<\/td><td class=\"column-7\">Na upit odgovornoj osobi<\/td><td class=\"column-8\">Podaci prikupljeni u 2019.<\/td>\n<\/tr>\n<tr class=\"row-5 odd\">\n\t<td class=\"column-1\">4<\/td><td class=\"column-2\">Podaci o mjerenju performansi mre\u017ee IEEE 802.11<\/td><td class=\"column-3\">Podaci obuhva\u0107aju skup razli\u010ditih telekomunikacijskih parametara, uklju\u010duju\u0107i propusnost, SNR, ja\u010dina signala i pokrivenost signalom izmjernih u O-71 na ZUK Borongaj.<\/td><td class=\"column-4\">dr. sc. Ivan Forenbacher<\/td><td class=\"column-5\"><a href=\"mailto:iforenbacher@fpz.hr\">iforenbacher@fpz.hr<\/a><\/td><td class=\"column-6\">.esx<\/td><td class=\"column-7\">Na upit odgovornoj osobi<\/td><td class=\"column-8\">Podaci prikupljeni u 2019.<\/td>\n<\/tr>\n<tr class=\"row-6 even\">\n\t<td class=\"column-1\">5<\/td><td class=\"column-2\">Podatkovni promet pametnih telefona ostvaren pristupom pokretnim mre\u017eama<\/td><td class=\"column-3\">Podaci obuhva\u0107aju koli\u010dine generiranog podatkovnog prometa u MB za pojedine ure\u0111aje\/korisnike na razini kori\u0161tenih aplikacija - pristup pokretnim mre\u017eama<\/td><td class=\"column-4\">dr. sc. Sini\u0161a Husnjak<\/td><td class=\"column-5\"><a href=\"mailto:shusnjak@fpz.hr\">shusnjak@fpz.hr<\/a><\/td><td class=\"column-6\">.xlsx<\/td><td class=\"column-7\">Na upit odgovornoj osobi<\/td><td class=\"column-8\">Podaci prikupljeni u 2017.<\/td>\n<\/tr>\n<tr class=\"row-7 odd\">\n\t<td class=\"column-1\">6<\/td><td class=\"column-2\">Podatkovni promet pametnih telefona ostvaren pristupom Wi-Fi mre\u017eama<\/td><td class=\"column-3\">Podaci obuhva\u0107aju koli\u010dine generiranog podatkovnog prometa u MB za pojedine ure\u0111aje\/korisnike na razini kori\u0161tenih aplikacija - pristup Wi-Fi mre\u017eama<\/td><td class=\"column-4\">dr. sc. Sini\u0161a Husnjak<\/td><td class=\"column-5\"><a href=\"mailto:shusnjak@fpz.hr\">shusnjak@fpz.hr<\/a><\/td><td class=\"column-6\">.xlsx<\/td><td class=\"column-7\">Na upit odgovornoj osobi<\/td><td class=\"column-8\">Podaci prikupljeni u 2017.<\/td>\n<\/tr>\n<tr class=\"row-8 even\">\n\t<td class=\"column-1\">7<\/td><td class=\"column-2\">Brojanje prometa na HC<\/td><td class=\"column-3\">Podaci obuhva\u0107aju PGDP i PLDP<\/td><td class=\"column-4\">Marijan Jakovljevi\u0107<\/td><td class=\"column-5\"><a href=\"mjakovljevic@fpz.unizg.hr\">mjakovljevic@fpz.unizg.hr<\/a><br \/>\n<\/td><td class=\"column-6\">.xlsx, dio PDF<\/td><td class=\"column-7\">Na upit odgovornoj osobi<\/td><td class=\"column-8\">2010-2019.<\/td>\n<\/tr>\n<tr class=\"row-9 odd\">\n\t<td class=\"column-1\">8<\/td><td class=\"column-2\">Izvori\u0161ne odredi\u0161ne matrice pra\u0107enja mobilnih korisnika -<\/td><td class=\"column-3\">Podatci dobiveni iz aplikacije pattern migration analysis - Ericsson Nikola Tesla. Podatci dostupni za 4 karakteristi\u010dna dana za Istru i Kvarner<\/td><td class=\"column-4\">dr. sc. Martin Greguri\u0107<\/td><td class=\"column-5\"><a href=\"mailto:mgreguric@fpz.hr\">mgreguric@fpz.hr<\/a><\/td><td class=\"column-6\">.xlsx<\/td><td class=\"column-7\">Na upit odgovornoj osobi<\/td><td class=\"column-8\"> <\/td>\n<\/tr>\n<tr class=\"row-10 even\">\n\t<td class=\"column-1\">9<\/td><td class=\"column-2\">Prometni, meteorolo\u0161ki i podatci s promjenjivog prometnog znaka - autocesta Zagreb -Karlovac<\/td><td class=\"column-3\">Podatci su mjereni na \u010dvoru Donja Zden\u010dina (autocesta Zagreb - Karlovac) za 2018, 2019, 2020. godinu. Postoji niz meteorolo\u0161kih pokazatelja (vidljivost, oborine, temperatura, itd.), stanja kolnika, brojanje vozila po kategorijama brzina te kategorijama vrste vozila. <\/td><td class=\"column-4\">dr. sc. Martin Greguri\u0107<\/td><td class=\"column-5\"><a href=\"mailto:mgreguric@fpz.hr\">mgreguric@fpz.hr<\/a><\/td><td class=\"column-6\">.xlsx.<\/td><td class=\"column-7\">Na upit odgovornoj osobi<\/td><td class=\"column-8\">Podatci mjereni samo na jednom mjernom mjestu,<\/td>\n<\/tr>\n<\/tbody>\n<\/table>\n\n","protected":false},"excerpt":{"rendered":"<p>Popis dostupnih podataka<\/p>\n","protected":false},"author":1,"featured_media":0,"parent":41,"menu_order":0,"comment_status":"closed","ping_status":"closed","template":"","meta":{"footnotes":""},"class_list":["post-64","page","type-page","status-publish","hentry"],"_links":{"self":[{"href":"https:\/\/www.fpz.unizg.hr\/datasciencelab\/index.php\/wp-json\/wp\/v2\/pages\/64","targetHints":{"allow":["GET"]}}],"collection":[{"href":"https:\/\/www.fpz.unizg.hr\/datasciencelab\/index.php\/wp-json\/wp\/v2\/pages"}],"about":[{"href":"https:\/\/www.fpz.unizg.hr\/datasciencelab\/index.php\/wp-json\/wp\/v2\/types\/page"}],"author":[{"embeddable":true,"href":"https:\/\/www.fpz.unizg.hr\/datasciencelab\/index.php\/wp-json\/wp\/v2\/users\/1"}],"replies":[{"embeddable":true,"href":"https:\/\/www.fpz.unizg.hr\/datasciencelab\/index.php\/wp-json\/wp\/v2\/comments?post=64"}],"version-history":[{"count":3,"href":"https:\/\/www.fpz.unizg.hr\/datasciencelab\/index.php\/wp-json\/wp\/v2\/pages\/64\/revisions"}],"predecessor-version":[{"id":123,"href":"https:\/\/www.fpz.unizg.hr\/datasciencelab\/index.php\/wp-json\/wp\/v2\/pages\/64\/revisions\/123"}],"up":[{"embeddable":true,"href":"https:\/\/www.fpz.unizg.hr\/datasciencelab\/index.php\/wp-json\/wp\/v2\/pages\/41"}],"wp:attachment":[{"href":"https:\/\/www.fpz.unizg.hr\/datasciencelab\/index.php\/wp-json\/wp\/v2\/media?parent=64"}],"curies":[{"name":"wp","href":"https:\/\/api.w.org\/{rel}","templated":true}]}}