{"id":65,"date":"2019-12-28T15:01:59","date_gmt":"2019-12-28T15:01:59","guid":{"rendered":"https:\/\/www.fpz.unizg.hr\/datasciencelab\/?page_id=65"},"modified":"2023-01-16T21:32:24","modified_gmt":"2023-01-16T21:32:24","slug":"gospodarski-subjekti","status":"publish","type":"page","link":"https:\/\/www.fpz.unizg.hr\/datasciencelab\/index.php\/studentski-rad\/gospodarski-subjekti\/","title":{"rendered":"Gospodarski subjekti"},"content":{"rendered":"\n<h2 class=\"wp-block-heading\"><a href=\"https:\/\/www.fpz.unizg.hr\/sordito\/language\/en\/\">Projekt <strong>SORDITO &#8211; GPS tragovi dostavnih vozila na razini cijele RH<\/strong> ustupljeni od tvrtke <strong>Mireo d.d.<\/strong><\/a><\/h2>\n\n\n\n<p>Mogu\u0107nost pristupa podatcima GPS tragova dostavnih vozila koja su ustupljena od strane tvrtke Mireo d.d. za potrebe projekta SORDITO. Za pristup spomenutim sirovim podatcima potrebno je dobiti odobrenje od  prof. dr. sc. Ton\u010di Cari\u0107a (<a href=\"mailto:tcaric@fpz.unizg.hr\">tcaric@fpz.unizg.hr<\/a>). <\/p>\n\n\n\n<p>Dostupno je web su\u010delje (pristup preko domene fpz.hr) koje ima mogu\u0107nosti:<\/p>\n\n\n\n<ul class=\"wp-block-list\"><li>Grafi\u010dki prikaz profila brzina za odabrane prometnice prema specificiranim filterima (npr. dan u tjednu, godi\u0161nje doba, itd.) <\/li><li>Prikaz rute izme\u0111u dvije to\u010dke u prometnoj mre\u017ei i procjena vremena putovanja prema profilima brzina.<\/li><\/ul>\n\n\n\n<figure class=\"wp-block-image size-large\"><img loading=\"lazy\" decoding=\"async\" width=\"1024\" height=\"475\" src=\"https:\/\/www.fpz.unizg.hr\/datasciencelab\/wp-content\/uploads\/2020\/01\/sordito2-1024x475.png\" alt=\"\" class=\"wp-image-187\" srcset=\"https:\/\/www.fpz.unizg.hr\/datasciencelab\/wp-content\/uploads\/2020\/01\/sordito2-1024x475.png 1024w, https:\/\/www.fpz.unizg.hr\/datasciencelab\/wp-content\/uploads\/2020\/01\/sordito2-300x139.png 300w, https:\/\/www.fpz.unizg.hr\/datasciencelab\/wp-content\/uploads\/2020\/01\/sordito2-768x356.png 768w, https:\/\/www.fpz.unizg.hr\/datasciencelab\/wp-content\/uploads\/2020\/01\/sordito2.png 1205w\" sizes=\"auto, (max-width: 1024px) 100vw, 1024px\" \/><\/figure>\n\n\n\n<figure class=\"wp-block-image size-large\"><img loading=\"lazy\" decoding=\"async\" width=\"1024\" height=\"497\" src=\"https:\/\/www.fpz.unizg.hr\/datasciencelab\/wp-content\/uploads\/2020\/01\/sordito1-1024x497.png\" alt=\"\" class=\"wp-image-186\" srcset=\"https:\/\/www.fpz.unizg.hr\/datasciencelab\/wp-content\/uploads\/2020\/01\/sordito1-1024x497.png 1024w, https:\/\/www.fpz.unizg.hr\/datasciencelab\/wp-content\/uploads\/2020\/01\/sordito1-300x146.png 300w, https:\/\/www.fpz.unizg.hr\/datasciencelab\/wp-content\/uploads\/2020\/01\/sordito1-768x373.png 768w, https:\/\/www.fpz.unizg.hr\/datasciencelab\/wp-content\/uploads\/2020\/01\/sordito1-825x400.png 825w, https:\/\/www.fpz.unizg.hr\/datasciencelab\/wp-content\/uploads\/2020\/01\/sordito1.png 1222w\" sizes=\"auto, (max-width: 1024px) 100vw, 1024px\" \/><\/figure>\n\n\n\n<figure class=\"wp-block-image size-large\"><img loading=\"lazy\" decoding=\"async\" width=\"1024\" height=\"426\" src=\"https:\/\/www.fpz.unizg.hr\/datasciencelab\/wp-content\/uploads\/2020\/01\/30-2.jpg\" alt=\"\" class=\"wp-image-185\" srcset=\"https:\/\/www.fpz.unizg.hr\/datasciencelab\/wp-content\/uploads\/2020\/01\/30-2.jpg 1024w, https:\/\/www.fpz.unizg.hr\/datasciencelab\/wp-content\/uploads\/2020\/01\/30-2-300x125.jpg 300w, https:\/\/www.fpz.unizg.hr\/datasciencelab\/wp-content\/uploads\/2020\/01\/30-2-768x320.jpg 768w\" sizes=\"auto, (max-width: 1024px) 100vw, 1024px\" \/><\/figure>\n\n\n\n<h2 class=\"wp-block-heading\">Ericsson Nikola Tesla &#8211; Podatci s baznih stanica mobilne mre\u017ee (Rije\u010dko podru\u010dje)<\/h2>\n\n\n\n<p>Dostupni su podatci o putovanjima korisnika mobilne mre\u017ee na\nRje\u010dkom podru\u010dju. Podatci su anonimiziriani. I sastoje se od .csv datoteke s tabli\u010dnim\nzapisom podataka o putovanju svakog korisnika mobilne mre\u017ee kroz jedan\nkarakteristi\u010dni radni dan. Rije\u010dko podru\u010dje podijeljeno je na zone tako da svako\nputovanje je odre\u0111eno izvori\u0161nom i odredi\u0161nom zonom, trajanju putovanja,\ncestovne i zra\u010dne udaljenosti od izvori\u0161ta i odredi\u0161ta. Tako\u0111er, izvr\u0161ena je procjena\ntransportnog moda za svako putovanje.<\/p>\n\n\n\n<figure class=\"wp-block-image size-large\"><img loading=\"lazy\" decoding=\"async\" width=\"1024\" height=\"637\" src=\"https:\/\/www.fpz.unizg.hr\/datasciencelab\/wp-content\/uploads\/2023\/01\/Untitledulamakpodatcu-1024x637.jpg\" alt=\"\" class=\"wp-image-616\" srcset=\"https:\/\/www.fpz.unizg.hr\/datasciencelab\/wp-content\/uploads\/2023\/01\/Untitledulamakpodatcu-1024x637.jpg 1024w, https:\/\/www.fpz.unizg.hr\/datasciencelab\/wp-content\/uploads\/2023\/01\/Untitledulamakpodatcu-300x187.jpg 300w, https:\/\/www.fpz.unizg.hr\/datasciencelab\/wp-content\/uploads\/2023\/01\/Untitledulamakpodatcu-768x478.jpg 768w, https:\/\/www.fpz.unizg.hr\/datasciencelab\/wp-content\/uploads\/2023\/01\/Untitledulamakpodatcu.jpg 1102w\" sizes=\"auto, (max-width: 1024px) 100vw, 1024px\" \/><\/figure>\n\n\n\n<p>Podatci dodatno uklju\u010duju sirove izvorne-odredi\u0161ne matrice,\nte zbirku QGIS datoteka za georefernciranje podataka o putovanjima. Za pristup podatcima\nobratit se <a href=\"mailto:mgreguric@fpz.unizg.hr\">doc. dr. sc. Martin Greguri\u0107u.<\/a><\/p> <\/p>\n\n\n\n<figure class=\"wp-block-image size-large\"><img loading=\"lazy\" decoding=\"async\" width=\"709\" height=\"533\" src=\"https:\/\/www.fpz.unizg.hr\/datasciencelab\/wp-content\/uploads\/2023\/01\/UntitledRijeka.jpg\" alt=\"\" class=\"wp-image-615\" srcset=\"https:\/\/www.fpz.unizg.hr\/datasciencelab\/wp-content\/uploads\/2023\/01\/UntitledRijeka.jpg 709w, https:\/\/www.fpz.unizg.hr\/datasciencelab\/wp-content\/uploads\/2023\/01\/UntitledRijeka-300x226.jpg 300w\" sizes=\"auto, (max-width: 709px) 100vw, 709px\" \/><\/figure>\n\n\n\n<p><strong>Statistika podataka<\/strong><\/p>\n\n\n\n<ul class=\"wp-block-list\"><li>48 zona<sup>1<\/sup>   <\/li><li>501.624 zapisa <ul><li>Vanjske zone: 298.680<ul><li>Opatija 20% <\/li><li>Crikvenica 16%   <\/li><\/ul><\/li><\/ul><ul><li>Rijeka: 202.944 <\/li><\/ul><\/li><li>Rijeka koji nisu napustili zonu: 31.193 <\/li><li>Vanjske koji nisu napustili zonu : 92.630 <\/li><\/ul>\n","protected":false},"excerpt":{"rendered":"<p>Projekt SORDITO &#8211; GPS tragovi dostavnih vozila na razini cijele RH ustupljeni od tvrtke Mireo d.d. Mogu\u0107nost pristupa podatcima GPS tragova dostavnih vozila koja su ustupljena od strane tvrtke Mireo d.d. za potrebe projekta SORDITO. Za pristup spomenutim sirovim podatcima potrebno je dobiti odobrenje od prof. dr. sc. Ton\u010di Cari\u0107a (tcaric@fpz.unizg.hr). Dostupno je web su\u010delje (pristup preko domene fpz.hr) koje [&hellip;]<\/p>\n","protected":false},"author":1,"featured_media":0,"parent":41,"menu_order":0,"comment_status":"closed","ping_status":"closed","template":"","meta":{"footnotes":""},"class_list":["post-65","page","type-page","status-publish","hentry"],"_links":{"self":[{"href":"https:\/\/www.fpz.unizg.hr\/datasciencelab\/index.php\/wp-json\/wp\/v2\/pages\/65","targetHints":{"allow":["GET"]}}],"collection":[{"href":"https:\/\/www.fpz.unizg.hr\/datasciencelab\/index.php\/wp-json\/wp\/v2\/pages"}],"about":[{"href":"https:\/\/www.fpz.unizg.hr\/datasciencelab\/index.php\/wp-json\/wp\/v2\/types\/page"}],"author":[{"embeddable":true,"href":"https:\/\/www.fpz.unizg.hr\/datasciencelab\/index.php\/wp-json\/wp\/v2\/users\/1"}],"replies":[{"embeddable":true,"href":"https:\/\/www.fpz.unizg.hr\/datasciencelab\/index.php\/wp-json\/wp\/v2\/comments?post=65"}],"version-history":[{"count":10,"href":"https:\/\/www.fpz.unizg.hr\/datasciencelab\/index.php\/wp-json\/wp\/v2\/pages\/65\/revisions"}],"predecessor-version":[{"id":619,"href":"https:\/\/www.fpz.unizg.hr\/datasciencelab\/index.php\/wp-json\/wp\/v2\/pages\/65\/revisions\/619"}],"up":[{"embeddable":true,"href":"https:\/\/www.fpz.unizg.hr\/datasciencelab\/index.php\/wp-json\/wp\/v2\/pages\/41"}],"wp:attachment":[{"href":"https:\/\/www.fpz.unizg.hr\/datasciencelab\/index.php\/wp-json\/wp\/v2\/media?parent=65"}],"curies":[{"name":"wp","href":"https:\/\/api.w.org\/{rel}","templated":true}]}}