{"id":100806,"date":"2025-12-04T16:06:14","date_gmt":"2025-12-04T15:06:14","guid":{"rendered":"https:\/\/www.fpz.unizg.hr\/zan2\/?page_id=100806"},"modified":"2026-03-30T09:54:50","modified_gmt":"2026-03-30T07:54:50","slug":"o-nama","status":"publish","type":"page","link":"https:\/\/www.fpz.unizg.hr\/zan\/hr\/o-nama\/","title":{"rendered":"O nama"},"content":{"rendered":"\t\t<div data-elementor-type=\"wp-page\" data-elementor-id=\"100806\" class=\"elementor elementor-100806\">\n\t\t\t\t<div class=\"elementor-element elementor-element-df380e2 e-flex e-con-boxed rt-default-class e-con e-parent\" data-id=\"df380e2\" data-element_type=\"container\" data-e-type=\"container\">\n\t\t\t\t\t<div class=\"e-con-inner\">\n\t\t\t\t\t<\/div>\n\t\t\t\t<\/div>\n\t\t<div class=\"elementor-element elementor-element-cca30ca e-flex e-con-boxed rt-default-class e-con e-parent\" data-id=\"cca30ca\" data-element_type=\"container\" data-e-type=\"container\">\n\t\t\t\t\t<div class=\"e-con-inner\">\n\t\t\t\t<div class=\"elementor-element elementor-element-03c5eee rt-default-class elementor-widget elementor-widget-heading\" data-id=\"03c5eee\" data-element_type=\"widget\" data-e-type=\"widget\" data-widget_type=\"heading.default\">\n\t\t\t\t\t<h2 class=\"elementor-heading-title elementor-size-default\">O zavodu<\/h2>\t\t\t\t<\/div>\n\t\t\t\t\t<\/div>\n\t\t\t\t<\/div>\n\t\t<div class=\"elementor-element elementor-element-24f2105 e-flex e-con-boxed rt-default-class e-con e-parent\" data-id=\"24f2105\" data-element_type=\"container\" data-e-type=\"container\">\n\t\t\t\t\t<div class=\"e-con-inner\">\n\t\t\t\t<div class=\"elementor-element elementor-element-b88b5eb rt-default-class elementor-widget elementor-widget-text-editor\" data-id=\"b88b5eb\" data-element_type=\"widget\" data-e-type=\"widget\" data-widget_type=\"text-editor.default\">\n\t\t\t\t\t\t\t\t\t<p>Zavod za aeronautiku\u00a0 je ustrojstvena jedinica Fakulteta prometnih znanosti i nositelj studijskih programa aeronautike. Temeljna zada\u0107a Zavoda za aeronautiku je provedba nastavnih akivnosti te znanstvenoistra\u017eiva\u010dkog i stru\u010dnog rada u podru\u010dju aeronautike \u0161to ga \u010dini jedinstvenom organizacijom u Republici Hrvatskoj za sustavno visoko\u0161kolsko obrazovanje zrakoplovnog osoblja koje svoje zapo\u0161ljavanjeu civilnom ili vojnom sektoru na poslovima leta\u010dkih operacija, vo\u0111enja zrakoplova i upravljanja njima te kontrole i upravljanja zra\u010dnim prometom.<\/p><p>Zavod za aeronautiku osnovan je 1992. godine uspostavom studijskih programa aeronautike. Ima velik broj pridru\u017eenih \u010dlanova, odnosno vanjskih suradnika koji provode nastavu na studijima aeronautike te stru\u010dnih suradnika koji se periodi\u010dno zapo\u0161ljavaju na znanstvenoistra\u017eiva\u010dkim projektima Zavoda. Za provedbu nastavne djelatnosti Zavod ima pet katedri: Katedru za aerotehniku, Katedru za avioniku i navigaciju, Katedru za engleski zrakoplovni jezik, Katedru za vojno zrakoplovstvo i Katedru za kontrolu leta<\/p>\t\t\t\t\t\t\t\t<\/div>\n\t\t\t\t\t<\/div>\n\t\t\t\t<\/div>\n\t\t<div class=\"elementor-element elementor-element-68ec1ae e-flex e-con-boxed rt-default-class e-con e-parent\" data-id=\"68ec1ae\" data-element_type=\"container\" data-e-type=\"container\">\n\t\t\t\t\t<div class=\"e-con-inner\">\n\t\t<div class=\"elementor-element elementor-element-1529fc5 e-con-full e-flex rt-default-class e-con e-child\" data-id=\"1529fc5\" data-element_type=\"container\" data-e-type=\"container\">\n\t\t\t\t<div class=\"elementor-element elementor-element-439b0eb rt-default-class elementor-widget elementor-widget-text-editor\" data-id=\"439b0eb\" data-element_type=\"widget\" data-e-type=\"widget\" data-widget_type=\"text-editor.default\">\n\t\t\t\t\t\t\t\t\t<h6>Misija<\/h6><p>je pru\u017eati kvalitetno obrazovanje i stru\u010dno usavr\u0161avanje budu\u0107ih prvostupnika i magistara in\u017eenjera aeronautike za izazove suvremenog zrakoplovstva. Posebnu dru\u0161tvenu odgovornost Zavod ima u provedbi \u0161kolovanja studenata vojnih pilota i vojne kontrole zra\u010dnog prometa, \u0161to je od posebnoga nacionalnog interesa.<\/p><h6>Vizija\u00a0<\/h6><p>Zavoda je postati znanstveni centar izvrsnosti koji pru\u017ea vrhunsko obrazovanje, poti\u010de kreativnost i istra\u017eiva\u010dki duh u podru\u010dju aeronautike i upravljanja zra\u010dnim prometom. Suradnjom s gospodarstvom i vode\u0107im nacionalnim i europskim institucijama.<\/p>\t\t\t\t\t\t\t\t<\/div>\n\t\t\t\t<div class=\"elementor-element elementor-element-0eb4c95 rt-default-class elementor-widget elementor-widget-image\" data-id=\"0eb4c95\" data-element_type=\"widget\" data-e-type=\"widget\" data-widget_type=\"image.default\">\n\t\t\t\t\t\t\t\t\t\t\t\t\t\t\t<img fetchpriority=\"high\" decoding=\"async\" width=\"640\" height=\"408\" src=\"https:\/\/www.fpz.unizg.hr\/zan\/wp-content\/uploads\/2024\/08\/Zavodi-FPZ-26-of-113-1024x652.jpg\" class=\"attachment-large size-large wp-image-100937\" alt=\"\" srcset=\"https:\/\/www.fpz.unizg.hr\/zan\/wp-content\/uploads\/2024\/08\/Zavodi-FPZ-26-of-113-1024x652.jpg 1024w, https:\/\/www.fpz.unizg.hr\/zan\/wp-content\/uploads\/2024\/08\/Zavodi-FPZ-26-of-113-300x191.jpg 300w, https:\/\/www.fpz.unizg.hr\/zan\/wp-content\/uploads\/2024\/08\/Zavodi-FPZ-26-of-113-768x489.jpg 768w, https:\/\/www.fpz.unizg.hr\/zan\/wp-content\/uploads\/2024\/08\/Zavodi-FPZ-26-of-113-1536x978.jpg 1536w, https:\/\/www.fpz.unizg.hr\/zan\/wp-content\/uploads\/2024\/08\/Zavodi-FPZ-26-of-113-2048x1305.jpg 2048w, https:\/\/www.fpz.unizg.hr\/zan\/wp-content\/uploads\/2024\/08\/Zavodi-FPZ-26-of-113-190x120.jpg 190w\" sizes=\"(max-width: 640px) 100vw, 640px\">\t\t\t\t\t\t\t\t\t\t\t\t\t\t\t<\/div>\n\t\t\t\t<\/div>\n\t\t<div class=\"elementor-element elementor-element-3cc057c e-con-full e-flex rt-default-class e-con e-child\" data-id=\"3cc057c\" data-element_type=\"container\" data-e-type=\"container\">\n\t\t\t\t<div class=\"elementor-element elementor-element-c11010f rt-default-class elementor-widget elementor-widget-video\" data-id=\"c11010f\" data-element_type=\"widget\" data-e-type=\"widget\" data-settings='{\"youtube_url\":\"https:\\\/\\\/www.youtube.com\\\/watch?v=dTGNZlHkJqY&amp;t=10sBV4js_E\",\"video_type\":\"youtube\",\"controls\":\"yes\"}' data-widget_type=\"video.default\">\n\t\t\t\t\t\t\t<div class=\"elementor-wrapper elementor-open-inline\">\n\t\t\t<div class=\"elementor-video\"><\/div>\t\t<\/div>\n\t\t\t\t\t\t<\/div>\n\t\t\t\t<div class=\"elementor-element elementor-element-f7376bf rt-default-class elementor-widget elementor-widget-text-editor\" data-id=\"f7376bf\" data-element_type=\"widget\" data-e-type=\"widget\" data-widget_type=\"text-editor.default\">\n\t\t\t\t\t\t\t\t\t<h6 data-start=\"116\" data-end=\"147\">Katedre<\/h6><p data-start=\"149\" data-end=\"222\">Radi izvo\u0111enja nastavnih aktivnosti, Zavod je organiziran u pet katedri: Katedra za aerotehniku, Katedra za kontrolu leta, Katedra za avioniku i navigaciju, Katedra za vojno zrakoplovstvo, Katedra za engleski zrakoplovni jezik<\/p>\t\t\t\t\t\t\t\t<\/div>\n\t\t\t\t<div class=\"elementor-element elementor-element-5d24118 rt-default-class elementor-widget elementor-widget-text-editor\" data-id=\"5d24118\" data-element_type=\"widget\" data-e-type=\"widget\" data-widget_type=\"text-editor.default\">\n\t\t\t\t\t\t\t\t\t<h6 data-start=\"99\" data-end=\"114\">Laboratoriji<\/h6><p data-start=\"116\" data-end=\"255\">U svrhu potpore nastavnim, znanstveno-istra\u017eiva\u010dkim i stru\u010dnim aktivnostima unutar odjela Zavoda, na raspolaganju su sljede\u0107i laboratoriji: Laboratorij za aerodinamiku, Laboratorij za kontrolu\u00a0 zra\u010dne plovidbe, Laboratorij za ispitivanja u aerotehnici, Laboratorij za simulaciju letenja, Laboratorij za zrakoplovne emisije<\/p>\t\t\t\t\t\t\t\t<\/div>\n\t\t\t\t<\/div>\n\t\t\t\t\t<\/div>\n\t\t\t\t<\/div>\n\t\t<div class=\"elementor-element elementor-element-f8d0410 e-flex e-con-boxed rt-default-class e-con e-parent\" data-id=\"f8d0410\" data-element_type=\"container\" data-e-type=\"container\">\n\t\t\t\t\t<div class=\"e-con-inner\">\n\t\t\t\t<div class=\"elementor-element elementor-element-15edd02 rt-default-class elementor-widget elementor-widget-text-editor\" data-id=\"15edd02\" data-element_type=\"widget\" data-e-type=\"widget\" data-widget_type=\"text-editor.default\">\n\t\t\t\t\t\t\t\t\t<h6 data-start=\"173\" data-end=\"208\">Djelatnici Zavoda za aeronautiku<\/h6><p data-start=\"212\" data-end=\"261\"><a href=\"https:\/\/www.researchgate.net\/profile\/Biljana-Juricic-3\">prof. dr. sc. Biljana Juri\u010di\u0107,<\/a> predstojnica<\/p><p data-start=\"264\" data-end=\"295\"><a href=\"https:\/\/www.researchgate.net\/profile\/Doris-Novak\">prof. dr. sc. Doris Novak,<\/a> <a href=\"https:\/\/www.researchgate.net\/profile\/Anita-Domitrovic\">izv. prof. dr. sc. Anita Domitrovi\u0107<\/a>, <a href=\"https:\/\/www.researchgate.net\/profile\/Tomislav-Radisic\">izv. prof. dr. sc. Tomislav Radi\u0161i\u0107,<\/a> <a href=\"https:\/\/www.researchgate.net\/profile\/Karolina-Krajcek-Nikolic\">izv. dr. sc. Karolina Kraj\u010dek Nikoli\u0107<\/a>, <a href=\"https:\/\/www.researchgate.net\/scientific-contributions\/Jurica-Ivosevic-2138431637\">izv. prof. dr. sc. Jurica Ivo\u0161evi\u0107<\/a>, <a href=\"https:\/\/www.researchgate.net\/profile\/Petar-Andrasi-2\">doc. dr. sc. Petar Andra\u0161i,<\/a><a href=\"https:\/\/www.researchgate.net\/profile\/Bruno-Antulov-Fantulin\"> doc. dr. sc. Bruno Antulov-Fantulin<\/a>, <a href=\"https:\/\/www.researchgate.net\/profile\/David-Gerhardinger\">dr. sc. David Gerhardinger,<\/a> <a href=\"https:\/\/www.researchgate.net\/profile\/Davor-Franjkovic\">mr. sc. Davor Franjkovi\u0107<\/a>, Ivana Franceti\u0107, prof., v. pred. Sini\u0161a Prekrati\u0107, prof., pred., <a href=\"https:\/\/www.researchgate.net\/profile\/Tea-Rogosic\">Tea Jurini\u0107, univ. mag. ing. aeronaut.<\/a>, <a href=\"https:\/\/www.researchgate.net\/profile\/Ivan-Tukaric\">Ivan Tukari\u0107, univ. mag. ing. aeroing<\/a>.,<a href=\"https:\/\/www.researchgate.net\/profile\/Kristina-Samardzic-2\"> Kristina Samard\u017ei\u0107, univ. mag. ing. aeronaut.<\/a>, Patrik Ro\u017ei\u0107, univ. mag. ing. aeroing.<\/p><p data-start=\"937\" data-end=\"994\">Mirjana Kvastek, bacc. ing., voditeljica Ureda Zavoda<\/p><p data-start=\"1001\" data-end=\"1025\">Suradnici na projektu: Jurica Ba\u010dani, univ. mag. ing. comp., Kristijan Verovi\u0107, univ. mag. ing. comp., Nikolina Toma\u0161kovi\u0107, stru\u010d. spec. oec.<\/p>\t\t\t\t\t\t\t\t<\/div>\n\t\t\t\t\t<\/div>\n\t\t\t\t<\/div>\n\t\t<div class=\"elementor-element elementor-element-ddb97ec e-flex e-con-boxed rt-default-class e-con e-parent\" data-id=\"ddb97ec\" data-element_type=\"container\" data-e-type=\"container\">\n\t\t\t\t\t<div class=\"e-con-inner\">\n\t\t\t\t<div class=\"elementor-element elementor-element-8f4c73e elementor-arrows-position-inside elementor-pagination-position-outside rt-default-class elementor-widget elementor-widget-image-carousel\" data-id=\"8f4c73e\" data-element_type=\"widget\" data-e-type=\"widget\" data-settings='{\"navigation\":\"both\",\"autoplay\":\"yes\",\"pause_on_hover\":\"yes\",\"pause_on_interaction\":\"yes\",\"autoplay_speed\":5000,\"infinite\":\"yes\",\"speed\":500}' data-widget_type=\"image-carousel.default\">\n\t\t\t\t\t\t\t<div class=\"elementor-image-carousel-wrapper swiper\" role=\"region\" aria-roledescription=\"carousel\" aria-label=\"Vrtuljak slika\" dir=\"ltr\">\n\t\t\t<div class=\"elementor-image-carousel swiper-wrapper swiper-image-stretch\" aria-live=\"off\">\n\t\t\t\t\t\t\t\t<div class=\"swiper-slide\" role=\"group\" aria-roledescription=\"slide\" aria-label=\"1 od 3\"><figure class=\"swiper-slide-inner\"><img decoding=\"async\" class=\"swiper-slide-image\" src=\"https:\/\/www.fpz.unizg.hr\/zan\/wp-content\/uploads\/2025\/12\/1820296.jpeg\" alt=\"1820296\"><\/figure><\/div><div class=\"swiper-slide\" role=\"group\" aria-roledescription=\"slide\" aria-label=\"2 od 3\"><figure class=\"swiper-slide-inner\"><img decoding=\"async\" class=\"swiper-slide-image\" src=\"https:\/\/www.fpz.unizg.hr\/zan\/wp-content\/uploads\/2025\/12\/1820284.jpeg\" alt=\"1820284\"><\/figure><\/div><div class=\"swiper-slide\" role=\"group\" aria-roledescription=\"slide\" aria-label=\"3 od 3\"><figure class=\"swiper-slide-inner\"><img decoding=\"async\" class=\"swiper-slide-image\" src=\"https:\/\/www.fpz.unizg.hr\/zan\/wp-content\/uploads\/2025\/12\/1820291.jpeg\" alt=\"1820291\"><\/figure><\/div>\t\t\t<\/div>\n\t\t\t\t\t\t\t\t\t\t\t\t<div class=\"elementor-swiper-button elementor-swiper-button-prev\" role=\"button\" tabindex=\"0\">\n\t\t\t\t\t\t<svg aria-hidden=\"true\" class=\"e-font-icon-svg e-eicon-chevron-left\" viewbox=\"0 0 1000 1000\" xmlns=\"http:\/\/www.w3.org\/2000\/svg\"><path d=\"M646 125C629 125 613 133 604 142L308 442C296 454 292 471 292 487 292 504 296 521 308 533L604 854C617 867 629 875 646 875 663 875 679 871 692 858 704 846 713 829 713 812 713 796 708 779 692 767L438 487 692 225C700 217 708 204 708 187 708 171 704 154 692 142 675 129 663 125 646 125Z\"><\/path><\/svg>\t\t\t\t\t<\/div>\n\t\t\t\t\t<div class=\"elementor-swiper-button elementor-swiper-button-next\" role=\"button\" tabindex=\"0\">\n\t\t\t\t\t\t<svg aria-hidden=\"true\" class=\"e-font-icon-svg e-eicon-chevron-right\" viewbox=\"0 0 1000 1000\" xmlns=\"http:\/\/www.w3.org\/2000\/svg\"><path d=\"M696 533C708 521 713 504 713 487 713 471 708 454 696 446L400 146C388 133 375 125 354 125 338 125 325 129 313 142 300 154 292 171 292 187 292 204 296 221 308 233L563 492 304 771C292 783 288 800 288 817 288 833 296 850 308 863 321 871 338 875 354 875 371 875 388 867 400 854L696 533Z\"><\/path><\/svg>\t\t\t\t\t<\/div>\n\t\t\t\t\n\t\t\t\t\t\t\t\t\t<div class=\"swiper-pagination\"><\/div>\n\t\t\t\t\t\t\t\t\t<\/div>\n\t\t\t\t\t\t<\/div>\n\t\t\t\t\t<\/div>\n\t\t\t\t<\/div>\n\t\t<div class=\"elementor-element elementor-element-3b3084d e-flex e-con-boxed rt-default-class e-con e-parent\" data-id=\"3b3084d\" data-element_type=\"container\" data-e-type=\"container\">\n\t\t\t\t\t<div class=\"e-con-inner\">\n\t\t<div class=\"elementor-element elementor-element-3061553 e-con-full e-flex rt-default-class e-con e-child\" data-id=\"3061553\" data-element_type=\"container\" data-e-type=\"container\">\n\t\t\t\t<div class=\"elementor-element elementor-element-7982100 rt-default-class elementor-widget elementor-widget-text-editor\" data-id=\"7982100\" data-element_type=\"widget\" data-e-type=\"widget\" data-widget_type=\"text-editor.default\">\n\t\t\t\t\t\t\t\t\t<h2 data-start=\"214\" data-end=\"228\">O Fakultetu<\/h2><p data-start=\"230\" data-end=\"536\">Korijeni Fakulteta prometnih znanosti se\u017eu u 1962. godinu, kada je pokrenut studij PTT prometa. Daljnji razvoj prometne znanosti je 1965. godine osnivanjem Instituta prometnih znanosti, \u010dije su osnivanje inicirale i financijski podr\u017eale brojne tvrtke i strukovne asocijacije iz Republike Hrvatske.<\/p><p data-start=\"538\" data-end=\"899\">Visoko\u0161kolsko obrazovanje prometnih stru\u010dnjaka dodatno je oja\u010dano 1968. godine, kada je Gra\u0111evinski fakultet Sveu\u010dili\u0161ta u Zagrebu organizirao prometni studij uz interfakultetsku nastavu u kojoj su sudjelovali nastavnici vi\u0161e sastavnica Sveu\u010dili\u0161ta, uklju\u010duju\u0107i Arhitektonski, Ekonomski, Elektrotehni\u010dki, Gra\u0111evinski, Strojarsko-brodogra\u0111evni i Pravni fakultet.<\/p><p data-start=\"1146\" data-end=\"1394\">Godine 1981. osnovan je Centar prometnih znanosti, unutar kojega su djelovale dvije klju\u010dne sastavnice \u2013 Studij prometnih znanosti, usmjeren na znanstveno-nastavni rad, i Institut prometnih znanosti, fokusiran na znanstveno-istra\u017eiva\u010dku djelatnost.<\/p><p data-start=\"2462\" data-end=\"2573\">\u00a0<\/p>\t\t\t\t\t\t\t\t<\/div>\n\t\t\t\t<\/div>\n\t\t<div class=\"elementor-element elementor-element-723c80f e-con-full e-flex rt-default-class e-con e-child\" data-id=\"723c80f\" data-element_type=\"container\" data-e-type=\"container\">\n\t\t\t\t<div class=\"elementor-element elementor-element-24d4793 rt-default-class elementor-widget elementor-widget-text-editor\" data-id=\"24d4793\" data-element_type=\"widget\" data-e-type=\"widget\" data-widget_type=\"text-editor.default\">\n\t\t\t\t\t\t\t\t\t<p data-start=\"1396\" data-end=\"1650\">\u00a0<\/p><p data-start=\"1396\" data-end=\"1650\">Kao samostalna znanstveno-nastavna i znanstveno-istra\u017eiva\u010dka ustanova, Fakultet prometnih znanosti Sveu\u010dili\u0161ta u Zagrebu registriran je 10. listopada 1984. godine. Taj se datum, sukladno Statutu Fakulteta, obilje\u017eava kao Dan Fakulteta prometnih znanosti.<\/p><p data-start=\"1652\" data-end=\"1997\">Nakon osamostaljenja Republike Hrvatske Fakultet je prolazio kroz razli\u010dite razvojne faze, pri \u010demu je postupno u\u010dvrstio svoju ulogu vode\u0107e institucije u podru\u010dju prometa. Danas se Fakultet prometnih znanosti prepoznaje kao sredi\u0161nja nacionalna ustanova za razvoj znanstvene, nastavne i stru\u010dne misli u podru\u010dju tehnologije prometa i transporta.<\/p><p data-start=\"2462\" data-end=\"2573\">Za dodatne informacije o Fakultetu prometnih znanosti posjetite slu\u017ebenu mre\u017enu stranicu: <strong data-start=\"2552\" data-end=\"2572\"><a class=\"decorated-link\" href=\"http:\/\/www.fpz.unizg.hr\/\" target=\"_new\" rel=\"noopener\" data-start=\"2554\" data-end=\"2570\">www.fpz.unizg.hr<\/a><\/strong><\/p>\t\t\t\t\t\t\t\t<\/div>\n\t\t\t\t<\/div>\n\t\t\t\t\t<\/div>\n\t\t\t\t<\/div>\n\t\t\t\t<\/div>\n\t\t","protected":false},"excerpt":{"rendered":"<p>O zavodu Zavod za aeronautiku\u00a0 je ustrojstvena jedinica Fakulteta prometnih znanosti i nositelj studijskih programa aeronautike. Temeljna zada\u0107a Zavoda za aeronautiku je provedba nastavnih akivnosti te znanstvenoistra\u017eiva\u010dkog i stru\u010dnog rada u podru\u010dju aeronautike \u0161to ga \u010dini jedinstvenom organizacijom u Republici Hrvatskoj za sustavno visoko\u0161kolsko obrazovanje zrakoplovnog osoblja koje svoje zapo\u0161ljavanjeu civilnom ili vojnom sektoru na&#8230;<\/p>\n","protected":false},"author":6,"featured_media":0,"parent":0,"menu_order":0,"comment_status":"closed","ping_status":"closed","template":"elementor_header_footer","meta":{"_monsterinsights_skip_tracking":false,"_monsterinsights_sitenote_active":false,"_monsterinsights_sitenote_note":"","_monsterinsights_sitenote_category":0,"footnotes":""},"class_list":["post-100806","page","type-page","status-publish","hentry"],"aioseo_notices":[],"_links":{"self":[{"href":"https:\/\/www.fpz.unizg.hr\/zan\/wp-json\/wp\/v2\/pages\/100806","targetHints":{"allow":["GET"]}}],"collection":[{"href":"https:\/\/www.fpz.unizg.hr\/zan\/wp-json\/wp\/v2\/pages"}],"about":[{"href":"https:\/\/www.fpz.unizg.hr\/zan\/wp-json\/wp\/v2\/types\/page"}],"author":[{"embeddable":true,"href":"https:\/\/www.fpz.unizg.hr\/zan\/wp-json\/wp\/v2\/users\/6"}],"replies":[{"embeddable":true,"href":"https:\/\/www.fpz.unizg.hr\/zan\/wp-json\/wp\/v2\/comments?post=100806"}],"version-history":[{"count":43,"href":"https:\/\/www.fpz.unizg.hr\/zan\/wp-json\/wp\/v2\/pages\/100806\/revisions"}],"predecessor-version":[{"id":102869,"href":"https:\/\/www.fpz.unizg.hr\/zan\/wp-json\/wp\/v2\/pages\/100806\/revisions\/102869"}],"wp:attachment":[{"href":"https:\/\/www.fpz.unizg.hr\/zan\/wp-json\/wp\/v2\/media?parent=100806"}],"curies":[{"name":"wp","href":"https:\/\/api.w.org\/{rel}","templated":true}]}}