{"id":100827,"date":"2025-12-19T09:39:58","date_gmt":"2025-12-19T08:39:58","guid":{"rendered":"https:\/\/www.fpz.unizg.hr\/zan2\/?page_id=100827"},"modified":"2026-01-29T09:13:02","modified_gmt":"2026-01-29T08:13:02","slug":"upisi","status":"publish","type":"page","link":"https:\/\/www.fpz.unizg.hr\/zan\/hr\/upisi\/","title":{"rendered":"Upisi"},"content":{"rendered":"\t\t<div data-elementor-type=\"wp-page\" data-elementor-id=\"100827\" class=\"elementor elementor-100827\">\n\t\t\t\t<div class=\"elementor-element elementor-element-5112bf4 e-flex e-con-boxed rt-default-class e-con e-parent\" data-id=\"5112bf4\" data-element_type=\"container\" data-e-type=\"container\">\n\t\t\t\t\t<div class=\"e-con-inner\">\n\t\t<div class=\"elementor-element elementor-element-2e0bdee e-con-full e-flex rt-default-class e-con e-child\" data-id=\"2e0bdee\" data-element_type=\"container\" data-e-type=\"container\">\n\t\t\t\t<div class=\"elementor-element elementor-element-2a7ff2a rt-default-class elementor-widget elementor-widget-heading\" data-id=\"2a7ff2a\" data-element_type=\"widget\" data-e-type=\"widget\" data-widget_type=\"heading.default\">\n\t\t\t\t\t<h4 class=\"elementor-heading-title elementor-size-default\">Prijava za prvu godinu studija<\/h4>\t\t\t\t<\/div>\n\t\t\t\t<\/div>\n\t\t\t\t\t<\/div>\n\t\t\t\t<\/div>\n\t\t<div class=\"elementor-element elementor-element-323062f e-flex e-con-boxed rt-default-class e-con e-parent\" data-id=\"323062f\" data-element_type=\"container\" data-e-type=\"container\">\n\t\t\t\t\t<div class=\"e-con-inner\">\n\t\t<div class=\"elementor-element elementor-element-182167a e-con-full e-flex rt-default-class e-con e-child\" data-id=\"182167a\" data-element_type=\"container\" data-e-type=\"container\">\n\t\t<div class=\"elementor-element elementor-element-c7909bd e-con-full e-flex rt-default-class e-con e-child\" data-id=\"c7909bd\" data-element_type=\"container\" data-e-type=\"container\">\n\t\t<div class=\"elementor-element elementor-element-1333799 e-con-full e-flex rt-default-class e-con e-child\" data-id=\"1333799\" data-element_type=\"container\" data-e-type=\"container\">\n\t\t\t\t<div class=\"elementor-element elementor-element-61c3836 rt-default-class elementor-widget elementor-widget-rt-react-image\" data-id=\"61c3836\" data-element_type=\"widget\" data-e-type=\"widget\" data-widget_type=\"rt-react-image.default\">\n\t\t\t\t<div class=\"elementor-widget-container\">\n\t\t\t\t\t                    <div data-jarallax class=\"react-jarallax-img jarallax react-image\">\n                                    <img decoding=\"async\" class=\"jarallax-img \" src=\"https:\/\/themewant.com\/products\/wordpress\/unipix\/wp-content\/uploads\/2024\/08\/img-28.webp\">\n                            <\/div>\n                   \n    \t\t\t\t<\/div>\n\t\t\t\t<\/div>\n\t\t\t\t<\/div>\n\t\t\t\t<\/div>\n\t\t\t\t<\/div>\n\t\t\t\t\t<\/div>\n\t\t\t\t<\/div>\n\t\t<div class=\"elementor-element elementor-element-aff3674 e-flex e-con-boxed rt-default-class e-con e-parent\" data-id=\"aff3674\" data-element_type=\"container\" data-e-type=\"container\">\n\t\t\t\t\t<div class=\"e-con-inner\">\n\t\t<div class=\"elementor-element elementor-element-2baee35 e-con-full e-flex rt-default-class e-con e-child\" data-id=\"2baee35\" data-element_type=\"container\" data-e-type=\"container\">\n\t\t\t\t<div class=\"elementor-element elementor-element-85429a0 rt-default-class elementor-widget elementor-widget-heading\" data-id=\"85429a0\" data-element_type=\"widget\" data-e-type=\"widget\" data-widget_type=\"heading.default\">\n\t\t\t\t\t<h3 class=\"elementor-heading-title elementor-size-default\">Uvjeti upisa i rokovi<\/h3>\t\t\t\t<\/div>\n\t\t\t\t<\/div>\n\t\t<div class=\"elementor-element elementor-element-7dc4c5a e-con-full e-flex rt-default-class e-con e-child\" data-id=\"7dc4c5a\" data-element_type=\"container\" data-e-type=\"container\">\n\t\t<div class=\"elementor-element elementor-element-939532d e-con-full e-flex rt-default-class e-con e-child\" data-id=\"939532d\" data-element_type=\"container\" data-e-type=\"container\">\n\t\t<div class=\"elementor-element elementor-element-349343b e-con-full e-flex rt-default-class e-con e-child\" data-id=\"349343b\" data-element_type=\"container\" data-e-type=\"container\">\n\t\t\t\t<div class=\"elementor-element elementor-element-4d07e42 elementor-icon-list--layout-traditional elementor-list-item-link-full_width rt-default-class elementor-widget elementor-widget-icon-list\" data-id=\"4d07e42\" data-element_type=\"widget\" data-e-type=\"widget\" data-widget_type=\"icon-list.default\">\n\t\t\t\t\t\t\t<ul class=\"elementor-icon-list-items\">\n\t\t\t\t\t\t\t<li class=\"elementor-icon-list-item\">\n\t\t\t\t\t\t\t\t\t\t\t<span class=\"elementor-icon-list-icon\">\n\t\t\t\t\t\t\t<i aria-hidden=\"true\" class=\"rt rt-check\"><\/i>\t\t\t\t\t\t<\/span>\n\t\t\t\t\t\t\t\t\t\t<span class=\"elementor-icon-list-text\">Polo\u017eena dr\u017eavna matura<\/span>\n\t\t\t\t\t\t\t\t\t<\/li>\n\t\t\t\t\t\t\t\t<li class=\"elementor-icon-list-item\">\n\t\t\t\t\t\t\t\t\t\t\t<span class=\"elementor-icon-list-icon\">\n\t\t\t\t\t\t\t<i aria-hidden=\"true\" class=\"rt rt-check\"><\/i>\t\t\t\t\t\t<\/span>\n\t\t\t\t\t\t\t\t\t\t<span class=\"elementor-icon-list-text\">Svjedod\u017ebe o zavr\u0161enom \u0161kolovanju (na uvid) + kopiju svjedod\u017ebe (ostaje na Fakultetu; ne treba ovjeravati).<\/span>\n\t\t\t\t\t\t\t\t\t<\/li>\n\t\t\t\t\t\t\t\t<li class=\"elementor-icon-list-item\">\n\t\t\t\t\t\t\t\t\t\t\t<span class=\"elementor-icon-list-icon\">\n\t\t\t\t\t\t\t<i aria-hidden=\"true\" class=\"rt rt-check\"><\/i>\t\t\t\t\t\t<\/span>\n\t\t\t\t\t\t\t\t\t\t<span class=\"elementor-icon-list-text\">Rodni list (neovjerena fotokopija uz original na uvid)<\/span>\n\t\t\t\t\t\t\t\t\t<\/li>\n\t\t\t\t\t\t\t\t<li class=\"elementor-icon-list-item\">\n\t\t\t\t\t\t\t\t\t\t\t<span class=\"elementor-icon-list-icon\">\n\t\t\t\t\t\t\t<i aria-hidden=\"true\" class=\"rt rt-check\"><\/i>\t\t\t\t\t\t<\/span>\n\t\t\t\t\t\t\t\t\t\t<span class=\"elementor-icon-list-text\">Domovnicu (neovjerena fotokopija uz original na uvid)<\/span>\n\t\t\t\t\t\t\t\t\t<\/li>\n\t\t\t\t\t\t\t\t<li class=\"elementor-icon-list-item\">\n\t\t\t\t\t\t\t\t\t\t\t<span class=\"elementor-icon-list-icon\">\n\t\t\t\t\t\t\t<i aria-hidden=\"true\" class=\"rt rt-check\"><\/i>\t\t\t\t\t\t<\/span>\n\t\t\t\t\t\t\t\t\t\t<span class=\"elementor-icon-list-text\">Fotografija 4x6 cm (zalijepljena na  upisni list)<\/span>\n\t\t\t\t\t\t\t\t\t<\/li>\n\t\t\t\t\t\t\t\t<li class=\"elementor-icon-list-item\">\n\t\t\t\t\t\t\t\t\t\t\t<a href=\"https:\/\/www.fpz.unizg.hr\/file\/ff033d33124177c2b1061672e90fda50.pdf\">\n\n\t\t\t\t\t\t\t\t\t\t\t\t<span class=\"elementor-icon-list-icon\">\n\t\t\t\t\t\t\t<i aria-hidden=\"true\" class=\"rt rt-check\"><\/i>\t\t\t\t\t\t<\/span>\n\t\t\t\t\t\t\t\t\t\t<span class=\"elementor-icon-list-text\">Potvrdu o uplati tro\u0161kova upisnine u iznosu od 60 \u20ac<\/span>\n\t\t\t\t\t\t\t\t\t\t\t<\/a>\n\t\t\t\t\t\t\t\t\t<\/li>\n\t\t\t\t\t\t<\/ul>\n\t\t\t\t\t\t<\/div>\n\t\t\t\t<div class=\"elementor-element elementor-element-43426a1 elementor-icon-list--layout-traditional elementor-list-item-link-full_width rt-default-class elementor-widget elementor-widget-icon-list\" data-id=\"43426a1\" data-element_type=\"widget\" data-e-type=\"widget\" data-widget_type=\"icon-list.default\">\n\t\t\t\t\t\t\t<ul class=\"elementor-icon-list-items\">\n\t\t\t\t\t\t\t<li class=\"elementor-icon-list-item\">\n\t\t\t\t\t\t\t\t\t\t\t<span class=\"elementor-icon-list-icon\">\n\t\t\t\t\t\t\t<i aria-hidden=\"true\" class=\"rt rt-check\"><\/i>\t\t\t\t\t\t<\/span>\n\t\t\t\t\t\t\t\t\t\t<span class=\"elementor-icon-list-text\">Presliku osobne iskaznice \u2013 obje strane (kandidati \u010dije je prebivali\u0161te u Gradu Zagrebu ili Zagreba\u010dkoj \u017eupaniji)<\/span>\n\t\t\t\t\t\t\t\t\t<\/li>\n\t\t\t\t\t\t\t\t<li class=\"elementor-icon-list-item\">\n\t\t\t\t\t\t\t\t\t\t\t<span class=\"elementor-icon-list-icon\">\n\t\t\t\t\t\t\t<i aria-hidden=\"true\" class=\"rt rt-check\"><\/i>\t\t\t\t\t\t<\/span>\n\t\t\t\t\t\t\t\t\t\t<span class=\"elementor-icon-list-text\">Potvrdu o prebivali\u0161tu (kandidati \u010dije je prebivali\u0161te izvan Grada Zagreba i Zagreba\u010dke \u017eupanije)<\/span>\n\t\t\t\t\t\t\t\t\t<\/li>\n\t\t\t\t\t\t\t\t<li class=\"elementor-icon-list-item\">\n\t\t\t\t\t\t\t\t\t\t\t<a href=\"https:\/\/www.fpz.unizg.hr\/file\/937e082d435f5fb4e63aa387b6feb128.pdf%20\">\n\n\t\t\t\t\t\t\t\t\t\t\t\t<span class=\"elementor-icon-list-icon\">\n\t\t\t\t\t\t\t<i aria-hidden=\"true\" class=\"rt rt-check\"><\/i>\t\t\t\t\t\t<\/span>\n\t\t\t\t\t\t\t\t\t\t<span class=\"elementor-icon-list-text\">Ispunjen i potpisan obrazac PRIVOLA <\/span>\n\t\t\t\t\t\t\t\t\t\t\t<\/a>\n\t\t\t\t\t\t\t\t\t<\/li>\n\t\t\t\t\t\t\t\t<li class=\"elementor-icon-list-item\">\n\t\t\t\t\t\t\t\t\t\t\t<span class=\"elementor-icon-list-icon\">\n\t\t\t\t\t\t\t<i aria-hidden=\"true\" class=\"rt rt-check\"><\/i>\t\t\t\t\t\t<\/span>\n\t\t\t\t\t\t\t\t\t\t<span class=\"elementor-icon-list-text\">Eliminacijski kriterij: ispunjeni zdravstveni (medicinski) uvjeti za civilnu kontrolu zra\u010dnog prometa i civilnog pilota \u2013 obavljen lije\u010dni\u010dki pregled u ovla\u0161tenom aeromedicinskom centru (AeMC)<\/span>\n\t\t\t\t\t\t\t\t\t<\/li>\n\t\t\t\t\t\t\t\t<li class=\"elementor-icon-list-item\">\n\t\t\t\t\t\t\t\t\t\t\t<a href=\"https:\/\/vojnipilot.hr\/\">\n\n\t\t\t\t\t\t\t\t\t\t\t\t<span class=\"elementor-icon-list-icon\">\n\t\t\t\t\t\t\t<i aria-hidden=\"true\" class=\"rt rt-check\"><\/i>\t\t\t\t\t\t<\/span>\n\t\t\t\t\t\t\t\t\t\t<span class=\"elementor-icon-list-text\">Eliminacijski kriterij za vojnu kontrolu zra\u010dnog prometa i vojnog pilota \u2013 ispunjeni uvjeti javnog natje\u010daja za prijam u kadetsku slu\u017ebu, koji je objavilo Ministarstvo obrane (MORH)<\/span>\n\t\t\t\t\t\t\t\t\t\t\t<\/a>\n\t\t\t\t\t\t\t\t\t<\/li>\n\t\t\t\t\t\t\t\t<li class=\"elementor-icon-list-item\">\n\t\t\t\t\t\t\t\t\t\t\t<a href=\"https:\/\/www.fpz.unizg.hr\/file\/902170fd38b2a3c1714ff3d99268a0cb.docm%20\">\n\n\t\t\t\t\t\t\t\t\t\t\t\t<span class=\"elementor-icon-list-icon\">\n\t\t\t\t\t\t\t<i aria-hidden=\"true\" class=\"rt rt-check\"><\/i>\t\t\t\t\t\t<\/span>\n\t\t\t\t\t\t\t\t\t\t<span class=\"elementor-icon-list-text\">Ispunjen i ispisan UPISNI LIST <\/span>\n\t\t\t\t\t\t\t\t\t\t\t<\/a>\n\t\t\t\t\t\t\t\t\t<\/li>\n\t\t\t\t\t\t<\/ul>\n\t\t\t\t\t\t<\/div>\n\t\t\t\t<\/div>\n\t\t\t\t<\/div>\n\t\t\t\t<\/div>\n\t\t\t\t\t<\/div>\n\t\t\t\t<\/div>\n\t\t<div class=\"elementor-element elementor-element-de8976b e-flex e-con-boxed rt-default-class e-con e-parent\" data-id=\"de8976b\" data-element_type=\"container\" data-e-type=\"container\">\n\t\t\t\t\t<div class=\"e-con-inner\">\n\t\t<div class=\"elementor-element elementor-element-5d56814 e-con-full e-flex rt-default-class e-con e-child\" data-id=\"5d56814\" data-element_type=\"container\" data-e-type=\"container\">\n\t\t\t\t<div class=\"elementor-element elementor-element-649cddc rt-default-class elementor-widget elementor-widget-heading\" data-id=\"649cddc\" data-element_type=\"widget\" data-e-type=\"widget\" data-widget_type=\"heading.default\">\n\t\t\t\t\t<h3 class=\"elementor-heading-title elementor-size-default\">Prijava na prvu godinu studija<\/h3>\t\t\t\t<\/div>\n\t\t\t\t<\/div>\n\t\t<div class=\"elementor-element elementor-element-d90b07c e-con-full e-flex rt-default-class e-con e-child\" data-id=\"d90b07c\" data-element_type=\"container\" data-e-type=\"container\">\n\t\t<div class=\"elementor-element elementor-element-0bf9b20 e-con-full e-flex rt-default-class e-con e-child\" data-id=\"0bf9b20\" data-element_type=\"container\" data-e-type=\"container\">\n\t\t\t\t<div class=\"elementor-element elementor-element-581aa1f elementor-widget__width-inherit rt-primary-color elementor-widget elementor-widget-heading\" data-id=\"581aa1f\" data-element_type=\"widget\" data-e-type=\"widget\" data-widget_type=\"heading.default\">\n\t\t\t\t\t<span class=\"elementor-heading-title elementor-size-default\">Doga\u0111aj<\/span>\t\t\t\t<\/div>\n\t\t\t\t<div class=\"elementor-element elementor-element-58f4cf4 rt-default-class elementor-widget elementor-widget-heading\" data-id=\"58f4cf4\" data-element_type=\"widget\" data-e-type=\"widget\" data-widget_type=\"heading.default\">\n\t\t\t\t\t<p class=\"elementor-heading-title elementor-size-default\">Prijava za dr\u017eavnu maturu<\/p>\t\t\t\t<\/div>\n\t\t\t\t<div class=\"elementor-element elementor-element-64b9197 rt-default-class elementor-widget elementor-widget-heading\" data-id=\"64b9197\" data-element_type=\"widget\" data-e-type=\"widget\" data-widget_type=\"heading.default\">\n\t\t\t\t\t<p class=\"elementor-heading-title elementor-size-default\">Prvi ispitni rok<\/p>\t\t\t\t<\/div>\n\t\t\t\t<div class=\"elementor-element elementor-element-6a792e1 rt-default-class elementor-widget elementor-widget-heading\" data-id=\"6a792e1\" data-element_type=\"widget\" data-e-type=\"widget\" data-widget_type=\"heading.default\">\n\t\t\t\t\t<p class=\"elementor-heading-title elementor-size-default\">Rezultati<\/p>\t\t\t\t<\/div>\n\t\t\t\t<\/div>\n\t\t<div class=\"elementor-element elementor-element-d7d0845 e-con-full e-flex rt-default-class e-con e-child\" data-id=\"d7d0845\" data-element_type=\"container\" data-e-type=\"container\">\n\t\t\t\t<div class=\"elementor-element elementor-element-80d4da1 elementor-widget__width-inherit rt-primary-color elementor-widget elementor-widget-heading\" data-id=\"80d4da1\" data-element_type=\"widget\" data-e-type=\"widget\" data-widget_type=\"heading.default\">\n\t\t\t\t\t<span class=\"elementor-heading-title elementor-size-default\">Razdoblje<\/span>\t\t\t\t<\/div>\n\t\t\t\t<div class=\"elementor-element elementor-element-9fb2419 rt-default-class elementor-widget elementor-widget-heading\" data-id=\"9fb2419\" data-element_type=\"widget\" data-e-type=\"widget\" data-widget_type=\"heading.default\">\n\t\t\t\t\t<p class=\"elementor-heading-title elementor-size-default\">prosinac \u2013 velja\u010da<\/p>\t\t\t\t<\/div>\n\t\t\t\t<div class=\"elementor-element elementor-element-54b9eec rt-default-class elementor-widget elementor-widget-heading\" data-id=\"54b9eec\" data-element_type=\"widget\" data-e-type=\"widget\" data-widget_type=\"heading.default\">\n\t\t\t\t\t<p class=\"elementor-heading-title elementor-size-default\">lipanj<\/p>\t\t\t\t<\/div>\n\t\t\t\t<div class=\"elementor-element elementor-element-0e8cc52 rt-default-class elementor-widget elementor-widget-heading\" data-id=\"0e8cc52\" data-element_type=\"widget\" data-e-type=\"widget\" data-widget_type=\"heading.default\">\n\t\t\t\t\t<p class=\"elementor-heading-title elementor-size-default\">srpanj<\/p>\t\t\t\t<\/div>\n\t\t\t\t<\/div>\n\t\t<div class=\"elementor-element elementor-element-4c39872 e-con-full e-flex rt-default-class e-con e-child\" data-id=\"4c39872\" data-element_type=\"container\" data-e-type=\"container\">\n\t\t\t\t<div class=\"elementor-element elementor-element-237e3de elementor-widget__width-inherit rt-primary-color elementor-widget elementor-widget-heading\" data-id=\"237e3de\" data-element_type=\"widget\" data-e-type=\"widget\" data-widget_type=\"heading.default\">\n\t\t\t\t\t<span class=\"elementor-heading-title elementor-size-default\">Postupak selekcije<\/span>\t\t\t\t<\/div>\n\t\t\t\t<div class=\"elementor-element elementor-element-46631c5 rt-default-class elementor-widget elementor-widget-heading\" data-id=\"46631c5\" data-element_type=\"widget\" data-e-type=\"widget\" data-widget_type=\"heading.default\">\n\t\t\t\t\t<p class=\"elementor-heading-title elementor-size-default\">\n<\/p>\t\t\t\t<\/div>\n\t\t\t\t<div class=\"elementor-element elementor-element-6488f20 rt-default-class elementor-widget elementor-widget-heading\" data-id=\"6488f20\" data-element_type=\"widget\" data-e-type=\"widget\" data-widget_type=\"heading.default\">\n\t\t\t\t\t<p class=\"elementor-heading-title elementor-size-default\">Zdravstveni pregled MORH-a (svibanj \u2013 lipanj)\nTest tjelesne spremnosti (svibanj \u2013 lipanj)<\/p>\t\t\t\t<\/div>\n\t\t\t\t<\/div>\n\t\t\t\t<\/div>\n\t\t<div class=\"elementor-element elementor-element-effaee8 e-con-full e-flex rt-default-class e-con e-child\" data-id=\"effaee8\" data-element_type=\"container\" data-e-type=\"container\">\n\t\t\t\t<div class=\"elementor-element elementor-element-bb9cdf9 rt-default-class elementor-widget elementor-widget-text-editor\" data-id=\"bb9cdf9\" data-element_type=\"widget\" data-e-type=\"widget\" data-widget_type=\"text-editor.default\">\n\t\t\t\t\t\t\t\t\t<p data-start=\"543\" data-end=\"723\">Sve informacije vezane uz <strong data-start=\"569\" data-end=\"587\">dr\u017eavnu maturu<\/strong> dostupne su na mre\u017enoj stranici <a href=\"https:\/\/www.postani-student.hr\/Ucilista\/Default.aspx\"><strong data-start=\"620\" data-end=\"639\">Postani student<\/strong><\/a> te na mre\u017enim stranicama <a href=\"https:\/\/www.ncvvo.hr\/\"><strong data-start=\"665\" data-end=\"722\">Nacionalnog centra za vanjsko vrednovanje obrazovanja<\/strong>. <\/a>Nakon polaganja dr\u017eavne mature, sve informacije vezane uz <strong data-start=\"783\" data-end=\"792\">upise<\/strong> dostupne su na <strong data-start=\"808\" data-end=\"891\">slu\u017ebenim mre\u017enim stranicama <a href=\"https:\/\/www.fpz.unizg.hr\/hr\/naslovna\/novosti\">Fakulteta prometnih znanosti Sveu\u010dili\u0161ta u Zagrebu<\/a><\/strong>, u rubrici <strong data-start=\"903\" data-end=\"914\">Novosti<\/strong>.<\/p>\t\t\t\t\t\t\t\t<\/div>\n\t\t\t\t<\/div>\n\t\t\t\t\t<\/div>\n\t\t\t\t<\/div>\n\t\t\t\t<\/div>\n\t\t","protected":false},"excerpt":{"rendered":"<p>Prijava za prvu godinu studija Uvjeti upisa i rokovi Polo\u017eena dr\u017eavna matura Svjedod\u017ebe o zavr\u0161enom \u0161kolovanju (na uvid) + kopiju svjedod\u017ebe (ostaje na Fakultetu; ne treba ovjeravati). Rodni list (neovjerena fotokopija uz original na uvid) Domovnicu (neovjerena fotokopija uz original na uvid) Fotografija 4\u00d76 cm (zalijepljena na upisni list) Potvrdu o uplati tro\u0161kova upisnine u&#8230;<\/p>\n","protected":false},"author":6,"featured_media":0,"parent":0,"menu_order":0,"comment_status":"closed","ping_status":"closed","template":"elementor_header_footer","meta":{"footnotes":""},"class_list":["post-100827","page","type-page","status-publish","hentry"],"aioseo_notices":[],"_links":{"self":[{"href":"https:\/\/www.fpz.unizg.hr\/zan\/wp-json\/wp\/v2\/pages\/100827","targetHints":{"allow":["GET"]}}],"collection":[{"href":"https:\/\/www.fpz.unizg.hr\/zan\/wp-json\/wp\/v2\/pages"}],"about":[{"href":"https:\/\/www.fpz.unizg.hr\/zan\/wp-json\/wp\/v2\/types\/page"}],"author":[{"embeddable":true,"href":"https:\/\/www.fpz.unizg.hr\/zan\/wp-json\/wp\/v2\/users\/6"}],"replies":[{"embeddable":true,"href":"https:\/\/www.fpz.unizg.hr\/zan\/wp-json\/wp\/v2\/comments?post=100827"}],"version-history":[{"count":15,"href":"https:\/\/www.fpz.unizg.hr\/zan\/wp-json\/wp\/v2\/pages\/100827\/revisions"}],"predecessor-version":[{"id":102548,"href":"https:\/\/www.fpz.unizg.hr\/zan\/wp-json\/wp\/v2\/pages\/100827\/revisions\/102548"}],"wp:attachment":[{"href":"https:\/\/www.fpz.unizg.hr\/zan\/wp-json\/wp\/v2\/media?parent=100827"}],"curies":[{"name":"wp","href":"https:\/\/api.w.org\/{rel}","templated":true}]}}