{"id":100908,"date":"2025-12-17T08:28:37","date_gmt":"2025-12-17T07:28:37","guid":{"rendered":"https:\/\/www.fpz.unizg.hr\/zan2\/?page_id=100908"},"modified":"2026-01-29T11:27:37","modified_gmt":"2026-01-29T10:27:37","slug":"kontakt","status":"publish","type":"page","link":"https:\/\/www.fpz.unizg.hr\/zan\/hr\/kontakt\/","title":{"rendered":"Kontakt"},"content":{"rendered":"\t\t<div data-elementor-type=\"wp-page\" data-elementor-id=\"100908\" class=\"elementor elementor-100908\">\n\t\t\t\t<div class=\"elementor-element elementor-element-e9efe07 e-flex e-con-boxed rt-default-class e-con e-parent\" data-id=\"e9efe07\" data-element_type=\"container\" data-e-type=\"container\">\n\t\t\t\t\t<div class=\"e-con-inner\">\n\t\t<div class=\"elementor-element elementor-element-034313c e-con-full e-flex rt-default-class e-con e-child\" data-id=\"034313c\" data-element_type=\"container\" data-e-type=\"container\">\n\t\t<div class=\"elementor-element elementor-element-435dd69 e-con-full e-flex rt-default-class e-con e-child\" data-id=\"435dd69\" data-element_type=\"container\" data-e-type=\"container\">\n\t\t\t\t<div class=\"elementor-element elementor-element-0c278e9 rt-default-class elementor-widget elementor-widget-heading\" data-id=\"0c278e9\" data-element_type=\"widget\" data-e-type=\"widget\" data-widget_type=\"heading.default\">\n\t\t\t\t\t<h4 class=\"elementor-heading-title elementor-size-default\">Kontakt informacije<\/h4>\t\t\t\t<\/div>\n\t\t\t\t<\/div>\n\t\t\t\t<\/div>\n\t\t<div class=\"elementor-element elementor-element-aa99c50 e-con-full e-flex rt-default-class e-con e-child\" data-id=\"aa99c50\" data-element_type=\"container\" data-e-type=\"container\">\n\t\t<div class=\"elementor-element elementor-element-c27f9e9 e-con-full e-flex rt-default-class e-con e-child\" data-id=\"c27f9e9\" data-element_type=\"container\" data-e-type=\"container\">\n\t\t\t\t<div class=\"elementor-element elementor-element-31e328b rt-default-class elementor-widget elementor-widget-google_maps\" data-id=\"31e328b\" data-element_type=\"widget\" data-e-type=\"widget\" data-widget_type=\"google_maps.default\">\n\t\t\t\t\t\t\t<div class=\"elementor-custom-embed\">\n\t\t\t<iframe loading=\"lazy\" src=\"https:\/\/maps.google.com\/maps?q=%20Borongajska%20cesta%2083f%2C%2010000%2C%20Zagreb&amp;t=m&amp;z=18&amp;output=embed&amp;iwloc=near\" title=\" Borongajska cesta 83f, 10000, Zagreb\" aria-label=\" Borongajska cesta 83f, 10000, Zagreb\"><\/iframe>\n\t\t<\/div>\n\t\t\t\t\t\t<\/div>\n\t\t\t\t<\/div>\n\t\t<div class=\"elementor-element elementor-element-bf0cfad e-con-full e-flex rt-default-class e-con e-child\" data-id=\"bf0cfad\" data-element_type=\"container\" data-e-type=\"container\">\n\t\t\t\t<div class=\"elementor-element elementor-element-201310b rt-default-class elementor-widget elementor-widget-heading\" data-id=\"201310b\" data-element_type=\"widget\" data-e-type=\"widget\" data-widget_type=\"heading.default\">\n\t\t\t\t\t<h6 class=\"elementor-heading-title elementor-size-default\">Za sve upite molimo da nas kontaktirate putem donjeg obrasca.<\/h6>\t\t\t\t<\/div>\n\t\t<div class=\"elementor-element elementor-element-ed3d4ae e-con-full e-flex rt-default-class e-con e-child\" data-id=\"ed3d4ae\" data-element_type=\"container\" data-e-type=\"container\">\n\t\t\t\t<div class=\"elementor-element elementor-element-0933481 rt-default-class elementor-widget elementor-widget-shortcode\" data-id=\"0933481\" data-element_type=\"widget\" data-e-type=\"widget\" data-widget_type=\"shortcode.default\">\n\t\t\t\t\t\t\t<div class=\"elementor-shortcode\"><div class=\"forminator-ui forminator-custom-form forminator-custom-form-102549 forminator-design--default  forminator_ajax\" data-forminator-render=\"0\" data-form=\"forminator-module-102549\" data-uid=\"69e6b625e2148\"><br><\/div><form id=\"forminator-module-102549\" class=\"forminator-ui forminator-custom-form forminator-custom-form-102549 forminator-design--default  forminator_ajax\" method=\"post\" data-forminator-render=\"0\" data-form-id=\"102549\" data-color-option=\"theme\" data-design=\"default\" data-grid=\"open\" style=\"display: none;\" data-uid=\"69e6b625e2148\"><div role=\"alert\" aria-live=\"polite\" class=\"forminator-response-message forminator-error\" aria-hidden=\"true\"><\/div><div class=\"forminator-row\"><div id=\"name-1\" class=\"forminator-field-name forminator-col forminator-col-12 \"><div class=\"forminator-field\"><label for=\"forminator-field-name-1_69e6b625e2148\" id=\"forminator-field-name-1_69e6b625e2148-label\" class=\"forminator-label\">First Name <span class=\"forminator-required\">*<\/span><\/label><input type=\"text\" name=\"name-1\" value=\"\" placeholder=\"\" id=\"forminator-field-name-1_69e6b625e2148\" class=\"forminator-input forminator-name--field\" aria-required=\"true\" autocomplete=\"name\"><\/div><\/div><\/div><div class=\"forminator-row\"><div id=\"email-1\" class=\"forminator-field-email forminator-col forminator-col-12 \"><div class=\"forminator-field\"><label for=\"forminator-field-email-1_69e6b625e2148\" id=\"forminator-field-email-1_69e6b625e2148-label\" class=\"forminator-label\">Email Address <span class=\"forminator-required\">*<\/span><\/label><input type=\"email\" name=\"email-1\" value=\"\" placeholder=\"\" id=\"forminator-field-email-1_69e6b625e2148\" class=\"forminator-input forminator-email--field\" data-required=\"true\" aria-required=\"true\" autocomplete=\"email\"><\/div><\/div><\/div><div class=\"forminator-row\"><div id=\"phone-1\" class=\"forminator-field-phone forminator-col forminator-col-12 \"><div class=\"forminator-field\"><label for=\"forminator-field-phone-1_69e6b625e2148\" id=\"forminator-field-phone-1_69e6b625e2148-label\" class=\"forminator-label\">Phone Number<\/label><input type=\"text\" name=\"phone-1\" value=\"\" placeholder=\"\" id=\"forminator-field-phone-1_69e6b625e2148\" class=\"forminator-input forminator-field--phone\" data-required=\"\" aria-required=\"false\" autocomplete=\"off\"><\/div><\/div><\/div><div class=\"forminator-row\"><div id=\"textarea-1\" class=\"forminator-field-textarea forminator-col forminator-col-12 \"><div class=\"forminator-field\"><label for=\"forminator-field-textarea-1_69e6b625e2148\" id=\"forminator-field-textarea-1_69e6b625e2148-label\" class=\"forminator-label\">Message<\/label><span id=\"forminator-field-textarea-1_69e6b625e2148-description\" class=\"forminator-description\"><span data-limit=\"180\" data-type=\"characters\" data-editor=\"\">0 \/ 180<\/span><\/span><textarea name=\"textarea-1\" placeholder=\"\" id=\"forminator-field-textarea-1_69e6b625e2148\" class=\"forminator-textarea\" rows=\"6\" style=\"min-height:140px;\" maxlength=\"180\"><\/textarea><\/div><\/div><\/div><input type=\"hidden\" name=\"referer_url\" value=\"\"><div class=\"forminator-row forminator-row-last\"><div class=\"forminator-col\"><div class=\"forminator-field\"><button class=\"forminator-button forminator-button-submit\">Submit<\/button><\/div><\/div><\/div><input type=\"hidden\" id=\"forminator_nonce\" name=\"forminator_nonce\" value=\"614bc91cf6\"><input type=\"hidden\" name=\"_wp_http_referer\" value=\"\/zan\/wp-json\/wp\/v2\/pages\/100908\"><input type=\"hidden\" name=\"form_id\" value=\"102549\"><input type=\"hidden\" name=\"page_id\" value=\"100908\"><input type=\"hidden\" name=\"form_type\" value=\"default\"><input type=\"hidden\" name=\"current_url\" value=\"https:\/\/www.fpz.unizg.hr\/zan\/hr\/kontakt\/\"><input type=\"hidden\" name=\"render_id\" value=\"0\"><input type=\"hidden\" name=\"action\" value=\"forminator_submit_form_custom-forms\"><\/form><\/div>\n\t\t\t\t\t\t<\/div>\n\t\t\t\t<\/div>\n\t\t\t\t<\/div>\n\t\t\t\t<\/div>\n\t\t<div class=\"elementor-element elementor-element-f5966ef e-con-full e-flex rt-default-class e-con e-child\" data-id=\"f5966ef\" data-element_type=\"container\" data-e-type=\"container\">\n\t\t\t\t<div class=\"elementor-element elementor-element-5decbef rt-default-class elementor-widget elementor-widget-heading\" data-id=\"5decbef\" data-element_type=\"widget\" data-e-type=\"widget\" data-widget_type=\"heading.default\">\n\t\t\t\t\t<h4 class=\"elementor-heading-title elementor-size-default\">Dodatne lokacije<\/h4>\t\t\t\t<\/div>\n\t\t\t\t<\/div>\n\t\t<div class=\"elementor-element elementor-element-3656e31 e-con-full e-flex rt-default-class e-con e-child\" data-id=\"3656e31\" data-element_type=\"container\" data-e-type=\"container\">\n\t\t<div class=\"elementor-element elementor-element-50a8030 e-con-full e-flex rt-default-class e-con e-child\" data-id=\"50a8030\" data-element_type=\"container\" data-e-type=\"container\">\n\t\t\t\t<div class=\"elementor-element elementor-element-dab5477 rt-default-class elementor-widget elementor-widget-text-editor\" data-id=\"dab5477\" data-element_type=\"widget\" data-e-type=\"widget\" data-widget_type=\"text-editor.default\">\n\t\t\t\t\t\t\t\t\t<h6>Hrvatski zrakoplovni trening centar (HZNS)<\/h6><h6><span style=\"color: #000000; font-family: Inter, sans-serif; font-size: 16px;\">Je\u017edove\u010dka 17, 10250 Lu\u010dko,<\/span><\/h6><p>tel: +385 1 6560 219, hzns@fpz.hr\u00a0<\/p>\t\t\t\t\t\t\t\t<\/div>\n\t\t\t\t<\/div>\n\t\t<div class=\"elementor-element elementor-element-2136c55 e-con-full e-flex rt-default-class e-con e-child\" data-id=\"2136c55\" data-element_type=\"container\" data-e-type=\"container\">\n\t\t\t\t<div class=\"elementor-element elementor-element-b8e1ce8 rt-default-class elementor-widget elementor-widget-image\" data-id=\"b8e1ce8\" data-element_type=\"widget\" data-e-type=\"widget\" data-widget_type=\"image.default\">\n\t\t\t\t\t\t\t\t\t\t\t\t\t\t\t<img fetchpriority=\"high\" decoding=\"async\" width=\"640\" height=\"250\" src=\"https:\/\/www.fpz.unizg.hr\/zan\/wp-content\/uploads\/2025\/11\/d47f814d1fe10ac43b860a5f0b7983dc-1024x400.jpg\" class=\"attachment-large size-large wp-image-15299\" alt=\"\" srcset=\"https:\/\/www.fpz.unizg.hr\/zan\/wp-content\/uploads\/2025\/11\/d47f814d1fe10ac43b860a5f0b7983dc-1024x400.jpg 1024w, https:\/\/www.fpz.unizg.hr\/zan\/wp-content\/uploads\/2025\/11\/d47f814d1fe10ac43b860a5f0b7983dc-300x117.jpg 300w, https:\/\/www.fpz.unizg.hr\/zan\/wp-content\/uploads\/2025\/11\/d47f814d1fe10ac43b860a5f0b7983dc-768x300.jpg 768w, https:\/\/www.fpz.unizg.hr\/zan\/wp-content\/uploads\/2025\/11\/d47f814d1fe10ac43b860a5f0b7983dc-600x234.jpg 600w, https:\/\/www.fpz.unizg.hr\/zan\/wp-content\/uploads\/2025\/11\/d47f814d1fe10ac43b860a5f0b7983dc.jpg 1280w\" sizes=\"(max-width: 640px) 100vw, 640px\">\t\t\t\t\t\t\t\t\t\t\t\t\t\t\t<\/div>\n\t\t\t\t<\/div>\n\t\t\t\t<\/div>\n\t\t<div class=\"elementor-element elementor-element-d9d33f0 e-con-full e-flex rt-default-class e-con e-child\" data-id=\"d9d33f0\" data-element_type=\"container\" data-e-type=\"container\">\n\t\t<div class=\"elementor-element elementor-element-5f4e6ec e-con-full e-flex rt-default-class e-con e-child\" data-id=\"5f4e6ec\" data-element_type=\"container\" data-e-type=\"container\">\n\t\t\t\t<div class=\"elementor-element elementor-element-15f6d5c rt-default-class elementor-widget elementor-widget-text-editor\" data-id=\"15f6d5c\" data-element_type=\"widget\" data-e-type=\"widget\" data-widget_type=\"text-editor.default\">\n\t\t\t\t\t\t\t\t\t<h6>Glavna lokacija<\/h6><p>Ulica Lavoslava Vukeli\u0107a 4, 10 000 Zagreb<\/p><p>tel :+385 1 2380 222<\/p><p>fpz@fpz.unizg.hr<\/p>\t\t\t\t\t\t\t\t<\/div>\n\t\t\t\t<\/div>\n\t\t<div class=\"elementor-element elementor-element-3f12cc9 e-con-full e-flex rt-default-class e-con e-child\" data-id=\"3f12cc9\" data-element_type=\"container\" data-e-type=\"container\">\n\t\t\t\t<div class=\"elementor-element elementor-element-e3a62f9 rt-default-class elementor-widget elementor-widget-image\" data-id=\"e3a62f9\" data-element_type=\"widget\" data-e-type=\"widget\" data-widget_type=\"image.default\">\n\t\t\t\t\t\t\t\t\t\t\t\t\t\t\t<img decoding=\"async\" width=\"640\" height=\"250\" src=\"https:\/\/www.fpz.unizg.hr\/zan\/wp-content\/uploads\/2025\/11\/003c27f4f7c877cb90f4a091565a5c95-1024x400.jpg\" class=\"attachment-large size-large wp-image-15298\" alt=\"\" srcset=\"https:\/\/www.fpz.unizg.hr\/zan\/wp-content\/uploads\/2025\/11\/003c27f4f7c877cb90f4a091565a5c95-1024x400.jpg 1024w, https:\/\/www.fpz.unizg.hr\/zan\/wp-content\/uploads\/2025\/11\/003c27f4f7c877cb90f4a091565a5c95-300x117.jpg 300w, https:\/\/www.fpz.unizg.hr\/zan\/wp-content\/uploads\/2025\/11\/003c27f4f7c877cb90f4a091565a5c95-768x300.jpg 768w, https:\/\/www.fpz.unizg.hr\/zan\/wp-content\/uploads\/2025\/11\/003c27f4f7c877cb90f4a091565a5c95-600x234.jpg 600w, https:\/\/www.fpz.unizg.hr\/zan\/wp-content\/uploads\/2025\/11\/003c27f4f7c877cb90f4a091565a5c95.jpg 1280w\" sizes=\"(max-width: 640px) 100vw, 640px\">\t\t\t\t\t\t\t\t\t\t\t\t\t\t\t<\/div>\n\t\t\t\t<\/div>\n\t\t\t\t<\/div>\n\t\t\t\t\t<\/div>\n\t\t\t\t<\/div>\n\t\t\t\t<\/div>\n\t\t","protected":false},"excerpt":{"rendered":"<p>Kontakt informacije Za sve upite molimo da nas kontaktirate putem donjeg obrasca. Dodatne lokacije Hrvatski zrakoplovni trening centar (HZNS) Je\u017edove\u010dka 17, 10250 Lu\u010dko, tel: +385 1 6560 219, hzns@fpz.hr\u00a0 Glavna lokacija Ulica Lavoslava Vukeli\u0107a 4, 10 000 Zagreb tel :+385 1 2380 222 fpz@fpz.unizg.hr<\/p>\n","protected":false},"author":6,"featured_media":0,"parent":0,"menu_order":0,"comment_status":"closed","ping_status":"closed","template":"elementor_header_footer","meta":{"footnotes":""},"class_list":["post-100908","page","type-page","status-publish","hentry"],"aioseo_notices":[],"_links":{"self":[{"href":"https:\/\/www.fpz.unizg.hr\/zan\/wp-json\/wp\/v2\/pages\/100908","targetHints":{"allow":["GET"]}}],"collection":[{"href":"https:\/\/www.fpz.unizg.hr\/zan\/wp-json\/wp\/v2\/pages"}],"about":[{"href":"https:\/\/www.fpz.unizg.hr\/zan\/wp-json\/wp\/v2\/types\/page"}],"author":[{"embeddable":true,"href":"https:\/\/www.fpz.unizg.hr\/zan\/wp-json\/wp\/v2\/users\/6"}],"replies":[{"embeddable":true,"href":"https:\/\/www.fpz.unizg.hr\/zan\/wp-json\/wp\/v2\/comments?post=100908"}],"version-history":[{"count":28,"href":"https:\/\/www.fpz.unizg.hr\/zan\/wp-json\/wp\/v2\/pages\/100908\/revisions"}],"predecessor-version":[{"id":102582,"href":"https:\/\/www.fpz.unizg.hr\/zan\/wp-json\/wp\/v2\/pages\/100908\/revisions\/102582"}],"wp:attachment":[{"href":"https:\/\/www.fpz.unizg.hr\/zan\/wp-json\/wp\/v2\/media?parent=100908"}],"curies":[{"name":"wp","href":"https:\/\/api.w.org\/{rel}","templated":true}]}}