{"id":101279,"date":"2025-12-27T13:14:50","date_gmt":"2025-12-27T12:14:50","guid":{"rendered":"https:\/\/www.fpz.unizg.hr\/zan2\/?page_id=101279"},"modified":"2025-12-27T16:44:50","modified_gmt":"2025-12-27T15:44:50","slug":"znanstvene-i-strucne-publikacije","status":"publish","type":"page","link":"https:\/\/www.fpz.unizg.hr\/zan\/hr\/znanstvene-i-strucne-publikacije\/","title":{"rendered":"Znanstvene i stru\u010dne publikacije"},"content":{"rendered":"\t\t<div data-elementor-type=\"wp-page\" data-elementor-id=\"101279\" class=\"elementor elementor-101279\">\n\t\t\t\t<div class=\"elementor-element elementor-element-323be93 e-flex e-con-boxed rt-default-class e-con e-parent\" data-id=\"323be93\" data-element_type=\"container\" data-e-type=\"container\">\n\t\t\t\t\t<div class=\"e-con-inner\">\n\t\t<div class=\"elementor-element elementor-element-7a45e76 e-con-full e-flex rt-default-class e-con e-child\" data-id=\"7a45e76\" data-element_type=\"container\" data-e-type=\"container\">\n\t\t\t\t<div class=\"elementor-element elementor-element-db2e792 elementor-widget-mobile__width-inherit rt-default-class elementor-widget elementor-widget-heading\" data-id=\"db2e792\" data-element_type=\"widget\" data-e-type=\"widget\" data-widget_type=\"heading.default\">\n\t\t\t\t\t<h2 class=\"elementor-heading-title elementor-size-default\">Uvod<\/h2>\t\t\t\t<\/div>\n\t\t\t\t<div class=\"elementor-element elementor-element-af705c3 elementor-widget__width-initial rt-default-class elementor-widget elementor-widget-heading\" data-id=\"af705c3\" data-element_type=\"widget\" data-e-type=\"widget\" data-widget_type=\"heading.default\">\n\t\t\t\t\t<p class=\"elementor-heading-title elementor-size-default\">Zavod za aeronautiku kontinuirano sudjeluje u me\u0111unarodnim i nacionalnim znanstvenim te stru\u010dnim projektima, ostvaruju\u0107i blisku suradnju s akademskom, istra\u017eiva\u010dkom i operativnom zajednicom u podru\u010dju upravljanja zra\u010dnim prometom.<\/p>\t\t\t\t<\/div>\n\t\t\t\t<div class=\"elementor-element elementor-element-0f413f0 elementor-widget__width-initial rt-default-class elementor-widget elementor-widget-heading\" data-id=\"0f413f0\" data-element_type=\"widget\" data-e-type=\"widget\" data-widget_type=\"heading.default\">\n\t\t\t\t\t<p class=\"elementor-heading-title elementor-size-default\">Kroz takva partnerstva unapre\u0111ujemo postoje\u0107a znanja i istra\u017eivanja pretvaramo u prakti\u010dna rje\u0161enja koja doprinose sigurnosti, u\u010dinkovitosti i odr\u017eivosti zrakoplovnog sustava. Povezuju\u0107i temeljita znanstvena istra\u017eivanja s njihovom stvarnom primjenom, osiguravamo da Zavod ostane me\u0111u vode\u0107ima u podru\u010dju aeronauti\u010dkih inovacija i obrazovanja.<\/p>\t\t\t\t<\/div>\n\t\t\t\t<div class=\"elementor-element elementor-element-93d47f6 elementor-widget__width-initial rt-default-class elementor-widget elementor-widget-heading\" data-id=\"93d47f6\" data-element_type=\"widget\" data-e-type=\"widget\" data-widget_type=\"heading.default\">\n\t\t\t\t\t<p class=\"elementor-heading-title elementor-size-default\">Na\u0161i timovi objedinjuju znanstvenu izvrsnost i prakti\u010dnu provedbu, \u010dime se osigurava aktualnost nastavnih programa i stalni razvoj stru\u010dnih kompetencija. Aktivno sura\u0111ujemo s industrijom i institucijama, sudjelujemo u konkurentnim EU natje\u010dajima te ostvarujemo rezultate koji ja\u010daju aeronauti\u010dke kapacitete Hrvatske i Europe. Ukratko, ne slijedimo samo primjere dobre prakse \u2013 sudjelujemo u njihovom stvaranju.<\/p>\t\t\t\t<\/div>\n\t\t<div class=\"elementor-element elementor-element-9ef38f0 e-con-full e-flex rt-default-class e-con e-child\" data-id=\"9ef38f0\" data-element_type=\"container\" data-e-type=\"container\">\n\t\t\t\t<div class=\"elementor-element elementor-element-a717dc4 rt-default-class elementor-widget elementor-widget-heading\" data-id=\"a717dc4\" data-element_type=\"widget\" data-e-type=\"widget\" data-widget_type=\"heading.default\">\n\t\t\t\t\t<h4 class=\"elementor-heading-title elementor-size-default\">Vrhunski istra\u017eiva\u010di<\/h4>\t\t\t\t<\/div>\n\t\t<div class=\"elementor-element elementor-element-f7a8a20 e-con-full e-flex rt-default-class e-con e-child\" data-id=\"f7a8a20\" data-element_type=\"container\" data-e-type=\"container\">\n\t\t\t\t<div class=\"elementor-element elementor-element-be4c2ab rt-default-class elementor-widget elementor-widget-heading\" data-id=\"be4c2ab\" data-element_type=\"widget\" data-e-type=\"widget\" data-widget_type=\"heading.default\">\n\t\t\t\t\t<p class=\"elementor-heading-title elementor-size-default\">EU projekti<\/p>\t\t\t\t<\/div>\n\t\t\t\t<div class=\"elementor-element elementor-element-6606186 rt-default-class elementor-widget elementor-widget-text-editor\" data-id=\"6606186\" data-element_type=\"widget\" data-e-type=\"widget\" data-widget_type=\"text-editor.default\">\n\t\t\t\t\t\t\t\t\t<p data-start=\"215\" data-end=\"233\">Otvoreni smo za suradnju na me\u0111unarodnim i nacionalnim istra\u017eiva\u010dkim i stru\u010dnim projektima. Aktivno sura\u0111ujemo sa sveu\u010dili\u0161tima, znanstveno-istra\u017eiva\u010dkim institucijama, industrijskim partnerima i javnim tijelima s ciljem unaprje\u0111enja znanosti i prakse u podru\u010dju aeronautike.<\/p>\t\t\t\t\t\t\t\t<\/div>\n\t\t\t\t<\/div>\n\t\t<div class=\"elementor-element elementor-element-90bde58 e-con-full e-flex rt-default-class e-con e-child\" data-id=\"90bde58\" data-element_type=\"container\" data-e-type=\"container\">\n\t\t\t\t<div class=\"elementor-element elementor-element-7bc3b81 rt-default-class elementor-widget elementor-widget-heading\" data-id=\"7bc3b81\" data-element_type=\"widget\" data-e-type=\"widget\" data-widget_type=\"heading.default\">\n\t\t\t\t\t<p class=\"elementor-heading-title elementor-size-default\">Partnerstva i suradnje<\/p>\t\t\t\t<\/div>\n\t\t\t\t<div class=\"elementor-element elementor-element-1d04c9e rt-default-class elementor-widget elementor-widget-text-editor\" data-id=\"1d04c9e\" data-element_type=\"widget\" data-e-type=\"widget\" data-widget_type=\"text-editor.default\">\n\t\t\t\t\t\t\t\t\t<p>Blisko sura\u0111ujemo s doma\u0107im i me\u0111unarodnim partnerima na znanstvenim i stru\u010dnim projektima, \u010dime poti\u010demo inovacije i doprinosimo daljnjem razvoju aeronautike.<\/p>\t\t\t\t\t\t\t\t<\/div>\n\t\t\t\t<\/div>\n\t\t\t\t<\/div>\n\t\t\t\t<\/div>\n\t\t<div class=\"elementor-element elementor-element-15cf1e6 e-con-full e-flex rt-default-class e-con e-child\" data-id=\"15cf1e6\" data-element_type=\"container\" data-e-type=\"container\">\n\t\t\t\t<div class=\"elementor-element elementor-element-6d04ba3 elementor-widget-tablet__width-inherit rt-default-class elementor-widget elementor-widget-image\" data-id=\"6d04ba3\" data-element_type=\"widget\" data-e-type=\"widget\" data-widget_type=\"image.default\">\n\t\t\t\t\t\t\t\t\t\t\t\t\t\t\t<img decoding=\"async\" src=\"https:\/\/themewant.com\/products\/wordpress\/unipix\/wp-content\/uploads\/2025\/01\/tech-tools-img.png\" title=\"\" alt=\"\" loading=\"lazy\">\t\t\t\t\t\t\t\t\t\t\t\t\t\t\t<\/div>\n\t\t\t\t<\/div>\n\t\t\t\t\t<\/div>\n\t\t\t\t<\/div>\n\t\t<div class=\"elementor-element elementor-element-cf4f781 e-flex e-con-boxed rt-default-class e-con e-child\" data-id=\"cf4f781\" data-element_type=\"container\" data-e-type=\"container\">\n\t\t\t\t\t<div class=\"e-con-inner\">\n\t\t\t\t<div class=\"elementor-element elementor-element-b6c746a rt-default-class elementor-widget elementor-widget-heading\" data-id=\"b6c746a\" data-element_type=\"widget\" data-e-type=\"widget\" data-widget_type=\"heading.default\">\n\t\t\t\t\t<h4 class=\"elementor-heading-title elementor-size-default\">Znanstveno-istra\u017eiva\u010dki projekti<\/h4>\t\t\t\t<\/div>\n\t\t<div class=\"elementor-element elementor-element-7f79ee0 e-con-full e-flex rt-default-class e-con e-child\" data-id=\"7f79ee0\" data-element_type=\"container\" data-e-type=\"container\">\n\t\t\t\t<div class=\"elementor-element elementor-element-569d01d rt-default-class elementor-widget elementor-widget-text-editor\" data-id=\"569d01d\" data-element_type=\"widget\" data-e-type=\"widget\" data-widget_type=\"text-editor.default\">\n\t\t\t\t\t\t\t\t\t<h3>2025<\/h3>\n<ol>\n  <li>\n    <a href=\"https:\/\/www.scopus.com\/pages\/publications\/105020020358?origin=resultslist\">\n      Quantifying Operational Uncertainty in Landing Gear Fatigue: A Hybrid Physics\u2013Data Framework for Probabilistic Remaining Useful Life Estimation of the Cessna 172 Main Gear\n    <\/a>\n  <\/li>\n  <li>\n    <a href=\"https:\/\/www.mdpi.com\/1424-8220\/25\/14\/4476\">\n      Low-Cost Strain-Gauge Force-Sensing Sidestick for 6-DoF Flight Simulation: Design and Human-in-the-Loop Evaluation\n    <\/a>\n  <\/li>\n  <li>\n    <a href=\"https:\/\/www.mdpi.com\/1424-8220\/25\/16\/5115\">\n      The Influence of Ultra-Wideband Anchor Placement on Localization Accuracy\n    <\/a>\n  <\/li>\n  <li>\n    <a href=\"https:\/\/www.mdpi.com\/2504-446X\/9\/3\/188\">\n      A Comprehensive Survey on Short-Distance Localization of UAVs\n    <\/a>\n  <\/li>\n<\/ol>\n\n<h3>2024<\/h3>\n<ol>\n  <li>\n    <a href=\"https:\/\/www.croris.hr\/crosbi\/publikacija\/prilog-casopis\/826131\">\n      Multicriteria satisfaction analysis to analyse passenger perceptions of air travel service quality in Croatia\n    <\/a>\n  <\/li>\n  <li>\n    <a href=\"https:\/\/www.mdpi.com\/2226-4310\/11\/2\/154\">\n      Fuel Burn Method Assessment Using Automatic Dependent Surveillance\u2013Broadcast and European Reanalysis Data: Limited Flight Sample Analysis\n    <\/a>\n  <\/li>\n  <li>\n    <a href=\"https:\/\/www.mdpi.com\/2226-4310\/11\/5\/367\">\n      Defining Terminal Airspace Air Traffic Complexity Indicators Based on Air Traffic Controller Tasks\n    <\/a>\n  <\/li>\n  <li>\n    <a href=\"https:\/\/www.mdpi.com\/2076-3417\/14\/9\/3604\">\n      How Has the Concept of Air Traffic Complexity Evolved? Review and Analysis of the State of the Art of Air Traffic Complexity\n    <\/a>\n  <\/li>\n  <li>\n    <a href=\"https:\/\/www.mdpi.com\/2226-4310\/11\/10\/798\">\n      Probabilistic Air Traffic Complexity Analysis Considering Prediction Uncertainties in Traffic Scenarios\n    <\/a>\n  <\/li>\n  <li>\n    <a href=\"https:\/\/ieeexplore.ieee.org\/document\/10749617\">\n      Gaze Analysis of Air Traffic Contoller Using AI-Based Conflict Detection\n    <\/a>\n  <\/li>\n  <li>\n    <a href=\"https:\/\/hrcak.srce.hr\/clanak\/460547\">\n      Prerequisites for Statistical Analyses of the Quality of Instrument Flight Procedures | Preduvjeti za statisti\u010dku analizu kvalitete instrumentalnih letnih procedura\n    <\/a>\n  <\/li>\n<\/ol>\n\n<h3>2023<\/h3>\n<ol>\n  <li>\n    <a href=\"https:\/\/www.sciencedirect.com\/science\/article\/pii\/S2352146523012073\">\n      Use of unmanned aerial systems for measuring particulate matter in the lower atmosphere in urban areas\n    <\/a>\n  <\/li>\n  <li>\n    <a href=\"https:\/\/www.mdpi.com\/2226-4310\/10\/11\/967\">\n      Predicting the Remaining Useful Life of Light Aircraft Structural Parts: An Expert System Approach\n    <\/a>\n  <\/li>\n  <li>\n    <a href=\"https:\/\/www.sciencedirect.com\/science\/article\/pii\/S2352146523012176\">\n      Machine Learning experiments for design purposes in air-traffic conflict-detection tool\n    <\/a>\n  <\/li>\n  <li>\n    <a href=\"https:\/\/iopscience.iop.org\/article\/10.1088\/1742-6596\/2526\/1\/012099\">\n      Artificial Situational Awareness Assessment of a Novel ATC Support System \/\/ Journal of Physics: Conference Series\n    <\/a>\n  <\/li>\n  <li>\n    <a href=\"https:\/\/www.sciencedirect.com\/science\/article\/pii\/S2352146523012759?via%3Dihub\">\n      Proposal for Modification of the Syllabus for Ultralight Aircraft Pilot\u2019s Training\n    <\/a>\n  <\/li>\n<\/ol>\n\n<h3>2022<\/h3>\n<ol>\n  <li>\n    <a href=\"https:\/\/www.sciencedirect.com\/science\/article\/pii\/S2352146522006305\">\n      Closed Loop Airline Rotable Component Float Availability and Control: A Case Study. \/\/ International Scientific Conference \u201cThe Science and Development of Transport \u2013 Znanost i razvitak prometa \u2013 ZIRP 2022\u201d \/ Petrovi\u0107, Marjana\n    <\/a>\n  <\/li>\n  <li>\n    <a href=\"https:\/\/www.sciencedirect.com\/science\/article\/pii\/S2352146522006172\">\n      Landing Gear Leg Fatigue Life Analysis for Light Aircraft. \/\/ International Scientific Conference \u201cThe Science and Development of Transport \u2013 Znanost i razvitak prometa \u2013 ZIRP 2022\u201d \/ Petrovi\u0107, Marjana\n    <\/a>\n  <\/li>\n  <li>\n    <a href=\"https:\/\/ieeexplore.ieee.org\/document\/9803716\">\n      Modeling the Effect of One Engine Inoperative for Bada Flight Performance Model\n    <\/a>\n  <\/li>\n  <li>\n    <a href=\"https:\/\/www.sciencedirect.com\/science\/article\/pii\/S2352146522006354\">\n      Modelling piston engine aircraft performance using pilot\u2019s operating handbook\n    <\/a>\n  <\/li>\n  <li>\n    <a href=\"https:\/\/www.sciencedirect.com\/science\/article\/pii\/S2352146522006524\">\n      Creating an ATC knowledge graph in support of the artificial situational awareness system \/\/ International Scientific Conference \u201cThe Science and Development of Transport \u2013 Znanost i razvitak prometa \u2013 ZIRP 2022\u201d \/ Petrovi\u0107, Marjana\n    <\/a>\n  <\/li>\n  <li>\n    <a href=\"https:\/\/www.bib.irb.hr:8443\/1246096\">\n      Novel Artificial Situational Awareness System is Comparable with Human Situational Awareness in the En-route Air Traffic Control Domain \/\/ International Scientific Conference \u201cThe Science and Development of Transport \u2013 Znanost i razvitak prometa \u2013 ZIRP 2022\u201d \/ Petrovi\u0107, Marjana\n    <\/a>\n  <\/li>\n  <li>\n    <a href=\"https:\/\/www.mdpi.com\/1424-8220\/22\/19\/7680\">\n      Learning Assurance Analysis for Further Certification Process of Machine Learning Techniques: Case-Study Air Traffic Conflict Detection Predictor \/\/ Sensors, 22 (2022), 19\n    <\/a>\n  <\/li>\n  <li>\n    <a href=\"https:\/\/www.sciencedirect.com\/science\/article\/pii\/S2352146522006585\">\n      Environmental Benefits of Flexible Use of Airspace \/\/ International Scientific Conference \u201cThe Science and Development of Transport \u2013 Znanost i razvitak prometa \u2013 ZIRP 2022\u201d \/ Petrovi\u0107, Marjana\n    <\/a>\n  <\/li>\n  <li>\n    <a href=\"https:\/\/www.sciencedirect.com\/science\/article\/pii\/S2352146522006536\">\n      Service Quality and Efficiency-Oriented Training Design in Air Traffic Management \/\/ International Scientific Conference \u201cThe Science and Development of Transport \u2013 Znanost i razvitak prometa \u2013 ZIRP 2022\u201d \/ Petrovi\u0107, Marjana\n    <\/a>\n  <\/li>\n  <li>\n    <a href=\"https:\/\/www.sciencedirect.com\/science\/article\/pii\/S2352146522006548\">\n      The effect of the Croatian Free Route Airspace implementation on the Air Traffic Complexity \/\/ International Scientific Conference \u201cThe Science and Development of Transport \u2013 Znanost i razvitak prometa \u2013 ZIRP 2022\u201d \/ Petrovi\u0107, Marjana\n    <\/a>\n  <\/li>\n  <li>\n    <a href=\"https:\/\/www.bib.irb.hr:8443\/1246091\">\n      Effects of the COVID-19 Pandemic on the noise exposure of population around Split Airport \/\/ International Scientific Conference \u201cThe Science and Development of Transport \u2013 Znanost i razvitak prometa \u2013 ZIRP 2022\u201d \/ Petrovi\u0107, Marjana\n    <\/a>\n  <\/li>\n  <li>\n    <a href=\"https:\/\/www.bib.irb.hr:8443\/1206901\">\n      Probabilistic Analysis of Air Traffic in Adverse Weather Scenarios \/\/ Proceedings of ICRAT 2022 Conference\n    <\/a>\n  <\/li>\n  <li>\n    <a href=\"https:\/\/www.bib.irb.hr:8443\/1281592\">\n      Integration of software defined radio on an unmanned aerial vehicle \/\/ International Scientific Conference \u201cThe Science and Development of Transport \u2013 Znanost i razvitak prometa \u2013 ZIRP 2022\u201d \/ Petrovi\u0107, Marjana\n    <\/a>\n  <\/li>\n  <li>\n    <a href=\"https:\/\/www.bib.irb.hr:8443\/1244879\">\n      Flight Training Syllabus Structure Impact on Proactive Planning of High-Performance Military Aircraft Pilot Training Operations in Flexible Airspace Structures \/\/ Promet \u2013 Traffic&amp;Transportation, 34 (2022), 6\n    <\/a>\n  <\/li>\n  <li>\n    <a href=\"https:\/\/www.bib.irb.hr:8443\/1225788\">\n      Survival probability of military aircrew in the event of ejection over the Adriatic Sea \/\/ Transportation Research Procedia \/ Petrovi\u0107, Marjana\n    <\/a>\n  <\/li>\n  <li>\n    <a href=\"https:\/\/www.bib.irb.hr:8443\/1195427\">\n      Prediction Tool for Military Flying Operations Planning \/\/ The Science and Development of Transport\u2014ZIRP 2021 \/ Petrovi\u0107, Marjana\n    <\/a>\n  <\/li>\n<\/ol>\n\n<h3>2021<\/h3>\n<ol>\n  <li>\n    <a href=\"https:\/\/doi.org\/10.1007\/978-3-030-66464-0_11\">\n      Monitoring Traffic Air Pollution Using Unmanned Aerial Systems. \/\/ Transformation of Transportation \/ Petrovi\u0107, Marjana\n    <\/a>\n  <\/li>\n  <li>\n    <a href=\"https:\/\/www.croris.hr\/crosbi\/publikacija\/prilog-skup\/707221\">\n      Method for Remaining Useful Life Prediction of a Light Aircraft Landing Gear Structure. \/\/ 6th European Conference of the Prognostics and Health Management Society 2021 \u2013 Doctoral Symposium\n    <\/a>\n  <\/li>\n  <li>\n    <a href=\"https:\/\/ieeexplore.ieee.org\/document\/9597063\">\n      Review of Automation Problems in Air Traffic Control \/\/ MIPRO 2021 44th International Convention Proceedings \/ Skala, Karolj (ur.).\n    <\/a>\n  <\/li>\n  <li>\n    <a href=\"https:\/\/www.bib.irb.hr:8443\/1147729\">\n      Impact of Aircraft Noise on Communities Near Belgrade Airport \/\/ Promet, 33 (2021), 3\n    <\/a>\n  <\/li>\n  <li>\n    <a href=\"https:\/\/www.bib.irb.hr:8443\/1147724\">\n      Comparative UAV Noise-Impact Assessments through Survey and Noise Measurements \/\/ International journal of environmental research and public health, 18 (2021), 12\n    <\/a>\n  <\/li>\n  <li>\n    <a href=\"https:\/\/www.cambridge.org\/core\/journals\/aeronautical-journal\/article\/atco-radar-training-assessment-and-flight-efficiency-the-correlation-between-trainees-scores-and-fuel-consumption-in-realtime-simulations\/09F5E82CE6173B1DBFC7B9A957EF03D0\">\n      ATCO radar training assessment and flight efficiency: the correlation between trainees\u2019 scores and fuel consumption in real-time simulations \/\/ The Aeronautical Journal, 125 (2021), 1287\n    <\/a>\n  <\/li>\n<\/ol>\n\n<h3>2020<\/h3>\n<ol>\n  <li>\n    <a href=\"https:\/\/ieeexplore.ieee.org\/document\/9245202\">\n      Small Piston Engine Aircraft Vibration Measurement and Analysis\n    <\/a>\n  <\/li>\n  <li>\n    <a href=\"https:\/\/papers.phmsociety.org\/index.php\/phmconf\/article\/view\/1245\">\n      Fatigue life prognosis of a light aircraft landing gear leg \/\/ Proceedings of the Annual Conference of the Prognostics and Health Management Society (PHM 2020) \/ Saxena, Abhinav (ur.).\n    <\/a>\n  <\/li>\n  <li>\n    <a href=\"https:\/\/www.sciencedirect.com\/science\/article\/pii\/S2352146520308735\">\n      Calculation of Airplane Wake Turbulence Re-Categorisation Effects \/\/ Transportation Research Procedia \u2013 INAIR 2020 \u2013 Challenges of Aviation Development \/ Tomov\u00e1, Anna\n    <\/a>\n  <\/li>\n  <li>\n  <a href=\"https:\/\/traffic.fpz.hr\/index.php\/PROMTT\/article\/view\/3401\">\n    Determining Air Traffic Complexity \u2013 Challenges and Future Development \/\/ Promet \u2013 Traffic &amp; Transportation, 32 (2020), 4\n  <\/a>\n<\/li>\t\t\t\t\t\t\t\t<\/ol><\/div>\n\t\t\t\t<\/div>\n\t\t\t\t\t<\/div>\n\t\t\t\t<\/div>\n\t\t\t\t<\/div>\n\t\t","protected":false},"excerpt":{"rendered":"<p>Uvod Zavod za aeronautiku kontinuirano sudjeluje u me\u0111unarodnim i nacionalnim znanstvenim te stru\u010dnim projektima, ostvaruju\u0107i blisku suradnju s akademskom, istra\u017eiva\u010dkom i operativnom zajednicom u podru\u010dju upravljanja zra\u010dnim prometom. Kroz takva partnerstva unapre\u0111ujemo postoje\u0107a znanja i istra\u017eivanja pretvaramo u prakti\u010dna rje\u0161enja koja doprinose sigurnosti, u\u010dinkovitosti i odr\u017eivosti zrakoplovnog sustava. Povezuju\u0107i temeljita znanstvena istra\u017eivanja s njihovom stvarnom&#8230;<\/p>\n","protected":false},"author":6,"featured_media":0,"parent":0,"menu_order":0,"comment_status":"closed","ping_status":"closed","template":"elementor_header_footer","meta":{"footnotes":""},"class_list":["post-101279","page","type-page","status-publish","hentry"],"aioseo_notices":[],"_links":{"self":[{"href":"https:\/\/www.fpz.unizg.hr\/zan\/wp-json\/wp\/v2\/pages\/101279","targetHints":{"allow":["GET"]}}],"collection":[{"href":"https:\/\/www.fpz.unizg.hr\/zan\/wp-json\/wp\/v2\/pages"}],"about":[{"href":"https:\/\/www.fpz.unizg.hr\/zan\/wp-json\/wp\/v2\/types\/page"}],"author":[{"embeddable":true,"href":"https:\/\/www.fpz.unizg.hr\/zan\/wp-json\/wp\/v2\/users\/6"}],"replies":[{"embeddable":true,"href":"https:\/\/www.fpz.unizg.hr\/zan\/wp-json\/wp\/v2\/comments?post=101279"}],"version-history":[{"count":11,"href":"https:\/\/www.fpz.unizg.hr\/zan\/wp-json\/wp\/v2\/pages\/101279\/revisions"}],"predecessor-version":[{"id":101418,"href":"https:\/\/www.fpz.unizg.hr\/zan\/wp-json\/wp\/v2\/pages\/101279\/revisions\/101418"}],"wp:attachment":[{"href":"https:\/\/www.fpz.unizg.hr\/zan\/wp-json\/wp\/v2\/media?parent=101279"}],"curies":[{"name":"wp","href":"https:\/\/api.w.org\/{rel}","templated":true}]}}