{"id":101288,"date":"2025-12-27T13:21:21","date_gmt":"2025-12-27T12:21:21","guid":{"rendered":"https:\/\/www.fpz.unizg.hr\/zan2\/?page_id=101288"},"modified":"2026-02-11T09:03:21","modified_gmt":"2026-02-11T08:03:21","slug":"husk-2","status":"publish","type":"page","link":"https:\/\/www.fpz.unizg.hr\/zan\/hr\/husk-2\/","title":{"rendered":"HUSK"},"content":{"rendered":"\t\t<div data-elementor-type=\"wp-page\" data-elementor-id=\"101288\" class=\"elementor elementor-101288\">\n\t\t\t\t<div class=\"elementor-element elementor-element-20e592a e-flex e-con-boxed rt-default-class e-con e-parent\" data-id=\"20e592a\" data-element_type=\"container\" data-e-type=\"container\">\n\t\t\t\t\t<div class=\"e-con-inner\">\n\t\t<div class=\"elementor-element elementor-element-2e212148 e-con-full e-flex rt-default-class e-con e-child\" data-id=\"2e212148\" data-element_type=\"container\" data-e-type=\"container\">\n\t\t\t\t<div class=\"elementor-element elementor-element-6c67d66e elementor-widget__width-inherit rt-default-class elementor-widget elementor-widget-heading\" data-id=\"6c67d66e\" data-element_type=\"widget\" data-e-type=\"widget\" data-widget_type=\"heading.default\">\n\t\t\t\t\t<h1 class=\"elementor-heading-title elementor-size-default\">Hrvatsko u\u010dili\u0161no sredi\u0161te za kontrolu zra\u010dnog prometa (HUSK)<\/h1>\t\t\t\t<\/div>\n\t\t\t\t<div class=\"elementor-element elementor-element-61f0c9be rt-default-class elementor-widget elementor-widget-text-editor\" data-id=\"61f0c9be\" data-element_type=\"widget\" data-e-type=\"widget\" data-widget_type=\"text-editor.default\">\n\t\t\t\t\t\t\t\t\t<p data-start=\"223\" data-end=\"277\">Hrvatsko u\u010dili\u0161no sredi\u0161te za kontrolu zra\u010dnog prometa (HUSK) djeluje kao ovla\u0161tena organizacija za osposobljavanje kontrolora zra\u010dnog prometa u okviru Fakulteta prometnih znanosti Sveu\u010dili\u0161ta u Zagrebu.<\/p><p data-start=\"625\" data-end=\"965\">HUSK provodi programe osposobljavanja u skladu s va\u017ee\u0107im europskim i nacionalnim propisima civilnog zrakoplovstva, kao i relevantnim me\u0111unarodnim standardima i preporu\u010denim praksama. Programi su usmjereni na stjecanje teorijskih znanja i prakti\u010dnih kompetencija potrebnih za sigurno i u\u010dinkovito obavljanje poslova kontrole zra\u010dnog prometa.<\/p>\t\t\t\t\t\t\t\t<\/div>\n\t\t\t\t<\/div>\n\t\t\t\t\t<\/div>\n\t\t\t\t<\/div>\n\t\t<div class=\"elementor-element elementor-element-0f575c8 e-flex e-con-boxed rt-default-class e-con e-parent\" data-id=\"0f575c8\" data-element_type=\"container\" data-e-type=\"container\">\n\t\t\t\t\t<div class=\"e-con-inner\">\n\t\t<div class=\"elementor-element elementor-element-655f095 e-con-full e-flex rt-default-class e-con e-child\" data-id=\"655f095\" data-element_type=\"container\" data-e-type=\"container\">\n\t\t\t\t<div class=\"elementor-element elementor-element-573e031 rt-default-class elementor-widget elementor-widget-image\" data-id=\"573e031\" data-element_type=\"widget\" data-e-type=\"widget\" data-widget_type=\"image.default\">\n\t\t\t\t\t\t\t\t\t\t\t\t\t\t\t<img fetchpriority=\"high\" decoding=\"async\" width=\"300\" height=\"300\" src=\"https:\/\/www.fpz.unizg.hr\/zan\/wp-content\/uploads\/2026\/01\/husk.png\" class=\"attachment-medium size-medium wp-image-102625\" alt=\"\">\t\t\t\t\t\t\t\t\t\t\t\t\t\t\t<\/div>\n\t\t\t\t<\/div>\n\t\t<div class=\"elementor-element elementor-element-0e9430c e-con-full e-flex rt-default-class e-con e-child\" data-id=\"0e9430c\" data-element_type=\"container\" data-e-type=\"container\">\n\t\t\t\t<div class=\"elementor-element elementor-element-5576817 rt-default-class elementor-widget elementor-widget-text-editor\" data-id=\"5576817\" data-element_type=\"widget\" data-e-type=\"widget\" data-widget_type=\"text-editor.default\">\n\t\t\t\t\t\t\t\t\t<p data-start=\"806\" data-end=\"1012\">HUSK posjeduje va\u017ee\u0107e odobrenje za rad kao organizacija za osposobljavanje kontrolora zra\u010dnog prometa, koje je izdano od strane nadle\u017enog nacionalnog tijela \u2013 <strong data-start=\"965\" data-end=\"1011\"><a href=\"https:\/\/www.ccaa.hr\/\">Hrvatske agencije za civilno zrakoplovstvo<\/a><\/strong>.<\/p><p data-start=\"1014\" data-end=\"1206\">Po uspje\u0161nom zavr\u0161etku programa osposobljavanja, polaznicima se izdaju slu\u017ebene potvrde i certifikati o zavr\u0161enom osposobljavanju, u skladu s odobrenim nastavnim planovima i va\u017ee\u0107im propisima.<\/p>\t\t\t\t\t\t\t\t<\/div>\n\t\t\t\t<\/div>\n\t\t\t\t\t<\/div>\n\t\t\t\t<\/div>\n\t\t<div class=\"elementor-element elementor-element-4a1dd8e9 e-flex e-con-boxed rt-default-class e-con e-parent\" data-id=\"4a1dd8e9\" data-element_type=\"container\" data-e-type=\"container\">\n\t\t\t\t\t<div class=\"e-con-inner\">\n\t\t<div class=\"elementor-element elementor-element-1c625227 e-con-full e-flex rt-default-class e-con e-child\" data-id=\"1c625227\" data-element_type=\"container\" data-e-type=\"container\">\n\t\t<div class=\"elementor-element elementor-element-23caf18e e-con-full e-flex rt-default-class e-con e-child\" data-id=\"23caf18e\" data-element_type=\"container\" data-e-type=\"container\">\n\t\t\t\t<div class=\"elementor-element elementor-element-5e59ae8c rt-default-class elementor-widget elementor-widget-heading\" data-id=\"5e59ae8c\" data-element_type=\"widget\" data-e-type=\"widget\" data-widget_type=\"heading.default\">\n\t\t\t\t\t<h2 class=\"elementor-heading-title elementor-size-default\">Vrste osposobljavanja koje se provode<\/h2>\t\t\t\t<\/div>\n\t\t\t\t<div class=\"elementor-element elementor-element-2871da5d rt-default-class elementor-widget elementor-widget-text-editor\" data-id=\"2871da5d\" data-element_type=\"widget\" data-e-type=\"widget\" data-widget_type=\"text-editor.default\">\n\t\t\t\t\t\t\t\t\t<h6 data-start=\"290\" data-end=\"367\">Osnovno osposobljavanje kontrolora zra\u010dnog prometa (Basic ATCO Training)<\/h6><p data-start=\"369\" data-end=\"522\">HUSK provodi osnovno osposobljavanje u okviru inicijalnog osposobljavanja kontrolora zra\u010dnog prometa kroz tri razli\u010dita plana i programa osposobljavanja:<\/p><ol><li data-start=\"524\" data-end=\"617\"><p data-start=\"527\" data-end=\"617\">Osnovno osposobljavanje kontrolora zra\u010dnog prometa \u2013 preddiplomski studijski program<\/p><\/li><li data-start=\"524\" data-end=\"617\"><p data-start=\"527\" data-end=\"617\">Osnovno osposobljavanje kontrolora zra\u010dnog prometa \u2013 program preba\u010daja<\/p><\/li><li data-start=\"699\" data-end=\"764\"><p data-start=\"702\" data-end=\"764\">Osnovno osposobljavanje kontrolora zra\u010dnog prometa \u2013 te\u010daj<\/p><\/li><\/ol><h6 data-start=\"229\" data-end=\"317\">Osnovno osposobljavanje kontrolora zra\u010dnog prometa \u2013 preddiplomski studijski program<\/h6><p data-start=\"319\" data-end=\"503\">Program osposobljavanja integriran je u preddiplomski sveu\u010dili\u0161ni studijski program te \u010dini sastavni dio redovitog nastavnog procesa Fakulteta prometnih znanosti Sveu\u010dili\u0161ta u Zagrebu.<\/p><p data-start=\"505\" data-end=\"716\">Postupak upisa: Upis se provodi putem upisa na preddiplomski studijski program, u skladu s pravilima i postupcima Sveu\u010dili\u0161ta i Fakulteta. Ne provodi se zaseban upis u program osposobljavanja putem HUSK-a.<\/p><h6 data-start=\"723\" data-end=\"798\">Osnovno osposobljavanje kontrolora zra\u010dnog prometa \u2013 program konverzije<\/h6><p data-start=\"800\" data-end=\"985\">Program konverzije predstavlja zaseban plan i program osnovnog osposobljavanja namijenjen kandidatima koji ve\u0107 posjeduju odgovaraju\u0107e prethodno obrazovanje ili relevantne kvalifikacije.<\/p><p data-start=\"987\" data-end=\"1184\">Postupak upisa: Upis se provodi na temelju ispunjavanja propisanih uvjeta za upis, uz odobrenje HUSK-a. Program se provodi u skladu s va\u017ee\u0107im propisima i odobrenim programima osposobljavanja.<\/p><h6 data-start=\"172\" data-end=\"234\">Osnovno osposobljavanje kontrolora zra\u010dnog prometa \u2013 te\u010daj<\/h6><p data-start=\"236\" data-end=\"346\">Rije\u010d je o samostalnom programu osnovnog osposobljavanja koji nije integriran u sveu\u010dili\u0161ni studijski program.<\/p><p data-start=\"348\" data-end=\"585\">Postupak upisa:Upis kandidata provodi se u skladu s propisanim uvjetima za upis, temeljem odobrenog plana i programa osposobljavanja. Kandidati moraju ispunjavati zdravstvene, stru\u010dne i druge uvjete propisane va\u017ee\u0107im regulativama.<\/p><h6 data-start=\"592\" data-end=\"676\">Osposobljavanje instruktora za osposobljavanje na ure\u0111ajima za simulaciju (STDI)<\/h6><p data-start=\"678\" data-end=\"818\">Ovo je zaseban i samostalan program osposobljavanja koji nije dio osnovnog osposobljavanja kontrolora zra\u010dnog prometa (Basic ATCO Training).<\/p><p data-start=\"820\" data-end=\"1080\">Postupak upisa: Program je namijenjen kandidatima koji ve\u0107 ispunjavaju propisane uvjete za sudjelovanje. Provedba programa ovisi o organizacijskim potrebama, a preduvjet za upis su odgovaraju\u0107e prethodne kvalifikacije i relevantno profesionalno iskustvo.<\/p>\t\t\t\t\t\t\t\t<\/div>\n\t\t\t\t<\/div>\n\t\t\t\t<\/div>\n\t\t<div class=\"elementor-element elementor-element-28ca40be e-con-full e-flex rt-default-class e-con e-child\" data-id=\"28ca40be\" data-element_type=\"container\" data-e-type=\"container\">\n\t\t<div class=\"elementor-element elementor-element-161eb637 e-con-full e-flex rt-default-class e-con e-child\" data-id=\"161eb637\" data-element_type=\"container\" data-e-type=\"container\">\n\t\t\t\t<div class=\"elementor-element elementor-element-5e60d0cc elementor-align-justify elementor-widget__width-inherit rt-default-class elementor-widget elementor-widget-button\" data-id=\"5e60d0cc\" data-element_type=\"widget\" data-e-type=\"widget\" data-widget_type=\"button.default\">\n\t\t\t\t\t\t\t\t\t\t<a class=\"elementor-button elementor-button-link elementor-size-sm\" href=\"#\">\n\t\t\t\t\t\t<span class=\"elementor-button-content-wrapper\">\n\t\t\t\t\t\t<span class=\"elementor-button-icon\">\n\t\t\t\t<i aria-hidden=\"true\" class=\"rt rt-arrow-right\"><\/i>\t\t\t<\/span>\n\t\t\t\t\t\t\t\t\t<span class=\"elementor-button-text\">Program<\/span>\n\t\t\t\t\t<\/span>\n\t\t\t\t\t<\/a>\n\t\t\t\t\t\t\t\t<\/div>\n\t\t\t\t<div class=\"elementor-element elementor-element-6cc93920 elementor-align-justify elementor-widget__width-inherit rt-default-class elementor-widget elementor-widget-button\" data-id=\"6cc93920\" data-element_type=\"widget\" data-e-type=\"widget\" data-widget_type=\"button.default\">\n\t\t\t\t\t\t\t\t\t\t<a class=\"elementor-button elementor-button-link elementor-size-sm\" href=\"#\">\n\t\t\t\t\t\t<span class=\"elementor-button-content-wrapper\">\n\t\t\t\t\t\t<span class=\"elementor-button-icon\">\n\t\t\t\t<i aria-hidden=\"true\" class=\"rt rt-arrow-right\"><\/i>\t\t\t<\/span>\n\t\t\t\t\t\t\t\t\t<span class=\"elementor-button-text\">Prijava na studij<\/span>\n\t\t\t\t\t<\/span>\n\t\t\t\t\t<\/a>\n\t\t\t\t\t\t\t\t<\/div>\n\t\t\t\t<\/div>\n\t\t<div class=\"elementor-element elementor-element-b8b9aa6 e-con-full rt-primary-color elementor-hidden-mobile e-flex e-con e-child\" data-id=\"b8b9aa6\" data-element_type=\"container\" data-e-type=\"container\" data-settings='{\"background_background\":\"slideshow\",\"background_slideshow_gallery\":[{\"id\":102748,\"url\":\"https:\\\/\\\/www.fpz.unizg.hr\\\/zan\\\/wp-content\\\/uploads\\\/2024\\\/08\\\/Kontrola-leta.jpeg\"},{\"id\":102749,\"url\":\"https:\\\/\\\/www.fpz.unizg.hr\\\/zan\\\/wp-content\\\/uploads\\\/2024\\\/08\\\/frame_0_10_6f.jpeg\"},{\"id\":102750,\"url\":\"https:\\\/\\\/www.fpz.unizg.hr\\\/zan\\\/wp-content\\\/uploads\\\/2024\\\/08\\\/frame_0_08_11f.jpeg\"}],\"background_slideshow_loop\":\"yes\",\"background_slideshow_slide_duration\":5000,\"background_slideshow_slide_transition\":\"fade\",\"background_slideshow_transition_duration\":500}'>\n\t\t<div class=\"elementor-element elementor-element-310dbd6 e-con-full e-flex rt-default-class e-con e-child\" data-id=\"310dbd6\" data-element_type=\"container\" data-e-type=\"container\">\n\t\t\t\t<\/div>\n\t\t\t\t<\/div>\n\t\t<div class=\"elementor-element elementor-element-714900de e-con-full rt-primary-color elementor-hidden-mobile e-flex e-con e-child\" data-id=\"714900de\" data-element_type=\"container\" data-e-type=\"container\">\n\t\t<div class=\"elementor-element elementor-element-eb7e588 e-con-full e-flex rt-default-class e-con e-child\" data-id=\"eb7e588\" data-element_type=\"container\" data-e-type=\"container\">\n\t\t\t\t<div class=\"elementor-element elementor-element-598d564b rt-default-class elementor-widget elementor-widget-heading\" data-id=\"598d564b\" data-element_type=\"widget\" data-e-type=\"widget\" data-widget_type=\"heading.default\">\n\t\t\t\t\t<h1 class=\"elementor-heading-title elementor-size-default\">Kontakt<\/h1>\t\t\t\t<\/div>\n\t\t\t\t<div class=\"elementor-element elementor-element-18aedbf3 rt-default-class elementor-widget elementor-widget-heading\" data-id=\"18aedbf3\" data-element_type=\"widget\" data-e-type=\"widget\" data-widget_type=\"heading.default\">\n\t\t\t\t\t<h2 class=\"elementor-heading-title elementor-size-default\">Zavod za aeronautiku\n<\/h2>\t\t\t\t<\/div>\n\t\t\t\t<\/div>\n\t\t<div class=\"elementor-element elementor-element-7443179 e-con-full e-flex rt-default-class e-con e-child\" data-id=\"7443179\" data-element_type=\"container\" data-e-type=\"container\">\n\t\t\t\t<div class=\"elementor-element elementor-element-1cf285c6 rt-default-class elementor-widget elementor-widget-heading\" data-id=\"1cf285c6\" data-element_type=\"widget\" data-e-type=\"widget\" data-widget_type=\"heading.default\">\n\t\t\t\t\t<h3 class=\"elementor-heading-title elementor-size-default\">e-mail:<\/h3>\t\t\t\t<\/div>\n\t\t\t\t<div class=\"elementor-element elementor-element-1e07dcf rt-default-class elementor-widget elementor-widget-heading\" data-id=\"1e07dcf\" data-element_type=\"widget\" data-e-type=\"widget\" data-widget_type=\"heading.default\">\n\t\t\t\t\t<p class=\"elementor-heading-title elementor-size-default\"><a href=\"#\">\naeronautika-fpz@fpz.unizg.hr\n\n<\/a><\/p>\t\t\t\t<\/div>\n\t\t\t\t<\/div>\n\t\t<div class=\"elementor-element elementor-element-6ad87f94 e-con-full e-flex rt-default-class e-con e-child\" data-id=\"6ad87f94\" data-element_type=\"container\" data-e-type=\"container\">\n\t\t\t\t<div class=\"elementor-element elementor-element-dfc638a rt-default-class elementor-widget elementor-widget-heading\" data-id=\"dfc638a\" data-element_type=\"widget\" data-e-type=\"widget\" data-widget_type=\"heading.default\">\n\t\t\t\t\t<h4 class=\"elementor-heading-title elementor-size-default\">Dru\u0161tvene mre\u017ee:<\/h4>\t\t\t\t<\/div>\n\t\t\t\t<div class=\"elementor-element elementor-element-1b9e9ac1 elementor-shape-circle e-grid-align-left elementor-grid-0 rt-default-class elementor-widget elementor-widget-social-icons\" data-id=\"1b9e9ac1\" data-element_type=\"widget\" data-e-type=\"widget\" data-widget_type=\"social-icons.default\">\n\t\t\t\t\t\t\t<div class=\"elementor-social-icons-wrapper elementor-grid\" role=\"list\">\n\t\t\t\t\t\t\t<span class=\"elementor-grid-item\" role=\"listitem\">\n\t\t\t\t\t<a class=\"elementor-icon elementor-social-icon elementor-social-icon-facebook elementor-repeater-item-5f9a64b\" href=\"https:\/\/www.facebook.com\/fpz.hr\/\" target=\"_blank\">\n\t\t\t\t\t\t<span class=\"elementor-screen-only\">Facebook<\/span>\n\t\t\t\t\t\t<svg aria-hidden=\"true\" class=\"e-font-icon-svg e-fab-facebook\" viewbox=\"0 0 512 512\" xmlns=\"http:\/\/www.w3.org\/2000\/svg\"><path d=\"M504 256C504 119 393 8 256 8S8 119 8 256c0 123.78 90.69 226.38 209.25 245V327.69h-63V256h63v-54.64c0-62.15 37-96.48 93.67-96.48 27.14 0 55.52 4.84 55.52 4.84v61h-31.28c-30.8 0-40.41 19.12-40.41 38.73V256h68.78l-11 71.69h-57.78V501C413.31 482.38 504 379.78 504 256z\"><\/path><\/svg>\t\t\t\t\t<\/a>\n\t\t\t\t<\/span>\n\t\t\t\t\t\t\t<span class=\"elementor-grid-item\" role=\"listitem\">\n\t\t\t\t\t<a class=\"elementor-icon elementor-social-icon elementor-social-icon-instagram elementor-repeater-item-95ca7db\" href=\"https:\/\/www.instagram.com\/fakultet_prometnih_znanosti\/\" target=\"_blank\">\n\t\t\t\t\t\t<span class=\"elementor-screen-only\">Instagram<\/span>\n\t\t\t\t\t\t<svg aria-hidden=\"true\" class=\"e-font-icon-svg e-fab-instagram\" viewbox=\"0 0 448 512\" xmlns=\"http:\/\/www.w3.org\/2000\/svg\"><path d=\"M224.1 141c-63.6 0-114.9 51.3-114.9 114.9s51.3 114.9 114.9 114.9S339 319.5 339 255.9 287.7 141 224.1 141zm0 189.6c-41.1 0-74.7-33.5-74.7-74.7s33.5-74.7 74.7-74.7 74.7 33.5 74.7 74.7-33.6 74.7-74.7 74.7zm146.4-194.3c0 14.9-12 26.8-26.8 26.8-14.9 0-26.8-12-26.8-26.8s12-26.8 26.8-26.8 26.8 12 26.8 26.8zm76.1 27.2c-1.7-35.9-9.9-67.7-36.2-93.9-26.2-26.2-58-34.4-93.9-36.2-37-2.1-147.9-2.1-184.9 0-35.8 1.7-67.6 9.9-93.9 36.1s-34.4 58-36.2 93.9c-2.1 37-2.1 147.9 0 184.9 1.7 35.9 9.9 67.7 36.2 93.9s58 34.4 93.9 36.2c37 2.1 147.9 2.1 184.9 0 35.9-1.7 67.7-9.9 93.9-36.2 26.2-26.2 34.4-58 36.2-93.9 2.1-37 2.1-147.8 0-184.8zM398.8 388c-7.8 19.6-22.9 34.7-42.6 42.6-29.5 11.7-99.5 9-132.1 9s-102.7 2.6-132.1-9c-19.6-7.8-34.7-22.9-42.6-42.6-11.7-29.5-9-99.5-9-132.1s-2.6-102.7 9-132.1c7.8-19.6 22.9-34.7 42.6-42.6 29.5-11.7 99.5-9 132.1-9s102.7-2.6 132.1 9c19.6 7.8 34.7 22.9 42.6 42.6 11.7 29.5 9 99.5 9 132.1s2.7 102.7-9 132.1z\"><\/path><\/svg>\t\t\t\t\t<\/a>\n\t\t\t\t<\/span>\n\t\t\t\t\t\t\t<span class=\"elementor-grid-item\" role=\"listitem\">\n\t\t\t\t\t<a class=\"elementor-icon elementor-social-icon elementor-social-icon-linkedin elementor-repeater-item-e12dee2\" href=\"https:\/\/www.linkedin.com\/company\/faculty-of-transport-and-traffic-sciences\/\" target=\"_blank\">\n\t\t\t\t\t\t<span class=\"elementor-screen-only\">Linkedin<\/span>\n\t\t\t\t\t\t<svg aria-hidden=\"true\" class=\"e-font-icon-svg e-fab-linkedin\" viewbox=\"0 0 448 512\" xmlns=\"http:\/\/www.w3.org\/2000\/svg\"><path d=\"M416 32H31.9C14.3 32 0 46.5 0 64.3v383.4C0 465.5 14.3 480 31.9 480H416c17.6 0 32-14.5 32-32.3V64.3c0-17.8-14.4-32.3-32-32.3zM135.4 416H69V202.2h66.5V416zm-33.2-243c-21.3 0-38.5-17.3-38.5-38.5S80.9 96 102.2 96c21.2 0 38.5 17.3 38.5 38.5 0 21.3-17.2 38.5-38.5 38.5zm282.1 243h-66.4V312c0-24.8-.5-56.7-34.5-56.7-34.6 0-39.9 27-39.9 54.9V416h-66.4V202.2h63.7v29.2h.9c8.9-16.8 30.6-34.5 62.9-34.5 67.2 0 79.7 44.3 79.7 101.9V416z\"><\/path><\/svg>\t\t\t\t\t<\/a>\n\t\t\t\t<\/span>\n\t\t\t\t\t\t\t<span class=\"elementor-grid-item\" role=\"listitem\">\n\t\t\t\t\t<a class=\"elementor-icon elementor-social-icon elementor-social-icon-youtube elementor-repeater-item-e6fa258\" href=\"https:\/\/www.youtube.com\/user\/fpzhr\" target=\"_blank\">\n\t\t\t\t\t\t<span class=\"elementor-screen-only\">Youtube<\/span>\n\t\t\t\t\t\t<svg aria-hidden=\"true\" class=\"e-font-icon-svg e-fab-youtube\" viewbox=\"0 0 576 512\" xmlns=\"http:\/\/www.w3.org\/2000\/svg\"><path d=\"M549.655 124.083c-6.281-23.65-24.787-42.276-48.284-48.597C458.781 64 288 64 288 64S117.22 64 74.629 75.486c-23.497 6.322-42.003 24.947-48.284 48.597-11.412 42.867-11.412 132.305-11.412 132.305s0 89.438 11.412 132.305c6.281 23.65 24.787 41.5 48.284 47.821C117.22 448 288 448 288 448s170.78 0 213.371-11.486c23.497-6.321 42.003-24.171 48.284-47.821 11.412-42.867 11.412-132.305 11.412-132.305s0-89.438-11.412-132.305zm-317.51 213.508V175.185l142.739 81.205-142.739 81.201z\"><\/path><\/svg>\t\t\t\t\t<\/a>\n\t\t\t\t<\/span>\n\t\t\t\t\t\t\t<span class=\"elementor-grid-item\" role=\"listitem\">\n\t\t\t\t\t<a class=\"elementor-icon elementor-social-icon elementor-social-icon-x-twitter elementor-repeater-item-7258a6b\" href=\"https:\/\/x.com\/fpzhr\" target=\"_blank\">\n\t\t\t\t\t\t<span class=\"elementor-screen-only\">X-twitter<\/span>\n\t\t\t\t\t\t<svg aria-hidden=\"true\" class=\"e-font-icon-svg e-fab-x-twitter\" viewbox=\"0 0 512 512\" xmlns=\"http:\/\/www.w3.org\/2000\/svg\"><path d=\"M389.2 48h70.6L305.6 224.2 487 464H345L233.7 318.6 106.5 464H35.8L200.7 275.5 26.8 48H172.4L272.9 180.9 389.2 48zM364.4 421.8h39.1L151.1 88h-42L364.4 421.8z\"><\/path><\/svg>\t\t\t\t\t<\/a>\n\t\t\t\t<\/span>\n\t\t\t\t\t<\/div>\n\t\t\t\t\t\t<\/div>\n\t\t\t\t<\/div>\n\t\t\t\t<\/div>\n\t\t\t\t<\/div>\n\t\t\t\t\t<\/div>\n\t\t\t\t<\/div>\n\t\t\t\t<\/div>\n\t\t","protected":false},"excerpt":{"rendered":"<p>Hrvatsko u\u010dili\u0161no sredi\u0161te za kontrolu zra\u010dnog prometa (HUSK) Hrvatsko u\u010dili\u0161no sredi\u0161te za kontrolu zra\u010dnog prometa (HUSK) djeluje kao ovla\u0161tena organizacija za osposobljavanje kontrolora zra\u010dnog prometa u okviru Fakulteta prometnih znanosti Sveu\u010dili\u0161ta u Zagrebu. HUSK provodi programe osposobljavanja u skladu s va\u017ee\u0107im europskim i nacionalnim propisima civilnog zrakoplovstva, kao i relevantnim me\u0111unarodnim standardima i preporu\u010denim praksama&#8230;.<\/p>\n","protected":false},"author":6,"featured_media":0,"parent":0,"menu_order":0,"comment_status":"closed","ping_status":"closed","template":"elementor_header_footer","meta":{"footnotes":""},"class_list":["post-101288","page","type-page","status-publish","hentry"],"aioseo_notices":[],"_links":{"self":[{"href":"https:\/\/www.fpz.unizg.hr\/zan\/wp-json\/wp\/v2\/pages\/101288","targetHints":{"allow":["GET"]}}],"collection":[{"href":"https:\/\/www.fpz.unizg.hr\/zan\/wp-json\/wp\/v2\/pages"}],"about":[{"href":"https:\/\/www.fpz.unizg.hr\/zan\/wp-json\/wp\/v2\/types\/page"}],"author":[{"embeddable":true,"href":"https:\/\/www.fpz.unizg.hr\/zan\/wp-json\/wp\/v2\/users\/6"}],"replies":[{"embeddable":true,"href":"https:\/\/www.fpz.unizg.hr\/zan\/wp-json\/wp\/v2\/comments?post=101288"}],"version-history":[{"count":19,"href":"https:\/\/www.fpz.unizg.hr\/zan\/wp-json\/wp\/v2\/pages\/101288\/revisions"}],"predecessor-version":[{"id":102753,"href":"https:\/\/www.fpz.unizg.hr\/zan\/wp-json\/wp\/v2\/pages\/101288\/revisions\/102753"}],"wp:attachment":[{"href":"https:\/\/www.fpz.unizg.hr\/zan\/wp-json\/wp\/v2\/media?parent=101288"}],"curies":[{"name":"wp","href":"https:\/\/api.w.org\/{rel}","templated":true}]}}