{"id":101318,"date":"2025-12-27T13:54:34","date_gmt":"2025-12-27T12:54:34","guid":{"rendered":"https:\/\/www.fpz.unizg.hr\/zan2\/?page_id=101318"},"modified":"2026-02-10T21:56:07","modified_gmt":"2026-02-10T20:56:07","slug":"prijediplomski","status":"publish","type":"page","link":"https:\/\/www.fpz.unizg.hr\/zan\/hr\/prijediplomski\/","title":{"rendered":"Prijediplomski"},"content":{"rendered":"\t\t<div data-elementor-type=\"wp-page\" data-elementor-id=\"101318\" class=\"elementor elementor-101318\">\n\t\t\t\t<div class=\"elementor-element elementor-element-5112bf4 e-flex e-con-boxed rt-default-class e-con e-parent\" data-id=\"5112bf4\" data-element_type=\"container\" data-e-type=\"container\">\n\t\t\t\t\t<div class=\"e-con-inner\">\n\t\t<div class=\"elementor-element elementor-element-2e0bdee e-con-full e-flex rt-default-class e-con e-child\" data-id=\"2e0bdee\" data-element_type=\"container\" data-e-type=\"container\">\n\t\t\t\t<\/div>\n\t\t\t\t\t<\/div>\n\t\t\t\t<\/div>\n\t\t<div class=\"elementor-element elementor-element-6f7b82c e-flex e-con-boxed rt-default-class e-con e-parent\" data-id=\"6f7b82c\" data-element_type=\"container\" data-e-type=\"container\">\n\t\t\t\t\t<div class=\"e-con-inner\">\n\t\t<div class=\"elementor-element elementor-element-8b3d70f e-con-full e-flex rt-default-class e-con e-child\" data-id=\"8b3d70f\" data-element_type=\"container\" data-e-type=\"container\">\n\t\t\t\t<div class=\"elementor-element elementor-element-a5f92e8 rt-default-class elementor-widget elementor-widget-rt-react-image\" data-id=\"a5f92e8\" data-element_type=\"widget\" data-e-type=\"widget\" data-widget_type=\"rt-react-image.default\">\n\t\t\t\t<div class=\"elementor-widget-container\">\n\t\t\t\t\t                    <div data-jarallax class=\"react-jarallax-img jarallax react-image\">\n                                    <img decoding=\"async\" class=\"jarallax-img \" src=\"https:\/\/www.fpz.unizg.hr\/zan\/wp-content\/uploads\/2025\/11\/2f268821b83081e1cc99414f38145ccb.jpg\">\n                            <\/div>\n                   \n    \t\t\t\t<\/div>\n\t\t\t\t<\/div>\n\t\t\t\t<\/div>\n\t\t<div class=\"elementor-element elementor-element-1d48886 e-con-full e-flex rt-default-class e-con e-child\" data-id=\"1d48886\" data-element_type=\"container\" data-e-type=\"container\">\n\t\t\t\t<div class=\"elementor-element elementor-element-e9922aa rt-default-class elementor-widget elementor-widget-heading\" data-id=\"e9922aa\" data-element_type=\"widget\" data-e-type=\"widget\" data-widget_type=\"heading.default\">\n\t\t\t\t\t<h4 class=\"elementor-heading-title elementor-size-default\">Prijediplomski sveu\u010dili\u0161ni studij<\/h4>\t\t\t\t<\/div>\n\t\t\t\t<div class=\"elementor-element elementor-element-fc5be81 rt-default-class elementor-widget elementor-widget-text-editor\" data-id=\"fc5be81\" data-element_type=\"widget\" data-e-type=\"widget\" data-widget_type=\"text-editor.default\">\n\t\t\t\t\t\t\t\t\t<p>Prijediplomski\u00a0 sveu\u010dili\u0161ni studij traje tri godine. Zavr\u0161etkom preddiplomskog sveu\u010dili\u0161nog studija studentu se izdaje diploma kojom se potvr\u0111uje zavr\u0161etak studija te stjecanje akademskog naziva: sveu\u010dili\u0161ni prvostupnik (baccalaureus), odnosno prvostupnica (baccalaurea) in\u017eenjer aeronautike.<\/p>\t\t\t\t\t\t\t\t<\/div>\n\t\t\t\t<div class=\"elementor-element elementor-element-b18da31 rt-default-class elementor-widget elementor-widget-rt-program\" data-id=\"b18da31\" data-element_type=\"widget\" data-e-type=\"widget\" data-widget_type=\"rt-program.default\">\n\t\t\t\t<div class=\"elementor-widget-container\">\n\t\t\t\t\t\r\n\r\n<div class=\"program-list\">                          \r\n            \r\n            <a href=\"https:\/\/www.fpz.unizg.hr\/zan\/hr\/rt-program\/kontroler-leta\/\" class=\"program-item\">Kontrola zra\u010dnog prometa<span>\r\n                                    <span><i aria-hidden=\"true\" class=\"rt rt-angle-right\"><\/i><\/span>\r\n                    \r\n            <\/span><\/a>\r\n\r\n                    \r\n            <a href=\"https:\/\/www.fpz.unizg.hr\/zan\/hr\/rt-program\/vojni-kontroler-leta\/\" class=\"program-item\">Vojna kontrola zra\u010dnog prometa<span>\r\n                                    <span><i aria-hidden=\"true\" class=\"rt rt-angle-right\"><\/i><\/span>\r\n                    \r\n            <\/span><\/a>\r\n\r\n                    \r\n            <a href=\"https:\/\/www.fpz.unizg.hr\/zan\/hr\/rt-program\/vojni-pilot\/\" class=\"program-item\">Vojni pilot<span>\r\n                                    <span><i aria-hidden=\"true\" class=\"rt rt-angle-right\"><\/i><\/span>\r\n                    \r\n            <\/span><\/a>\r\n\r\n                    \r\n            <a href=\"https:\/\/www.fpz.unizg.hr\/zan\/hr\/rt-program\/civilni-pilot\/\" class=\"program-item\">Civilni pilot<span>\r\n                                    <span><i aria-hidden=\"true\" class=\"rt rt-angle-right\"><\/i><\/span>\r\n                    \r\n            <\/span><\/a>\r\n\r\n                \r\n<\/div>\t\t\t\t<\/div>\n\t\t\t\t<\/div>\n\t\t\t\t<\/div>\n\t\t\t\t\t<\/div>\n\t\t\t\t<\/div>\n\t\t\t\t<\/div>\n\t\t","protected":false},"excerpt":{"rendered":"<p>Prijediplomski sveu\u010dili\u0161ni studij Prijediplomski\u00a0 sveu\u010dili\u0161ni studij traje tri godine. Zavr\u0161etkom preddiplomskog sveu\u010dili\u0161nog studija studentu se izdaje diploma kojom se potvr\u0111uje zavr\u0161etak studija te stjecanje akademskog naziva: sveu\u010dili\u0161ni prvostupnik (baccalaureus), odnosno prvostupnica (baccalaurea) in\u017eenjer aeronautike. Kontrola zra\u010dnog prometa Vojna kontrola zra\u010dnog prometa Vojni pilot Civilni pilot<\/p>\n","protected":false},"author":6,"featured_media":0,"parent":0,"menu_order":0,"comment_status":"closed","ping_status":"closed","template":"elementor_header_footer","meta":{"footnotes":""},"class_list":["post-101318","page","type-page","status-publish","hentry"],"aioseo_notices":[],"_links":{"self":[{"href":"https:\/\/www.fpz.unizg.hr\/zan\/wp-json\/wp\/v2\/pages\/101318","targetHints":{"allow":["GET"]}}],"collection":[{"href":"https:\/\/www.fpz.unizg.hr\/zan\/wp-json\/wp\/v2\/pages"}],"about":[{"href":"https:\/\/www.fpz.unizg.hr\/zan\/wp-json\/wp\/v2\/types\/page"}],"author":[{"embeddable":true,"href":"https:\/\/www.fpz.unizg.hr\/zan\/wp-json\/wp\/v2\/users\/6"}],"replies":[{"embeddable":true,"href":"https:\/\/www.fpz.unizg.hr\/zan\/wp-json\/wp\/v2\/comments?post=101318"}],"version-history":[{"count":23,"href":"https:\/\/www.fpz.unizg.hr\/zan\/wp-json\/wp\/v2\/pages\/101318\/revisions"}],"predecessor-version":[{"id":102672,"href":"https:\/\/www.fpz.unizg.hr\/zan\/wp-json\/wp\/v2\/pages\/101318\/revisions\/102672"}],"wp:attachment":[{"href":"https:\/\/www.fpz.unizg.hr\/zan\/wp-json\/wp\/v2\/media?parent=101318"}],"curies":[{"name":"wp","href":"https:\/\/api.w.org\/{rel}","templated":true}]}}