{"id":46,"date":"2024-06-27T06:17:41","date_gmt":"2024-06-27T06:17:41","guid":{"rendered":"https:\/\/themewant.com\/products\/wordpress\/unipix\/about-us\/?page_id=46"},"modified":"2026-01-29T11:14:01","modified_gmt":"2026-01-29T10:14:01","slug":"contact","status":"publish","type":"page","link":"https:\/\/www.fpz.unizg.hr\/zan\/contact\/","title":{"rendered":"Contact"},"content":{"rendered":"\t\t<div data-elementor-type=\"wp-page\" data-elementor-id=\"46\" class=\"elementor elementor-46\">\n\t\t\t\t<div class=\"elementor-element elementor-element-5c9dfe6 e-flex e-con-boxed rt-default-class e-con e-parent\" data-id=\"5c9dfe6\" data-element_type=\"container\" data-e-type=\"container\">\n\t\t\t\t\t<div class=\"e-con-inner\">\n\t\t<div class=\"elementor-element elementor-element-ce72c37 e-con-full e-flex rt-default-class e-con e-child\" data-id=\"ce72c37\" data-element_type=\"container\" data-e-type=\"container\">\n\t\t\t\t<div class=\"elementor-element elementor-element-9960e12 rt-default-class elementor-widget elementor-widget-heading\" data-id=\"9960e12\" data-element_type=\"widget\" data-e-type=\"widget\" data-widget_type=\"heading.default\">\n\t\t\t\t\t<h3 class=\"elementor-heading-title elementor-size-default\">Contact information<\/h3>\t\t\t\t<\/div>\n\t\t\t\t<\/div>\n\t\t\t\t\t<\/div>\n\t\t\t\t<\/div>\n\t\t<div class=\"elementor-element elementor-element-785b6c3 e-flex e-con-boxed rt-default-class e-con e-parent\" data-id=\"785b6c3\" data-element_type=\"container\" data-e-type=\"container\">\n\t\t\t\t\t<div class=\"e-con-inner\">\n\t\t\t\t<div class=\"elementor-element elementor-element-b3faff8 elementor-widget__width-initial rt-default-class elementor-widget elementor-widget-google_maps\" data-id=\"b3faff8\" data-element_type=\"widget\" data-e-type=\"widget\" data-widget_type=\"google_maps.default\">\n\t\t\t\t\t\t\t<div class=\"elementor-custom-embed\">\n\t\t\t<iframe loading=\"lazy\" src=\"https:\/\/maps.google.com\/maps?q=%20Borongajska%20cesta%2083f%2C%2010000%2C%20Zagreb&amp;t=m&amp;z=18&amp;output=embed&amp;iwloc=near\" title=\" Borongajska cesta 83f, 10000, Zagreb\" aria-label=\" Borongajska cesta 83f, 10000, Zagreb\"><\/iframe>\n\t\t<\/div>\n\t\t\t\t\t\t<\/div>\n\t\t<div class=\"elementor-element elementor-element-4d1fa63 e-con-full e-flex rt-default-class e-con e-child\" data-id=\"4d1fa63\" data-element_type=\"container\" data-e-type=\"container\">\n\t\t\t\t<div class=\"elementor-element elementor-element-2f9551d rt-default-class elementor-widget elementor-widget-shortcode\" data-id=\"2f9551d\" data-element_type=\"widget\" data-e-type=\"widget\" data-widget_type=\"shortcode.default\">\n\t\t\t\t\t\t\t<div class=\"elementor-shortcode\"><div class=\"forminator-ui forminator-custom-form forminator-custom-form-102549 forminator-design--default  forminator_ajax\" data-forminator-render=\"0\" data-form=\"forminator-module-102549\" data-uid=\"69e24c172acba\"><br><\/div><form id=\"forminator-module-102549\" class=\"forminator-ui forminator-custom-form forminator-custom-form-102549 forminator-design--default  forminator_ajax\" method=\"post\" data-forminator-render=\"0\" data-form-id=\"102549\" data-color-option=\"theme\" data-design=\"default\" data-grid=\"open\" style=\"display: none;\" data-uid=\"69e24c172acba\"><div role=\"alert\" aria-live=\"polite\" class=\"forminator-response-message forminator-error\" aria-hidden=\"true\"><\/div><div class=\"forminator-row\"><div id=\"name-1\" class=\"forminator-field-name forminator-col forminator-col-12 \"><div class=\"forminator-field\"><label for=\"forminator-field-name-1_69e24c172acba\" id=\"forminator-field-name-1_69e24c172acba-label\" class=\"forminator-label\">First Name <span class=\"forminator-required\">*<\/span><\/label><input type=\"text\" name=\"name-1\" value=\"\" placeholder=\"\" id=\"forminator-field-name-1_69e24c172acba\" class=\"forminator-input forminator-name--field\" aria-required=\"true\" autocomplete=\"name\"><\/div><\/div><\/div><div class=\"forminator-row\"><div id=\"email-1\" class=\"forminator-field-email forminator-col forminator-col-12 \"><div class=\"forminator-field\"><label for=\"forminator-field-email-1_69e24c172acba\" id=\"forminator-field-email-1_69e24c172acba-label\" class=\"forminator-label\">Email Address <span class=\"forminator-required\">*<\/span><\/label><input type=\"email\" name=\"email-1\" value=\"\" placeholder=\"\" id=\"forminator-field-email-1_69e24c172acba\" class=\"forminator-input forminator-email--field\" data-required=\"true\" aria-required=\"true\" autocomplete=\"email\"><\/div><\/div><\/div><div class=\"forminator-row\"><div id=\"phone-1\" class=\"forminator-field-phone forminator-col forminator-col-12 \"><div class=\"forminator-field\"><label for=\"forminator-field-phone-1_69e24c172acba\" id=\"forminator-field-phone-1_69e24c172acba-label\" class=\"forminator-label\">Phone Number<\/label><input type=\"text\" name=\"phone-1\" value=\"\" placeholder=\"\" id=\"forminator-field-phone-1_69e24c172acba\" class=\"forminator-input forminator-field--phone\" data-required=\"\" aria-required=\"false\" autocomplete=\"off\"><\/div><\/div><\/div><div class=\"forminator-row\"><div id=\"textarea-1\" class=\"forminator-field-textarea forminator-col forminator-col-12 \"><div class=\"forminator-field\"><label for=\"forminator-field-textarea-1_69e24c172acba\" id=\"forminator-field-textarea-1_69e24c172acba-label\" class=\"forminator-label\">Message<\/label><span id=\"forminator-field-textarea-1_69e24c172acba-description\" class=\"forminator-description\"><span data-limit=\"180\" data-type=\"characters\" data-editor=\"\">0 \/ 180<\/span><\/span><textarea name=\"textarea-1\" placeholder=\"\" id=\"forminator-field-textarea-1_69e24c172acba\" class=\"forminator-textarea\" rows=\"6\" style=\"min-height:140px;\" maxlength=\"180\"><\/textarea><\/div><\/div><\/div><input type=\"hidden\" name=\"referer_url\" value=\"\"><div class=\"forminator-row forminator-row-last\"><div class=\"forminator-col\"><div class=\"forminator-field\"><button class=\"forminator-button forminator-button-submit\">Submit<\/button><\/div><\/div><\/div><input type=\"hidden\" id=\"forminator_nonce\" name=\"forminator_nonce\" value=\"b74758f884\"><input type=\"hidden\" name=\"_wp_http_referer\" value=\"\/zan\/wp-json\/wp\/v2\/pages\/46\"><input type=\"hidden\" name=\"form_id\" value=\"102549\"><input type=\"hidden\" name=\"page_id\" value=\"46\"><input type=\"hidden\" name=\"form_type\" value=\"default\"><input type=\"hidden\" name=\"current_url\" value=\"https:\/\/www.fpz.unizg.hr\/zan\/contact\/\"><input type=\"hidden\" name=\"render_id\" value=\"0\"><input type=\"hidden\" name=\"action\" value=\"forminator_submit_form_custom-forms\"><\/form><\/div>\n\t\t\t\t\t\t<\/div>\n\t\t\t\t<\/div>\n\t\t\t\t\t<\/div>\n\t\t\t\t<\/div>\n\t\t<div class=\"elementor-element elementor-element-f23f83f e-flex e-con-boxed rt-default-class e-con e-parent\" data-id=\"f23f83f\" data-element_type=\"container\" data-e-type=\"container\">\n\t\t\t\t\t<div class=\"e-con-inner\">\n\t\t\t\t<div class=\"elementor-element elementor-element-eb79fba rt-default-class elementor-widget elementor-widget-heading\" data-id=\"eb79fba\" data-element_type=\"widget\" data-e-type=\"widget\" data-widget_type=\"heading.default\">\n\t\t\t\t\t<h4 class=\"elementor-heading-title elementor-size-default\">Additional Locations<\/h4>\t\t\t\t<\/div>\n\t\t\t\t\t<\/div>\n\t\t\t\t<\/div>\n\t\t<div class=\"elementor-element elementor-element-960ebc6 e-flex e-con-boxed rt-default-class e-con e-parent\" data-id=\"960ebc6\" data-element_type=\"container\" data-e-type=\"container\">\n\t\t\t\t\t<div class=\"e-con-inner\">\n\t\t<div class=\"elementor-element elementor-element-49c53e2 e-con-full e-flex rt-default-class e-con e-child\" data-id=\"49c53e2\" data-element_type=\"container\" data-e-type=\"container\">\n\t\t\t\t<div class=\"elementor-element elementor-element-9f13583 rt-default-class elementor-widget elementor-widget-text-editor\" data-id=\"9f13583\" data-element_type=\"widget\" data-e-type=\"widget\" data-widget_type=\"text-editor.default\">\n\t\t\t\t\t\t\t\t\t<h6>Croatian aviation training center (HZNS)<\/h6><p>Je\u017edove\u010dka 17, 10250 Lu\u010dko,<\/p><p>tel: +385 1 6560 219, hzns@fpz.hr\u00a0<\/p>\t\t\t\t\t\t\t\t<\/div>\n\t\t\t\t<\/div>\n\t\t<div class=\"elementor-element elementor-element-954e46b e-con-full e-flex rt-default-class e-con e-child\" data-id=\"954e46b\" data-element_type=\"container\" data-e-type=\"container\">\n\t\t\t\t<div class=\"elementor-element elementor-element-d9ab12f rt-default-class elementor-widget elementor-widget-image\" data-id=\"d9ab12f\" data-element_type=\"widget\" data-e-type=\"widget\" data-widget_type=\"image.default\">\n\t\t\t\t\t\t\t\t\t\t\t\t\t\t\t<img fetchpriority=\"high\" decoding=\"async\" width=\"640\" height=\"250\" src=\"https:\/\/www.fpz.unizg.hr\/zan\/wp-content\/uploads\/2025\/11\/d47f814d1fe10ac43b860a5f0b7983dc-768x300.jpg\" class=\"attachment-medium_large size-medium_large wp-image-15299\" alt=\"\" srcset=\"https:\/\/www.fpz.unizg.hr\/zan\/wp-content\/uploads\/2025\/11\/d47f814d1fe10ac43b860a5f0b7983dc-768x300.jpg 768w, https:\/\/www.fpz.unizg.hr\/zan\/wp-content\/uploads\/2025\/11\/d47f814d1fe10ac43b860a5f0b7983dc-300x117.jpg 300w, https:\/\/www.fpz.unizg.hr\/zan\/wp-content\/uploads\/2025\/11\/d47f814d1fe10ac43b860a5f0b7983dc-1024x400.jpg 1024w, https:\/\/www.fpz.unizg.hr\/zan\/wp-content\/uploads\/2025\/11\/d47f814d1fe10ac43b860a5f0b7983dc-600x234.jpg 600w, https:\/\/www.fpz.unizg.hr\/zan\/wp-content\/uploads\/2025\/11\/d47f814d1fe10ac43b860a5f0b7983dc.jpg 1280w\" sizes=\"(max-width: 640px) 100vw, 640px\">\t\t\t\t\t\t\t\t\t\t\t\t\t\t\t<\/div>\n\t\t\t\t<\/div>\n\t\t\t\t\t<\/div>\n\t\t\t\t<\/div>\n\t\t<div class=\"elementor-element elementor-element-e18d0a2 e-flex e-con-boxed rt-default-class e-con e-parent\" data-id=\"e18d0a2\" data-element_type=\"container\" data-e-type=\"container\">\n\t\t\t\t\t<div class=\"e-con-inner\">\n\t\t<div class=\"elementor-element elementor-element-b2a48da e-con-full e-flex rt-default-class e-con e-child\" data-id=\"b2a48da\" data-element_type=\"container\" data-e-type=\"container\">\n\t\t\t\t<div class=\"elementor-element elementor-element-ada0e1d rt-default-class elementor-widget elementor-widget-text-editor\" data-id=\"ada0e1d\" data-element_type=\"widget\" data-e-type=\"widget\" data-widget_type=\"text-editor.default\">\n\t\t\t\t\t\t\t\t\t<h6>Main location<\/h6><p>Ulica Lavoslava Vukeli\u0107a 4, 10 000 Zagreb<\/p><p>tel :+385 1 2380 222<\/p><p>fpz@fpz.unizg.hr<\/p>\t\t\t\t\t\t\t\t<\/div>\n\t\t\t\t<\/div>\n\t\t<div class=\"elementor-element elementor-element-8eb9874 e-con-full e-flex rt-default-class e-con e-child\" data-id=\"8eb9874\" data-element_type=\"container\" data-e-type=\"container\">\n\t\t\t\t<div class=\"elementor-element elementor-element-cefc401 rt-default-class elementor-widget elementor-widget-image\" data-id=\"cefc401\" data-element_type=\"widget\" data-e-type=\"widget\" data-widget_type=\"image.default\">\n\t\t\t\t\t\t\t\t\t\t\t\t\t\t\t<img decoding=\"async\" width=\"640\" height=\"250\" src=\"https:\/\/www.fpz.unizg.hr\/zan\/wp-content\/uploads\/2025\/11\/003c27f4f7c877cb90f4a091565a5c95-768x300.jpg\" class=\"attachment-medium_large size-medium_large wp-image-15298\" alt=\"\" srcset=\"https:\/\/www.fpz.unizg.hr\/zan\/wp-content\/uploads\/2025\/11\/003c27f4f7c877cb90f4a091565a5c95-768x300.jpg 768w, https:\/\/www.fpz.unizg.hr\/zan\/wp-content\/uploads\/2025\/11\/003c27f4f7c877cb90f4a091565a5c95-300x117.jpg 300w, https:\/\/www.fpz.unizg.hr\/zan\/wp-content\/uploads\/2025\/11\/003c27f4f7c877cb90f4a091565a5c95-1024x400.jpg 1024w, https:\/\/www.fpz.unizg.hr\/zan\/wp-content\/uploads\/2025\/11\/003c27f4f7c877cb90f4a091565a5c95-600x234.jpg 600w, https:\/\/www.fpz.unizg.hr\/zan\/wp-content\/uploads\/2025\/11\/003c27f4f7c877cb90f4a091565a5c95.jpg 1280w\" sizes=\"(max-width: 640px) 100vw, 640px\">\t\t\t\t\t\t\t\t\t\t\t\t\t\t\t<\/div>\n\t\t\t\t<\/div>\n\t\t\t\t\t<\/div>\n\t\t\t\t<\/div>\n\t\t\t\t<\/div>\n\t\t","protected":false},"excerpt":{"rendered":"<p>Contact information Additional Locations Croatian aviation training center (HZNS) Je\u017edove\u010dka 17, 10250 Lu\u010dko, tel: +385 1 6560 219, hzns@fpz.hr\u00a0 Main location Ulica Lavoslava Vukeli\u0107a 4, 10 000 Zagreb tel :+385 1 2380 222 fpz@fpz.unizg.hr<\/p>\n","protected":false},"author":6,"featured_media":0,"parent":0,"menu_order":0,"comment_status":"closed","ping_status":"closed","template":"elementor_header_footer","meta":{"footnotes":""},"class_list":["post-46","page","type-page","status-publish","hentry"],"aioseo_notices":[],"_links":{"self":[{"href":"https:\/\/www.fpz.unizg.hr\/zan\/wp-json\/wp\/v2\/pages\/46","targetHints":{"allow":["GET"]}}],"collection":[{"href":"https:\/\/www.fpz.unizg.hr\/zan\/wp-json\/wp\/v2\/pages"}],"about":[{"href":"https:\/\/www.fpz.unizg.hr\/zan\/wp-json\/wp\/v2\/types\/page"}],"author":[{"embeddable":true,"href":"https:\/\/www.fpz.unizg.hr\/zan\/wp-json\/wp\/v2\/users\/6"}],"replies":[{"embeddable":true,"href":"https:\/\/www.fpz.unizg.hr\/zan\/wp-json\/wp\/v2\/comments?post=46"}],"version-history":[{"count":21,"href":"https:\/\/www.fpz.unizg.hr\/zan\/wp-json\/wp\/v2\/pages\/46\/revisions"}],"predecessor-version":[{"id":102574,"href":"https:\/\/www.fpz.unizg.hr\/zan\/wp-json\/wp\/v2\/pages\/46\/revisions\/102574"}],"wp:attachment":[{"href":"https:\/\/www.fpz.unizg.hr\/zan\/wp-json\/wp\/v2\/media?parent=46"}],"curies":[{"name":"wp","href":"https:\/\/api.w.org\/{rel}","templated":true}]}}