{"id":5809,"date":"2024-08-06T03:28:04","date_gmt":"2024-08-06T03:28:04","guid":{"rendered":"https:\/\/themewant.com\/products\/wordpress\/unipix\/about-us\/?page_id=5809"},"modified":"2026-03-30T09:58:31","modified_gmt":"2026-03-30T07:58:31","slug":"about-department","status":"publish","type":"page","link":"https:\/\/www.fpz.unizg.hr\/zan\/about-department\/","title":{"rendered":"About department"},"content":{"rendered":"\t\t<div data-elementor-type=\"wp-page\" data-elementor-id=\"5809\" class=\"elementor elementor-5809\">\n\t\t\t\t<div class=\"elementor-element elementor-element-f885734 e-flex e-con-boxed rt-default-class e-con e-parent\" data-id=\"f885734\" data-element_type=\"container\" data-e-type=\"container\">\n\t\t\t\t\t<div class=\"e-con-inner\">\n\t\t\t\t<div class=\"elementor-element elementor-element-359d503 rt-default-class elementor-widget elementor-widget-heading\" data-id=\"359d503\" data-element_type=\"widget\" data-e-type=\"widget\" data-widget_type=\"heading.default\">\n\t\t\t\t\t<h2 class=\"elementor-heading-title elementor-size-default\">About the Department<\/h2>\t\t\t\t<\/div>\n\t\t\t\t\t<\/div>\n\t\t\t\t<\/div>\n\t\t<div class=\"elementor-element elementor-element-37ed52c e-flex e-con-boxed rt-default-class e-con e-parent\" data-id=\"37ed52c\" data-element_type=\"container\" data-e-type=\"container\">\n\t\t\t\t\t<div class=\"e-con-inner\">\n\t\t\t\t<div class=\"elementor-element elementor-element-d37e035 rt-default-class elementor-widget elementor-widget-text-editor\" data-id=\"d37e035\" data-element_type=\"widget\" data-e-type=\"widget\" data-widget_type=\"text-editor.default\">\n\t\t\t\t\t\t\t\t\t<p data-start=\"690\" data-end=\"908\">The Department of Aeronautics is a teaching, scientific, and research-oriented organizational unit of the Faculty of Transport and Traffic Sciences, University of Zagreb, and the holder of aeronautics study programmes.<\/p><p data-start=\"910\" data-end=\"1390\">The core responsibility of the Department of Aeronautics is the implementation of teaching activities as well as scientific research and professional work in the field of aeronautics. This makes the Department a unique organization in the Republic of Croatia within the higher education system for aviation professionals who pursue careers in civil or military aviation, including flight operations, aircraft piloting and management, as well as air traffic control and management.<\/p><p data-start=\"1392\" data-end=\"1728\">The Department of Aeronautics was established in 1992 with the introduction of aeronautics study programmes. It includes a large number of associated members and external collaborators involved in teaching activities, as well as professional associates periodically engaged in scientific research projects conducted by the Department.<\/p>\t\t\t\t\t\t\t\t<\/div>\n\t\t\t\t\t<\/div>\n\t\t\t\t<\/div>\n\t\t<div class=\"elementor-element elementor-element-aba2e36 e-flex e-con-boxed rt-default-class e-con e-parent\" data-id=\"aba2e36\" data-element_type=\"container\" data-e-type=\"container\">\n\t\t\t\t\t<div class=\"e-con-inner\">\n\t\t<div class=\"elementor-element elementor-element-27cbbdd e-con-full e-flex rt-default-class e-con e-child\" data-id=\"27cbbdd\" data-element_type=\"container\" data-e-type=\"container\">\n\t\t\t\t<div class=\"elementor-element elementor-element-12a4ce3 rt-default-class elementor-widget elementor-widget-text-editor\" data-id=\"12a4ce3\" data-element_type=\"widget\" data-e-type=\"widget\" data-widget_type=\"text-editor.default\">\n\t\t\t\t\t\t\t\t\t<h6 data-start=\"2289\" data-end=\"2302\">Mission<\/h6><p data-start=\"2304\" data-end=\"2549\">The mission of the Department of Aeronautics is to provide high-quality education, scientific research, and professional expertise in the field of aeronautics, contributing to the development of safe, efficient, and sustainable aviation systems.<\/p>\t\t\t\t\t\t\t\t<\/div>\n\t\t\t\t<div class=\"elementor-element elementor-element-4277898 rt-default-class elementor-widget elementor-widget-text-editor\" data-id=\"4277898\" data-element_type=\"widget\" data-e-type=\"widget\" data-widget_type=\"text-editor.default\">\n\t\t\t\t\t\t\t\t\t<h6 data-start=\"2556\" data-end=\"2568\">Vision<\/h6><p data-start=\"2570\" data-end=\"2867\">The vision of the Department of Aeronautics is to continuously develop and strengthen its role as a nationally and internationally recognized center of excellence in aeronautical education, research, and professional training, aligned with modern aviation standards and technological advancements.<\/p>\t\t\t\t\t\t\t\t<\/div>\n\t\t\t\t<div class=\"elementor-element elementor-element-c8a1fde rt-default-class elementor-widget elementor-widget-image\" data-id=\"c8a1fde\" data-element_type=\"widget\" data-e-type=\"widget\" data-widget_type=\"image.default\">\n\t\t\t\t\t\t\t\t\t\t\t\t\t\t\t<img fetchpriority=\"high\" decoding=\"async\" width=\"640\" height=\"408\" src=\"https:\/\/www.fpz.unizg.hr\/zan\/wp-content\/uploads\/2024\/08\/Zavodi-FPZ-26-of-113-768x489.jpg\" class=\"attachment-medium_large size-medium_large wp-image-100937\" alt=\"\" srcset=\"https:\/\/www.fpz.unizg.hr\/zan\/wp-content\/uploads\/2024\/08\/Zavodi-FPZ-26-of-113-768x489.jpg 768w, https:\/\/www.fpz.unizg.hr\/zan\/wp-content\/uploads\/2024\/08\/Zavodi-FPZ-26-of-113-300x191.jpg 300w, https:\/\/www.fpz.unizg.hr\/zan\/wp-content\/uploads\/2024\/08\/Zavodi-FPZ-26-of-113-1024x652.jpg 1024w, https:\/\/www.fpz.unizg.hr\/zan\/wp-content\/uploads\/2024\/08\/Zavodi-FPZ-26-of-113-1536x978.jpg 1536w, https:\/\/www.fpz.unizg.hr\/zan\/wp-content\/uploads\/2024\/08\/Zavodi-FPZ-26-of-113-2048x1305.jpg 2048w, https:\/\/www.fpz.unizg.hr\/zan\/wp-content\/uploads\/2024\/08\/Zavodi-FPZ-26-of-113-190x120.jpg 190w\" sizes=\"(max-width: 640px) 100vw, 640px\">\t\t\t\t\t\t\t\t\t\t\t\t\t\t\t<\/div>\n\t\t\t\t<\/div>\n\t\t<div class=\"elementor-element elementor-element-5d2471a e-con-full e-flex rt-default-class e-con e-child\" data-id=\"5d2471a\" data-element_type=\"container\" data-e-type=\"container\">\n\t\t\t\t<div class=\"elementor-element elementor-element-1d5272a rt-default-class elementor-widget elementor-widget-video\" data-id=\"1d5272a\" data-element_type=\"widget\" data-e-type=\"widget\" data-settings='{\"youtube_url\":\"https:\\\/\\\/youtu.be\\\/dTGNZlHkJqY?si=AOBqLK3PQPv-9VvQ\",\"video_type\":\"youtube\",\"controls\":\"yes\"}' data-widget_type=\"video.default\">\n\t\t\t\t\t\t\t<div class=\"elementor-wrapper elementor-open-inline\">\n\t\t\t<div class=\"elementor-video\"><\/div>\t\t<\/div>\n\t\t\t\t\t\t<\/div>\n\t\t\t\t<div class=\"elementor-element elementor-element-e7f5cf7 rt-default-class elementor-widget elementor-widget-text-editor\" data-id=\"e7f5cf7\" data-element_type=\"widget\" data-e-type=\"widget\" data-widget_type=\"text-editor.default\">\n\t\t\t\t\t\t\t\t\t<h6 data-start=\"2289\" data-end=\"2302\">Divisions<\/h6><p data-start=\"2304\" data-end=\"2549\">For the purpose of teaching activities, the Department is organized into five divisions: Division of Aeronautical Engineering, Division of Avionics and Navigation, Division of English for Aviation, Division of Military Aviation, Division of Air Traffic Control<\/p>\t\t\t\t\t\t\t\t<\/div>\n\t\t\t\t<div class=\"elementor-element elementor-element-3bceb6f rt-default-class elementor-widget elementor-widget-text-editor\" data-id=\"3bceb6f\" data-element_type=\"widget\" data-e-type=\"widget\" data-widget_type=\"text-editor.default\">\n\t\t\t\t\t\t\t\t\t<h6 data-start=\"132\" data-end=\"148\">Laboratoris<\/h6><p>In support of teaching, research, and professional activities within the Department\u2019s divisions, the following laboratories are available: Aerodynamics Laboratory, Laboratory for Air Traffic Control, Laboratory for Aircraft Emissions,Laboratory for Testing in Aeronautical Engineering,Flight Simulation Laboratory<\/p>\t\t\t\t\t\t\t\t<\/div>\n\t\t\t\t<\/div>\n\t\t\t\t\t<\/div>\n\t\t\t\t<\/div>\n\t\t<div class=\"elementor-element elementor-element-15d45c8 e-flex e-con-boxed rt-default-class e-con e-parent\" data-id=\"15d45c8\" data-element_type=\"container\" data-e-type=\"container\">\n\t\t\t\t\t<div class=\"e-con-inner\">\n\t\t\t\t<div class=\"elementor-element elementor-element-f50596c rt-default-class elementor-widget elementor-widget-text-editor\" data-id=\"f50596c\" data-element_type=\"widget\" data-e-type=\"widget\" data-widget_type=\"text-editor.default\">\n\t\t\t\t\t\t\t\t\t<h6>Staff of the Department of Aeronautics\u00a0<\/h6><p data-start=\"212\" data-end=\"261\"><a href=\"https:\/\/www.researchgate.net\/profile\/Biljana-Juricic-3\">prof. dr. sc. Biljana Juri\u010di\u0107,<\/a> Head of the Department<\/p><p data-start=\"264\" data-end=\"295\"><a href=\"https:\/\/www.researchgate.net\/profile\/Doris-Novak\">prof. dr. sc. Doris Novak,<\/a>\u00a0<a href=\"https:\/\/www.researchgate.net\/profile\/Anita-Domitrovic\">izv. prof. dr. sc. Anita Domitrovi\u0107<\/a>,\u00a0<a href=\"https:\/\/www.researchgate.net\/profile\/Tomislav-Radisic\">izv. prof. dr. sc. Tomislav Radi\u0161i\u0107,<\/a>\u00a0<a href=\"https:\/\/www.researchgate.net\/profile\/Karolina-Krajcek-Nikolic\">izv. dr. sc. Karolina Kraj\u010dek Nikoli\u0107<\/a>,\u00a0<a href=\"https:\/\/www.researchgate.net\/scientific-contributions\/Jurica-Ivosevic-2138431637\">izv. prof. dr. sc. Jurica Ivo\u0161evi\u0107<\/a>,\u00a0<a href=\"https:\/\/www.researchgate.net\/profile\/Petar-Andrasi-2\">doc. dr. sc. Petar Andra\u0161i,<\/a><a href=\"https:\/\/www.researchgate.net\/profile\/Bruno-Antulov-Fantulin\">\u00a0doc. dr. sc. Bruno Antulov-Fantulin<\/a>,\u00a0<a href=\"https:\/\/www.researchgate.net\/profile\/David-Gerhardinger\">dr. sc. David Gerhardinger,<\/a>\u00a0<a href=\"https:\/\/www.researchgate.net\/profile\/Davor-Franjkovic\">mr. sc. Davor Franjkovi\u0107<\/a>, Ivana Franceti\u0107, prof., v. pred. Sini\u0161a Prekrati\u0107, prof., pred.,\u00a0<a href=\"https:\/\/www.researchgate.net\/profile\/Tea-Rogosic\">Tea Jurini\u0107, univ. mag. ing. aeronaut.<\/a>,\u00a0<a href=\"https:\/\/www.researchgate.net\/profile\/Ivan-Tukaric\">Ivan Tukari\u0107, univ. mag. ing. aeroing<\/a>.,<a href=\"https:\/\/www.researchgate.net\/profile\/Kristina-Samardzic-2\">\u00a0Kristina Samard\u017ei\u0107, univ. mag. ing. aeronaut.<\/a>, Patrik Ro\u017ei\u0107, univ. mag. ing. aeroing.<\/p><p data-start=\"937\" data-end=\"994\">Mirjana Kvastek, bacc. ing., Department Office Manager<\/p><p data-start=\"1001\" data-end=\"1025\">Project Associates: Jurica Ba\u010dani, univ. mag. ing. comp., Kristijan Verovi\u0107, univ. mag. ing. comp., Nikolina Toma\u0161kovi\u0107, struc. spec. oec.<\/p>\t\t\t\t\t\t\t\t<\/div>\n\t\t\t\t\t<\/div>\n\t\t\t\t<\/div>\n\t\t<div class=\"elementor-element elementor-element-12809cd e-flex e-con-boxed rt-default-class e-con e-parent\" data-id=\"12809cd\" data-element_type=\"container\" data-e-type=\"container\">\n\t\t\t\t\t<div class=\"e-con-inner\">\n\t\t\t\t<div class=\"elementor-element elementor-element-4b3583b elementor-arrows-position-inside rt-default-class elementor-widget elementor-widget-image-carousel\" data-id=\"4b3583b\" data-element_type=\"widget\" data-e-type=\"widget\" data-settings='{\"navigation\":\"arrows\",\"autoplay\":\"yes\",\"pause_on_hover\":\"yes\",\"pause_on_interaction\":\"yes\",\"autoplay_speed\":5000,\"infinite\":\"yes\",\"speed\":500}' data-widget_type=\"image-carousel.default\">\n\t\t\t\t\t\t\t<div class=\"elementor-image-carousel-wrapper swiper\" role=\"region\" aria-roledescription=\"carousel\" aria-label=\"Image Carousel\" dir=\"ltr\">\n\t\t\t<div class=\"elementor-image-carousel swiper-wrapper\" aria-live=\"off\">\n\t\t\t\t\t\t\t\t<div class=\"swiper-slide\" role=\"group\" aria-roledescription=\"slide\" aria-label=\"1 of 17\"><figure class=\"swiper-slide-inner\"><img decoding=\"async\" class=\"swiper-slide-image\" src=\"https:\/\/www.fpz.unizg.hr\/zan\/wp-content\/uploads\/2024\/08\/1820298-1-768x511.jpeg\" alt=\"1820298\"><\/figure><\/div><div class=\"swiper-slide\" role=\"group\" aria-roledescription=\"slide\" aria-label=\"2 of 17\"><figure class=\"swiper-slide-inner\"><img decoding=\"async\" class=\"swiper-slide-image\" src=\"https:\/\/www.fpz.unizg.hr\/zan\/wp-content\/uploads\/2024\/08\/1820296-1-768x511.jpeg\" alt=\"1820296\"><\/figure><\/div><div class=\"swiper-slide\" role=\"group\" aria-roledescription=\"slide\" aria-label=\"3 of 17\"><figure class=\"swiper-slide-inner\"><img decoding=\"async\" class=\"swiper-slide-image\" src=\"https:\/\/www.fpz.unizg.hr\/zan\/wp-content\/uploads\/2024\/08\/1820293-1-768x511.jpeg\" alt=\"1820293\"><\/figure><\/div><div class=\"swiper-slide\" role=\"group\" aria-roledescription=\"slide\" aria-label=\"4 of 17\"><figure class=\"swiper-slide-inner\"><img decoding=\"async\" class=\"swiper-slide-image\" src=\"https:\/\/www.fpz.unizg.hr\/zan\/wp-content\/uploads\/2024\/08\/1820300-1-768x511.jpeg\" alt=\"1820300\"><\/figure><\/div><div class=\"swiper-slide\" role=\"group\" aria-roledescription=\"slide\" aria-label=\"5 of 17\"><figure class=\"swiper-slide-inner\"><img decoding=\"async\" class=\"swiper-slide-image\" src=\"https:\/\/www.fpz.unizg.hr\/zan\/wp-content\/uploads\/2024\/08\/1820297-1-768x511.jpeg\" alt=\"1820297\"><\/figure><\/div><div class=\"swiper-slide\" role=\"group\" aria-roledescription=\"slide\" aria-label=\"6 of 17\"><figure class=\"swiper-slide-inner\"><img decoding=\"async\" class=\"swiper-slide-image\" src=\"https:\/\/www.fpz.unizg.hr\/zan\/wp-content\/uploads\/2024\/08\/1820291-1-768x511.jpeg\" alt=\"1820291\"><\/figure><\/div><div class=\"swiper-slide\" role=\"group\" aria-roledescription=\"slide\" aria-label=\"7 of 17\"><figure class=\"swiper-slide-inner\"><img decoding=\"async\" class=\"swiper-slide-image\" src=\"https:\/\/www.fpz.unizg.hr\/zan\/wp-content\/uploads\/2024\/08\/1820284-1-768x511.jpeg\" alt=\"1820284\"><\/figure><\/div><div class=\"swiper-slide\" role=\"group\" aria-roledescription=\"slide\" aria-label=\"8 of 17\"><figure class=\"swiper-slide-inner\"><img decoding=\"async\" class=\"swiper-slide-image\" src=\"https:\/\/www.fpz.unizg.hr\/zan\/wp-content\/uploads\/2024\/08\/1820283-1-768x511.jpeg\" alt=\"1820283\"><\/figure><\/div><div class=\"swiper-slide\" role=\"group\" aria-roledescription=\"slide\" aria-label=\"9 of 17\"><figure class=\"swiper-slide-inner\"><img decoding=\"async\" class=\"swiper-slide-image\" src=\"https:\/\/www.fpz.unizg.hr\/zan\/wp-content\/uploads\/2024\/08\/1820289-1-768x511.jpeg\" alt=\"1820289\"><\/figure><\/div><div class=\"swiper-slide\" role=\"group\" aria-roledescription=\"slide\" aria-label=\"10 of 17\"><figure class=\"swiper-slide-inner\"><img decoding=\"async\" class=\"swiper-slide-image\" src=\"https:\/\/www.fpz.unizg.hr\/zan\/wp-content\/uploads\/2024\/08\/1820287-1-768x511.jpeg\" alt=\"1820287\"><\/figure><\/div><div class=\"swiper-slide\" role=\"group\" aria-roledescription=\"slide\" aria-label=\"11 of 17\"><figure class=\"swiper-slide-inner\"><img decoding=\"async\" class=\"swiper-slide-image\" src=\"https:\/\/www.fpz.unizg.hr\/zan\/wp-content\/uploads\/2024\/08\/1820300-768x511.jpeg\" alt=\"1820300\"><\/figure><\/div><div class=\"swiper-slide\" role=\"group\" aria-roledescription=\"slide\" aria-label=\"12 of 17\"><figure class=\"swiper-slide-inner\"><img decoding=\"async\" class=\"swiper-slide-image\" src=\"https:\/\/www.fpz.unizg.hr\/zan\/wp-content\/uploads\/2024\/08\/1820297-768x511.jpeg\" alt=\"1820297\"><\/figure><\/div><div class=\"swiper-slide\" role=\"group\" aria-roledescription=\"slide\" aria-label=\"13 of 17\"><figure class=\"swiper-slide-inner\"><img decoding=\"async\" class=\"swiper-slide-image\" src=\"https:\/\/www.fpz.unizg.hr\/zan\/wp-content\/uploads\/2024\/08\/1820290-768x511.jpeg\" alt=\"1820290\"><\/figure><\/div><div class=\"swiper-slide\" role=\"group\" aria-roledescription=\"slide\" aria-label=\"14 of 17\"><figure class=\"swiper-slide-inner\"><img decoding=\"async\" class=\"swiper-slide-image\" src=\"https:\/\/www.fpz.unizg.hr\/zan\/wp-content\/uploads\/2024\/08\/1820291-768x511.jpeg\" alt=\"1820291\"><\/figure><\/div><div class=\"swiper-slide\" role=\"group\" aria-roledescription=\"slide\" aria-label=\"15 of 17\"><figure class=\"swiper-slide-inner\"><img decoding=\"async\" class=\"swiper-slide-image\" src=\"https:\/\/www.fpz.unizg.hr\/zan\/wp-content\/uploads\/2024\/08\/1820295-768x511.jpeg\" alt=\"1820295\"><\/figure><\/div><div class=\"swiper-slide\" role=\"group\" aria-roledescription=\"slide\" aria-label=\"16 of 17\"><figure class=\"swiper-slide-inner\"><img decoding=\"async\" class=\"swiper-slide-image\" src=\"https:\/\/www.fpz.unizg.hr\/zan\/wp-content\/uploads\/2024\/08\/1820293-768x511.jpeg\" alt=\"1820293\"><\/figure><\/div><div class=\"swiper-slide\" role=\"group\" aria-roledescription=\"slide\" aria-label=\"17 of 17\"><figure class=\"swiper-slide-inner\"><img decoding=\"async\" class=\"swiper-slide-image\" src=\"https:\/\/www.fpz.unizg.hr\/zan\/wp-content\/uploads\/2024\/08\/7323797-1536x1025-1-768x513.jpg\" alt=\"7323797-1536x1025\"><\/figure><\/div>\t\t\t<\/div>\n\t\t\t\t\t\t\t\t\t\t\t\t<div class=\"elementor-swiper-button elementor-swiper-button-prev\" role=\"button\" tabindex=\"0\">\n\t\t\t\t\t\t<svg aria-hidden=\"true\" class=\"e-font-icon-svg e-eicon-chevron-left\" viewbox=\"0 0 1000 1000\" xmlns=\"http:\/\/www.w3.org\/2000\/svg\"><path d=\"M646 125C629 125 613 133 604 142L308 442C296 454 292 471 292 487 292 504 296 521 308 533L604 854C617 867 629 875 646 875 663 875 679 871 692 858 704 846 713 829 713 812 713 796 708 779 692 767L438 487 692 225C700 217 708 204 708 187 708 171 704 154 692 142 675 129 663 125 646 125Z\"><\/path><\/svg>\t\t\t\t\t<\/div>\n\t\t\t\t\t<div class=\"elementor-swiper-button elementor-swiper-button-next\" role=\"button\" tabindex=\"0\">\n\t\t\t\t\t\t<svg aria-hidden=\"true\" class=\"e-font-icon-svg e-eicon-chevron-right\" viewbox=\"0 0 1000 1000\" xmlns=\"http:\/\/www.w3.org\/2000\/svg\"><path d=\"M696 533C708 521 713 504 713 487 713 471 708 454 696 446L400 146C388 133 375 125 354 125 338 125 325 129 313 142 300 154 292 171 292 187 292 204 296 221 308 233L563 492 304 771C292 783 288 800 288 817 288 833 296 850 308 863 321 871 338 875 354 875 371 875 388 867 400 854L696 533Z\"><\/path><\/svg>\t\t\t\t\t<\/div>\n\t\t\t\t\n\t\t\t\t\t\t\t\t\t<\/div>\n\t\t\t\t\t\t<\/div>\n\t\t\t\t\t<\/div>\n\t\t\t\t<\/div>\n\t\t<div class=\"elementor-element elementor-element-ff83c1f e-flex e-con-boxed rt-default-class e-con e-parent\" data-id=\"ff83c1f\" data-element_type=\"container\" data-e-type=\"container\">\n\t\t\t\t\t<div class=\"e-con-inner\">\n\t\t<div class=\"elementor-element elementor-element-75416fa e-con-full e-flex rt-default-class e-con e-child\" data-id=\"75416fa\" data-element_type=\"container\" data-e-type=\"container\">\n\t\t\t\t<div class=\"elementor-element elementor-element-019f4bd rt-default-class elementor-widget elementor-widget-text-editor\" data-id=\"019f4bd\" data-element_type=\"widget\" data-e-type=\"widget\" data-widget_type=\"text-editor.default\">\n\t\t\t\t\t\t\t\t\t<h2 data-start=\"96\" data-end=\"116\">About the Faculty<\/h2><p data-start=\"118\" data-end=\"509\">The roots of the <strong data-start=\"135\" data-end=\"176\"><span class=\"hover:entity-accent entity-underline inline cursor-pointer align-baseline\"><span class=\"whitespace-normal\">Faculty of Transport and Traffic Sciences, University of Zagreb<\/span><\/span><\/strong> date back to 1962, when the study programme in PTT Transport was launched. Further development of transport science followed in 1965 with the establishment of the Institute of Transport Sciences, whose founding was initiated and financially supported by numerous companies and professional associations from the Republic of Croatia.<\/p><p data-start=\"511\" data-end=\"943\">Higher education of transport professionals was further strengthened in 1968, when the Faculty of Civil Engineering of the University of Zagreb organized a transport study programme with interfaculty teaching. This programme involved lecturers from several University constituents, including the Faculties of Architecture, Economics, Electrical Engineering, Civil Engineering, Mechanical Engineering and Naval Architecture, and Law.<\/p><p data-start=\"945\" data-end=\"1206\">In 1981, the Centre for Transport Sciences was established, within which two key units operated \u2013 the Study of Transport Sciences, focused on scientific and teaching activities, and the Institute of Transport Sciences, focused on scientific research activities.<\/p>\t\t\t\t\t\t\t\t<\/div>\n\t\t\t\t<\/div>\n\t\t<div class=\"elementor-element elementor-element-bdbd746 e-con-full e-flex rt-default-class e-con e-child\" data-id=\"bdbd746\" data-element_type=\"container\" data-e-type=\"container\">\n\t\t\t\t<div class=\"elementor-element elementor-element-90064c6 rt-default-class elementor-widget elementor-widget-text-editor\" data-id=\"90064c6\" data-element_type=\"widget\" data-e-type=\"widget\" data-widget_type=\"text-editor.default\">\n\t\t\t\t\t\t\t\t\t<p data-start=\"1208\" data-end=\"1535\">As an independent scientific-teaching and scientific-research institution, the Faculty of Transport and Traffic Sciences of the University of Zagreb was officially registered on 10 October 1984. In accordance with the Faculty Statute, this date is celebrated as the Faculty Day of the Faculty of Transport and Traffic Sciences.<\/p><p data-start=\"1537\" data-end=\"1954\">After the independence of the Republic of Croatia, the Faculty went through various stages of development, gradually strengthening its role as a leading institution in the field of transport. Today, the Faculty of Transport and Traffic Sciences is recognized as the central national institution for the development of scientific, educational, and professional thought in the field of transport and traffic technology.<\/p><p data-start=\"1956\" data-end=\"2091\">For additional information about the Faculty of Transport and Traffic Sciences, please visit the official website: <strong data-start=\"2071\" data-end=\"2091\"><a class=\"decorated-link\" href=\"http:\/\/www.fpz.unizg.hr\" target=\"_new\" rel=\"noopener\" data-start=\"2073\" data-end=\"2089\">www.fpz.unizg.hr<\/a><\/strong><\/p>\t\t\t\t\t\t\t\t<\/div>\n\t\t\t\t<\/div>\n\t\t\t\t\t<\/div>\n\t\t\t\t<\/div>\n\t\t\t\t<\/div>\n\t\t","protected":false},"excerpt":{"rendered":"<p>About the Department The Department of Aeronautics is a teaching, scientific, and research-oriented organizational unit of the Faculty of Transport and Traffic Sciences, University of Zagreb, and the holder of aeronautics study programmes. The core responsibility of the Department of Aeronautics is the implementation of teaching activities as well as scientific research and professional work&#8230;<\/p>\n","protected":false},"author":6,"featured_media":0,"parent":0,"menu_order":0,"comment_status":"closed","ping_status":"closed","template":"elementor_header_footer","meta":{"footnotes":""},"class_list":["post-5809","page","type-page","status-publish","hentry"],"aioseo_notices":[],"_links":{"self":[{"href":"https:\/\/www.fpz.unizg.hr\/zan\/wp-json\/wp\/v2\/pages\/5809","targetHints":{"allow":["GET"]}}],"collection":[{"href":"https:\/\/www.fpz.unizg.hr\/zan\/wp-json\/wp\/v2\/pages"}],"about":[{"href":"https:\/\/www.fpz.unizg.hr\/zan\/wp-json\/wp\/v2\/types\/page"}],"author":[{"embeddable":true,"href":"https:\/\/www.fpz.unizg.hr\/zan\/wp-json\/wp\/v2\/users\/6"}],"replies":[{"embeddable":true,"href":"https:\/\/www.fpz.unizg.hr\/zan\/wp-json\/wp\/v2\/comments?post=5809"}],"version-history":[{"count":116,"href":"https:\/\/www.fpz.unizg.hr\/zan\/wp-json\/wp\/v2\/pages\/5809\/revisions"}],"predecessor-version":[{"id":102872,"href":"https:\/\/www.fpz.unizg.hr\/zan\/wp-json\/wp\/v2\/pages\/5809\/revisions\/102872"}],"wp:attachment":[{"href":"https:\/\/www.fpz.unizg.hr\/zan\/wp-json\/wp\/v2\/media?parent=5809"}],"curies":[{"name":"wp","href":"https:\/\/api.w.org\/{rel}","templated":true}]}}