{"id":302,"date":"2020-02-24T14:09:11","date_gmt":"2020-02-24T13:09:11","guid":{"rendered":"https:\/\/www.fpz.unizg.hr\/zps\/?page_id=302"},"modified":"2020-09-03T16:15:46","modified_gmt":"2020-09-03T14:15:46","slug":"konzultantske-usluge","status":"publish","type":"page","link":"https:\/\/www.fpz.unizg.hr\/zps\/konzultantske-usluge\/","title":{"rendered":"Konzultantske usluge"},"content":{"rendered":"<hr class=\"no_line\" style=\"margin: 0 auto 100px auto\"\/>\n\n<h1>Usluge savjetovanja<\/h1>\n<p><img decoding=\"async\" src=\"https:\/\/www.fpz.unizg.hr\/zps\/wp-content\/uploads\/2020\/01\/fpz-kosa-crta-dugacka.png\" \/><\/p>\n<hr class=\"no_line\" style=\"margin: 0 auto 50px auto\"\/>\n\n<p><strong>Dugogodi\u0161nje iskustvo i rad na projektima omogu\u0107uje nam kvalitetno pru\u017eanje usluga vanjskim partnerima u provedbi njihovog poslovnog plana.<\/strong><br \/>\n<strong>Time Zavod za prometnu signalizaciju djeluje kao istra\u017eiva\u010dki i razvojni partner koji integrira inovativne i komplementarne tehnologije u partnerski<\/strong><br \/>\n<strong>asortiman proizvoda.<\/strong><\/p>\n<p>Pozivamo vas da nam se obratite s povjerenjem u na\u0161u stru\u010dnost i znanja koja posjedujemo I da za va\u0161e potrebe prona\u0111emo najbolja rje\u0161enja.<\/p>\n<p>&nbsp;<\/p>\n<a   class=\"button  button_size_2 button_stroke_custom\"  href=\"https:\/\/www.fpz.unizg.hr\/zps\/kontakt\/\" style=\"border-color:#ce0000!important;color:#ce0000;\"     title=\"\"><span class=\"button_label\">KONTAKT<\/span><\/a>\n\n","protected":false},"excerpt":{"rendered":"<p>Usluge savjetovanja Dugogodi\u0161nje iskustvo i rad na projektima omogu\u0107uje nam kvalitetno pru\u017eanje usluga vanjskim partnerima u provedbi njihovog poslovnog plana. Time Zavod za prometnu signalizaciju djeluje<span class=\"excerpt-hellip\"> [\u2026]<\/span><\/p>\n","protected":false},"author":2,"featured_media":0,"parent":0,"menu_order":1,"comment_status":"closed","ping_status":"closed","template":"","meta":{"inline_featured_image":false,"footnotes":""},"yoast_head":"<!-- This site is optimized with the Yoast SEO plugin v22.5 - https:\/\/yoast.com\/wordpress\/plugins\/seo\/ -->\r\n<title>Konzultantske usluge - ZPS<\/title>\r\n<meta name=\"robots\" content=\"index, follow, max-snippet:-1, max-image-preview:large, max-video-preview:-1\" \/>\r\n<link rel=\"canonical\" href=\"https:\/\/www.fpz.unizg.hr\/zps\/konzultantske-usluge\/\" \/>\r\n<meta property=\"og:locale\" content=\"hr_HR\" \/>\r\n<meta property=\"og:type\" content=\"article\" \/>\r\n<meta property=\"og:title\" content=\"Konzultantske usluge - ZPS\" \/>\r\n<meta property=\"og:description\" content=\"Usluge savjetovanja Dugogodi\u0161nje iskustvo i rad na projektima omogu\u0107uje nam kvalitetno pru\u017eanje usluga vanjskim partnerima u provedbi njihovog poslovnog plana. Time Zavod za prometnu signalizaciju djeluje [\u2026]\" \/>\r\n<meta property=\"og:url\" content=\"https:\/\/www.fpz.unizg.hr\/zps\/konzultantske-usluge\/\" \/>\r\n<meta property=\"og:site_name\" content=\"ZPS\" \/>\r\n<meta property=\"article:modified_time\" content=\"2020-09-03T14:15:46+00:00\" \/>\r\n<meta property=\"og:image\" content=\"https:\/\/www.fpz.unizg.hr\/zps\/wp-content\/uploads\/2020\/01\/fpz-kosa-crta-dugacka.png\" \/>\r\n<meta name=\"twitter:card\" content=\"summary_large_image\" \/>\r\n<script type=\"application\/ld+json\" class=\"yoast-schema-graph\">{\"@context\":\"https:\/\/schema.org\",\"@graph\":[{\"@type\":\"WebPage\",\"@id\":\"https:\/\/www.fpz.unizg.hr\/zps\/konzultantske-usluge\/\",\"url\":\"https:\/\/www.fpz.unizg.hr\/zps\/konzultantske-usluge\/\",\"name\":\"Konzultantske usluge - ZPS\",\"isPartOf\":{\"@id\":\"https:\/\/www.fpz.unizg.hr\/zps\/#website\"},\"primaryImageOfPage\":{\"@id\":\"https:\/\/www.fpz.unizg.hr\/zps\/konzultantske-usluge\/#primaryimage\"},\"image\":{\"@id\":\"https:\/\/www.fpz.unizg.hr\/zps\/konzultantske-usluge\/#primaryimage\"},\"thumbnailUrl\":\"https:\/\/www.fpz.unizg.hr\/zps\/wp-content\/uploads\/2020\/01\/fpz-kosa-crta-dugacka.png\",\"datePublished\":\"2020-02-24T13:09:11+00:00\",\"dateModified\":\"2020-09-03T14:15:46+00:00\",\"breadcrumb\":{\"@id\":\"https:\/\/www.fpz.unizg.hr\/zps\/konzultantske-usluge\/#breadcrumb\"},\"inLanguage\":\"hr\",\"potentialAction\":[{\"@type\":\"ReadAction\",\"target\":[\"https:\/\/www.fpz.unizg.hr\/zps\/konzultantske-usluge\/\"]}]},{\"@type\":\"ImageObject\",\"inLanguage\":\"hr\",\"@id\":\"https:\/\/www.fpz.unizg.hr\/zps\/konzultantske-usluge\/#primaryimage\",\"url\":\"https:\/\/www.fpz.unizg.hr\/zps\/wp-content\/uploads\/2020\/01\/fpz-kosa-crta-dugacka.png\",\"contentUrl\":\"https:\/\/www.fpz.unizg.hr\/zps\/wp-content\/uploads\/2020\/01\/fpz-kosa-crta-dugacka.png\",\"width\":100,\"height\":12},{\"@type\":\"BreadcrumbList\",\"@id\":\"https:\/\/www.fpz.unizg.hr\/zps\/konzultantske-usluge\/#breadcrumb\",\"itemListElement\":[{\"@type\":\"ListItem\",\"position\":1,\"name\":\"Po\u010detna stranica\",\"item\":\"https:\/\/www.fpz.unizg.hr\/zps\/\"},{\"@type\":\"ListItem\",\"position\":2,\"name\":\"Konzultantske usluge\"}]},{\"@type\":\"WebSite\",\"@id\":\"https:\/\/www.fpz.unizg.hr\/zps\/#website\",\"url\":\"https:\/\/www.fpz.unizg.hr\/zps\/\",\"name\":\"ZPS\",\"description\":\"Zavod za prometnu signalizaciju\",\"potentialAction\":[{\"@type\":\"SearchAction\",\"target\":{\"@type\":\"EntryPoint\",\"urlTemplate\":\"https:\/\/www.fpz.unizg.hr\/zps\/?s={search_term_string}\"},\"query-input\":\"required name=search_term_string\"}],\"inLanguage\":\"hr\"}]}<\/script>\r\n<!-- \/ Yoast SEO plugin. -->","yoast_head_json":{"title":"Konzultantske usluge - ZPS","robots":{"index":"index","follow":"follow","max-snippet":"max-snippet:-1","max-image-preview":"max-image-preview:large","max-video-preview":"max-video-preview:-1"},"canonical":"https:\/\/www.fpz.unizg.hr\/zps\/konzultantske-usluge\/","og_locale":"hr_HR","og_type":"article","og_title":"Konzultantske usluge - ZPS","og_description":"Usluge savjetovanja Dugogodi\u0161nje iskustvo i rad na projektima omogu\u0107uje nam kvalitetno pru\u017eanje usluga vanjskim partnerima u provedbi njihovog poslovnog plana. Time Zavod za prometnu signalizaciju djeluje [\u2026]","og_url":"https:\/\/www.fpz.unizg.hr\/zps\/konzultantske-usluge\/","og_site_name":"ZPS","article_modified_time":"2020-09-03T14:15:46+00:00","og_image":[{"url":"https:\/\/www.fpz.unizg.hr\/zps\/wp-content\/uploads\/2020\/01\/fpz-kosa-crta-dugacka.png"}],"twitter_card":"summary_large_image","schema":{"@context":"https:\/\/schema.org","@graph":[{"@type":"WebPage","@id":"https:\/\/www.fpz.unizg.hr\/zps\/konzultantske-usluge\/","url":"https:\/\/www.fpz.unizg.hr\/zps\/konzultantske-usluge\/","name":"Konzultantske usluge - ZPS","isPartOf":{"@id":"https:\/\/www.fpz.unizg.hr\/zps\/#website"},"primaryImageOfPage":{"@id":"https:\/\/www.fpz.unizg.hr\/zps\/konzultantske-usluge\/#primaryimage"},"image":{"@id":"https:\/\/www.fpz.unizg.hr\/zps\/konzultantske-usluge\/#primaryimage"},"thumbnailUrl":"https:\/\/www.fpz.unizg.hr\/zps\/wp-content\/uploads\/2020\/01\/fpz-kosa-crta-dugacka.png","datePublished":"2020-02-24T13:09:11+00:00","dateModified":"2020-09-03T14:15:46+00:00","breadcrumb":{"@id":"https:\/\/www.fpz.unizg.hr\/zps\/konzultantske-usluge\/#breadcrumb"},"inLanguage":"hr","potentialAction":[{"@type":"ReadAction","target":["https:\/\/www.fpz.unizg.hr\/zps\/konzultantske-usluge\/"]}]},{"@type":"ImageObject","inLanguage":"hr","@id":"https:\/\/www.fpz.unizg.hr\/zps\/konzultantske-usluge\/#primaryimage","url":"https:\/\/www.fpz.unizg.hr\/zps\/wp-content\/uploads\/2020\/01\/fpz-kosa-crta-dugacka.png","contentUrl":"https:\/\/www.fpz.unizg.hr\/zps\/wp-content\/uploads\/2020\/01\/fpz-kosa-crta-dugacka.png","width":100,"height":12},{"@type":"BreadcrumbList","@id":"https:\/\/www.fpz.unizg.hr\/zps\/konzultantske-usluge\/#breadcrumb","itemListElement":[{"@type":"ListItem","position":1,"name":"Po\u010detna stranica","item":"https:\/\/www.fpz.unizg.hr\/zps\/"},{"@type":"ListItem","position":2,"name":"Konzultantske usluge"}]},{"@type":"WebSite","@id":"https:\/\/www.fpz.unizg.hr\/zps\/#website","url":"https:\/\/www.fpz.unizg.hr\/zps\/","name":"ZPS","description":"Zavod za prometnu signalizaciju","potentialAction":[{"@type":"SearchAction","target":{"@type":"EntryPoint","urlTemplate":"https:\/\/www.fpz.unizg.hr\/zps\/?s={search_term_string}"},"query-input":"required name=search_term_string"}],"inLanguage":"hr"}]}},"_links":{"self":[{"href":"https:\/\/www.fpz.unizg.hr\/zps\/wp-json\/wp\/v2\/pages\/302"}],"collection":[{"href":"https:\/\/www.fpz.unizg.hr\/zps\/wp-json\/wp\/v2\/pages"}],"about":[{"href":"https:\/\/www.fpz.unizg.hr\/zps\/wp-json\/wp\/v2\/types\/page"}],"author":[{"embeddable":true,"href":"https:\/\/www.fpz.unizg.hr\/zps\/wp-json\/wp\/v2\/users\/2"}],"replies":[{"embeddable":true,"href":"https:\/\/www.fpz.unizg.hr\/zps\/wp-json\/wp\/v2\/comments?post=302"}],"version-history":[{"count":19,"href":"https:\/\/www.fpz.unizg.hr\/zps\/wp-json\/wp\/v2\/pages\/302\/revisions"}],"predecessor-version":[{"id":659,"href":"https:\/\/www.fpz.unizg.hr\/zps\/wp-json\/wp\/v2\/pages\/302\/revisions\/659"}],"wp:attachment":[{"href":"https:\/\/www.fpz.unizg.hr\/zps\/wp-json\/wp\/v2\/media?parent=302"}],"curies":[{"name":"wp","href":"https:\/\/api.w.org\/{rel}","templated":true}]}}