{"id":313,"date":"2020-02-24T14:23:17","date_gmt":"2020-02-24T13:23:17","guid":{"rendered":"https:\/\/www.fpz.unizg.hr\/zps\/?page_id=313"},"modified":"2020-04-20T17:02:19","modified_gmt":"2020-04-20T15:02:19","slug":"simulator-voznje","status":"publish","type":"page","link":"https:\/\/www.fpz.unizg.hr\/zps\/centar-za-istrazivanja-cestovne-sigurnosti\/simulator-voznje\/","title":{"rendered":"Simulator vo\u017enje"},"content":{"rendered":"<h4>Simulator vo\u017enje slu\u017ei za provo\u0111enje istra\u017eivanja vezanih uz pona\u0161anje voza\u010da u simuliranim prometnim uvjetima.<\/h4>\n<p><img loading=\"lazy\" decoding=\"async\" class=\"alignleft size-full wp-image-96\" src=\"https:\/\/www.fpz.unizg.hr\/zps\/wp-content\/uploads\/2020\/01\/fpz-kosa-crta-dugacka.png\" alt=\"\" width=\"100\" height=\"12\" \/><\/p>\n<p>&nbsp;<\/p>\n<p><hr class=\"no_line\" style=\"margin: 0 auto 25px auto\"\/>\n<br \/>\nSastoji se od voza\u010dkog dijela (sjedalo s pedalama, upravlja\u010dem i mjenja\u010dem) te tri me\u0111usobno povezana zaslona, veli\u010dine 30\u201d i rezolucije 5760&#215;1080 na kojima se prikazuje odre\u0111en scenarij i pru\u017ea se interaktivan prikaz stvarnosti sa 210\u00b0 okoline preko \u0161est kanala (lijevi, srednji i desni pogled plus jedan retrovizor na svakom monitoru). Simulacijski softver pokre\u0107e operacijski sustav Windows 10 (64 bita) na ra\u010dunalu koje sadr\u017ei 32 GB unutarnje memorije i 3 GB video memorije.<\/p>\n","protected":false},"excerpt":{"rendered":"<p>Simulator vo\u017enje slu\u017ei za provo\u0111enje istra\u017eivanja vezanih uz pona\u0161anje voza\u010da u simuliranim prometnim uvjetima. &nbsp; Sastoji se od voza\u010dkog dijela (sjedalo s pedalama, upravlja\u010dem i mjenja\u010dem)<span class=\"excerpt-hellip\"> [\u2026]<\/span><\/p>\n","protected":false},"author":2,"featured_media":0,"parent":228,"menu_order":0,"comment_status":"closed","ping_status":"closed","template":"","meta":{"inline_featured_image":false,"footnotes":""},"yoast_head":"<!-- This site is optimized with the Yoast SEO plugin v22.5 - https:\/\/yoast.com\/wordpress\/plugins\/seo\/ -->\r\n<title>Simulator vo\u017enje - ZPS<\/title>\r\n<meta name=\"robots\" content=\"index, follow, max-snippet:-1, max-image-preview:large, max-video-preview:-1\" \/>\r\n<link rel=\"canonical\" href=\"https:\/\/www.fpz.unizg.hr\/zps\/centar-za-istrazivanja-cestovne-sigurnosti\/simulator-voznje\/\" \/>\r\n<meta property=\"og:locale\" content=\"hr_HR\" \/>\r\n<meta property=\"og:type\" content=\"article\" \/>\r\n<meta property=\"og:title\" content=\"Simulator vo\u017enje - ZPS\" \/>\r\n<meta property=\"og:description\" content=\"Simulator vo\u017enje slu\u017ei za provo\u0111enje istra\u017eivanja vezanih uz pona\u0161anje voza\u010da u simuliranim prometnim uvjetima. &nbsp; Sastoji se od voza\u010dkog dijela (sjedalo s pedalama, upravlja\u010dem i mjenja\u010dem) [\u2026]\" \/>\r\n<meta property=\"og:url\" content=\"https:\/\/www.fpz.unizg.hr\/zps\/centar-za-istrazivanja-cestovne-sigurnosti\/simulator-voznje\/\" \/>\r\n<meta property=\"og:site_name\" content=\"ZPS\" \/>\r\n<meta property=\"article:modified_time\" content=\"2020-04-20T15:02:19+00:00\" \/>\r\n<meta property=\"og:image\" content=\"https:\/\/www.fpz.unizg.hr\/zps\/wp-content\/uploads\/2020\/01\/fpz-kosa-crta-dugacka.png\" \/>\r\n<meta name=\"twitter:card\" content=\"summary_large_image\" \/>\r\n<meta name=\"twitter:label1\" content=\"Procijenjeno vrijeme \u010ditanja\" \/>\n\t<meta name=\"twitter:data1\" content=\"1 minuta\" \/>\r\n<script type=\"application\/ld+json\" class=\"yoast-schema-graph\">{\"@context\":\"https:\/\/schema.org\",\"@graph\":[{\"@type\":\"WebPage\",\"@id\":\"https:\/\/www.fpz.unizg.hr\/zps\/centar-za-istrazivanja-cestovne-sigurnosti\/simulator-voznje\/\",\"url\":\"https:\/\/www.fpz.unizg.hr\/zps\/centar-za-istrazivanja-cestovne-sigurnosti\/simulator-voznje\/\",\"name\":\"Simulator vo\u017enje - ZPS\",\"isPartOf\":{\"@id\":\"https:\/\/www.fpz.unizg.hr\/zps\/#website\"},\"primaryImageOfPage\":{\"@id\":\"https:\/\/www.fpz.unizg.hr\/zps\/centar-za-istrazivanja-cestovne-sigurnosti\/simulator-voznje\/#primaryimage\"},\"image\":{\"@id\":\"https:\/\/www.fpz.unizg.hr\/zps\/centar-za-istrazivanja-cestovne-sigurnosti\/simulator-voznje\/#primaryimage\"},\"thumbnailUrl\":\"https:\/\/www.fpz.unizg.hr\/zps\/wp-content\/uploads\/2020\/01\/fpz-kosa-crta-dugacka.png\",\"datePublished\":\"2020-02-24T13:23:17+00:00\",\"dateModified\":\"2020-04-20T15:02:19+00:00\",\"breadcrumb\":{\"@id\":\"https:\/\/www.fpz.unizg.hr\/zps\/centar-za-istrazivanja-cestovne-sigurnosti\/simulator-voznje\/#breadcrumb\"},\"inLanguage\":\"hr\",\"potentialAction\":[{\"@type\":\"ReadAction\",\"target\":[\"https:\/\/www.fpz.unizg.hr\/zps\/centar-za-istrazivanja-cestovne-sigurnosti\/simulator-voznje\/\"]}]},{\"@type\":\"ImageObject\",\"inLanguage\":\"hr\",\"@id\":\"https:\/\/www.fpz.unizg.hr\/zps\/centar-za-istrazivanja-cestovne-sigurnosti\/simulator-voznje\/#primaryimage\",\"url\":\"https:\/\/www.fpz.unizg.hr\/zps\/wp-content\/uploads\/2020\/01\/fpz-kosa-crta-dugacka.png\",\"contentUrl\":\"https:\/\/www.fpz.unizg.hr\/zps\/wp-content\/uploads\/2020\/01\/fpz-kosa-crta-dugacka.png\",\"width\":100,\"height\":12},{\"@type\":\"BreadcrumbList\",\"@id\":\"https:\/\/www.fpz.unizg.hr\/zps\/centar-za-istrazivanja-cestovne-sigurnosti\/simulator-voznje\/#breadcrumb\",\"itemListElement\":[{\"@type\":\"ListItem\",\"position\":1,\"name\":\"Po\u010detna stranica\",\"item\":\"https:\/\/www.fpz.unizg.hr\/zps\/\"},{\"@type\":\"ListItem\",\"position\":2,\"name\":\"Centar za istra\u017eivanja cestovne sigurnosti\",\"item\":\"https:\/\/www.fpz.unizg.hr\/zps\/centar-za-istrazivanja-cestovne-sigurnosti\/\"},{\"@type\":\"ListItem\",\"position\":3,\"name\":\"Simulator vo\u017enje\"}]},{\"@type\":\"WebSite\",\"@id\":\"https:\/\/www.fpz.unizg.hr\/zps\/#website\",\"url\":\"https:\/\/www.fpz.unizg.hr\/zps\/\",\"name\":\"ZPS\",\"description\":\"Zavod za prometnu signalizaciju\",\"potentialAction\":[{\"@type\":\"SearchAction\",\"target\":{\"@type\":\"EntryPoint\",\"urlTemplate\":\"https:\/\/www.fpz.unizg.hr\/zps\/?s={search_term_string}\"},\"query-input\":\"required name=search_term_string\"}],\"inLanguage\":\"hr\"}]}<\/script>\r\n<!-- \/ Yoast SEO plugin. -->","yoast_head_json":{"title":"Simulator vo\u017enje - ZPS","robots":{"index":"index","follow":"follow","max-snippet":"max-snippet:-1","max-image-preview":"max-image-preview:large","max-video-preview":"max-video-preview:-1"},"canonical":"https:\/\/www.fpz.unizg.hr\/zps\/centar-za-istrazivanja-cestovne-sigurnosti\/simulator-voznje\/","og_locale":"hr_HR","og_type":"article","og_title":"Simulator vo\u017enje - ZPS","og_description":"Simulator vo\u017enje slu\u017ei za provo\u0111enje istra\u017eivanja vezanih uz pona\u0161anje voza\u010da u simuliranim prometnim uvjetima. &nbsp; Sastoji se od voza\u010dkog dijela (sjedalo s pedalama, upravlja\u010dem i mjenja\u010dem) [\u2026]","og_url":"https:\/\/www.fpz.unizg.hr\/zps\/centar-za-istrazivanja-cestovne-sigurnosti\/simulator-voznje\/","og_site_name":"ZPS","article_modified_time":"2020-04-20T15:02:19+00:00","og_image":[{"url":"https:\/\/www.fpz.unizg.hr\/zps\/wp-content\/uploads\/2020\/01\/fpz-kosa-crta-dugacka.png"}],"twitter_card":"summary_large_image","twitter_misc":{"Procijenjeno vrijeme \u010ditanja":"1 minuta"},"schema":{"@context":"https:\/\/schema.org","@graph":[{"@type":"WebPage","@id":"https:\/\/www.fpz.unizg.hr\/zps\/centar-za-istrazivanja-cestovne-sigurnosti\/simulator-voznje\/","url":"https:\/\/www.fpz.unizg.hr\/zps\/centar-za-istrazivanja-cestovne-sigurnosti\/simulator-voznje\/","name":"Simulator vo\u017enje - ZPS","isPartOf":{"@id":"https:\/\/www.fpz.unizg.hr\/zps\/#website"},"primaryImageOfPage":{"@id":"https:\/\/www.fpz.unizg.hr\/zps\/centar-za-istrazivanja-cestovne-sigurnosti\/simulator-voznje\/#primaryimage"},"image":{"@id":"https:\/\/www.fpz.unizg.hr\/zps\/centar-za-istrazivanja-cestovne-sigurnosti\/simulator-voznje\/#primaryimage"},"thumbnailUrl":"https:\/\/www.fpz.unizg.hr\/zps\/wp-content\/uploads\/2020\/01\/fpz-kosa-crta-dugacka.png","datePublished":"2020-02-24T13:23:17+00:00","dateModified":"2020-04-20T15:02:19+00:00","breadcrumb":{"@id":"https:\/\/www.fpz.unizg.hr\/zps\/centar-za-istrazivanja-cestovne-sigurnosti\/simulator-voznje\/#breadcrumb"},"inLanguage":"hr","potentialAction":[{"@type":"ReadAction","target":["https:\/\/www.fpz.unizg.hr\/zps\/centar-za-istrazivanja-cestovne-sigurnosti\/simulator-voznje\/"]}]},{"@type":"ImageObject","inLanguage":"hr","@id":"https:\/\/www.fpz.unizg.hr\/zps\/centar-za-istrazivanja-cestovne-sigurnosti\/simulator-voznje\/#primaryimage","url":"https:\/\/www.fpz.unizg.hr\/zps\/wp-content\/uploads\/2020\/01\/fpz-kosa-crta-dugacka.png","contentUrl":"https:\/\/www.fpz.unizg.hr\/zps\/wp-content\/uploads\/2020\/01\/fpz-kosa-crta-dugacka.png","width":100,"height":12},{"@type":"BreadcrumbList","@id":"https:\/\/www.fpz.unizg.hr\/zps\/centar-za-istrazivanja-cestovne-sigurnosti\/simulator-voznje\/#breadcrumb","itemListElement":[{"@type":"ListItem","position":1,"name":"Po\u010detna stranica","item":"https:\/\/www.fpz.unizg.hr\/zps\/"},{"@type":"ListItem","position":2,"name":"Centar za istra\u017eivanja cestovne sigurnosti","item":"https:\/\/www.fpz.unizg.hr\/zps\/centar-za-istrazivanja-cestovne-sigurnosti\/"},{"@type":"ListItem","position":3,"name":"Simulator vo\u017enje"}]},{"@type":"WebSite","@id":"https:\/\/www.fpz.unizg.hr\/zps\/#website","url":"https:\/\/www.fpz.unizg.hr\/zps\/","name":"ZPS","description":"Zavod za prometnu signalizaciju","potentialAction":[{"@type":"SearchAction","target":{"@type":"EntryPoint","urlTemplate":"https:\/\/www.fpz.unizg.hr\/zps\/?s={search_term_string}"},"query-input":"required name=search_term_string"}],"inLanguage":"hr"}]}},"_links":{"self":[{"href":"https:\/\/www.fpz.unizg.hr\/zps\/wp-json\/wp\/v2\/pages\/313"}],"collection":[{"href":"https:\/\/www.fpz.unizg.hr\/zps\/wp-json\/wp\/v2\/pages"}],"about":[{"href":"https:\/\/www.fpz.unizg.hr\/zps\/wp-json\/wp\/v2\/types\/page"}],"author":[{"embeddable":true,"href":"https:\/\/www.fpz.unizg.hr\/zps\/wp-json\/wp\/v2\/users\/2"}],"replies":[{"embeddable":true,"href":"https:\/\/www.fpz.unizg.hr\/zps\/wp-json\/wp\/v2\/comments?post=313"}],"version-history":[{"count":9,"href":"https:\/\/www.fpz.unizg.hr\/zps\/wp-json\/wp\/v2\/pages\/313\/revisions"}],"predecessor-version":[{"id":514,"href":"https:\/\/www.fpz.unizg.hr\/zps\/wp-json\/wp\/v2\/pages\/313\/revisions\/514"}],"up":[{"embeddable":true,"href":"https:\/\/www.fpz.unizg.hr\/zps\/wp-json\/wp\/v2\/pages\/228"}],"wp:attachment":[{"href":"https:\/\/www.fpz.unizg.hr\/zps\/wp-json\/wp\/v2\/media?parent=313"}],"curies":[{"name":"wp","href":"https:\/\/api.w.org\/{rel}","templated":true}]}}