{"id":315,"date":"2020-02-24T14:23:37","date_gmt":"2020-02-24T13:23:37","guid":{"rendered":"https:\/\/www.fpz.unizg.hr\/zps\/?page_id=315"},"modified":"2020-04-20T17:04:43","modified_gmt":"2020-04-20T15:04:43","slug":"pracenje-pogleda-ispitanika","status":"publish","type":"page","link":"https:\/\/www.fpz.unizg.hr\/zps\/centar-za-istrazivanja-cestovne-sigurnosti\/pracenje-pogleda-ispitanika\/","title":{"rendered":"Pra\u0107enje pogleda ispitanika"},"content":{"rendered":"<h4>Suvremen i neinvazivan ure\u0111aj za pra\u0107enje pogleda ispitanika u realnom vremenu u stvarnim ili laboratorijskim uvjetima.<\/h4>\n<p><img loading=\"lazy\" decoding=\"async\" class=\"alignleft size-full wp-image-96\" src=\"https:\/\/www.fpz.unizg.hr\/zps\/wp-content\/uploads\/2020\/01\/fpz-kosa-crta-dugacka.png\" alt=\"\" width=\"100\" height=\"12\" \/><\/p>\n<p>&nbsp;<\/p>\n<p>Sustav se sastoji od nao\u010dala koje sadr\u017ee \u010detiri kamere za snimanje oka, \u010detiri senzora te kamere koja omogu\u0107uje snimanje prostora ispred ispitanika s HD rezolucijom od 1920&#215;1080 piksela i pokriveno\u0161\u0107u vidnog polja od 160\u00b0 vodoravno i 70\u00b0 okomito. Osim kamera, nao\u010dale sadr\u017ee i mikrofon kojim je mogu\u0107e snimiti zvuk prilikom ispitivanja \u010dime se omogu\u0107uje detaljna obrada vi\u0111enog popra\u0107ena ispitanikovim komentarima.<br \/>\nNao\u010dale se koriste za znanstveno-istra\u017eiva\u010dki rad vezan uz istra\u017eivanje utjecaja prometne signalizacije na vizualnu percepciju sudionika u prometu te njihovo pona\u0161anje u prometu s ciljem pove\u0107anja prometne sigurnosti.<\/p>\n","protected":false},"excerpt":{"rendered":"<p>Suvremen i neinvazivan ure\u0111aj za pra\u0107enje pogleda ispitanika u realnom vremenu u stvarnim ili laboratorijskim uvjetima. &nbsp; Sustav se sastoji od nao\u010dala koje sadr\u017ee \u010detiri kamere<span class=\"excerpt-hellip\"> [\u2026]<\/span><\/p>\n","protected":false},"author":2,"featured_media":0,"parent":228,"menu_order":0,"comment_status":"closed","ping_status":"closed","template":"","meta":{"inline_featured_image":false,"footnotes":""},"yoast_head":"<!-- This site is optimized with the Yoast SEO plugin v22.5 - https:\/\/yoast.com\/wordpress\/plugins\/seo\/ -->\r\n<title>Pra\u0107enje pogleda ispitanika - ZPS<\/title>\r\n<meta name=\"robots\" content=\"index, follow, max-snippet:-1, max-image-preview:large, max-video-preview:-1\" \/>\r\n<link rel=\"canonical\" href=\"https:\/\/www.fpz.unizg.hr\/zps\/centar-za-istrazivanja-cestovne-sigurnosti\/pracenje-pogleda-ispitanika\/\" \/>\r\n<meta property=\"og:locale\" content=\"hr_HR\" \/>\r\n<meta property=\"og:type\" content=\"article\" \/>\r\n<meta property=\"og:title\" content=\"Pra\u0107enje pogleda ispitanika - ZPS\" \/>\r\n<meta property=\"og:description\" content=\"Suvremen i neinvazivan ure\u0111aj za pra\u0107enje pogleda ispitanika u realnom vremenu u stvarnim ili laboratorijskim uvjetima. &nbsp; Sustav se sastoji od nao\u010dala koje sadr\u017ee \u010detiri kamere [\u2026]\" \/>\r\n<meta property=\"og:url\" content=\"https:\/\/www.fpz.unizg.hr\/zps\/centar-za-istrazivanja-cestovne-sigurnosti\/pracenje-pogleda-ispitanika\/\" \/>\r\n<meta property=\"og:site_name\" content=\"ZPS\" \/>\r\n<meta property=\"article:modified_time\" content=\"2020-04-20T15:04:43+00:00\" \/>\r\n<meta property=\"og:image\" content=\"https:\/\/www.fpz.unizg.hr\/zps\/wp-content\/uploads\/2020\/01\/fpz-kosa-crta-dugacka.png\" \/>\r\n<meta name=\"twitter:card\" content=\"summary_large_image\" \/>\r\n<meta name=\"twitter:label1\" content=\"Procijenjeno vrijeme \u010ditanja\" \/>\n\t<meta name=\"twitter:data1\" content=\"1 minuta\" \/>\r\n<script type=\"application\/ld+json\" class=\"yoast-schema-graph\">{\"@context\":\"https:\/\/schema.org\",\"@graph\":[{\"@type\":\"WebPage\",\"@id\":\"https:\/\/www.fpz.unizg.hr\/zps\/centar-za-istrazivanja-cestovne-sigurnosti\/pracenje-pogleda-ispitanika\/\",\"url\":\"https:\/\/www.fpz.unizg.hr\/zps\/centar-za-istrazivanja-cestovne-sigurnosti\/pracenje-pogleda-ispitanika\/\",\"name\":\"Pra\u0107enje pogleda ispitanika - ZPS\",\"isPartOf\":{\"@id\":\"https:\/\/www.fpz.unizg.hr\/zps\/#website\"},\"primaryImageOfPage\":{\"@id\":\"https:\/\/www.fpz.unizg.hr\/zps\/centar-za-istrazivanja-cestovne-sigurnosti\/pracenje-pogleda-ispitanika\/#primaryimage\"},\"image\":{\"@id\":\"https:\/\/www.fpz.unizg.hr\/zps\/centar-za-istrazivanja-cestovne-sigurnosti\/pracenje-pogleda-ispitanika\/#primaryimage\"},\"thumbnailUrl\":\"https:\/\/www.fpz.unizg.hr\/zps\/wp-content\/uploads\/2020\/01\/fpz-kosa-crta-dugacka.png\",\"datePublished\":\"2020-02-24T13:23:37+00:00\",\"dateModified\":\"2020-04-20T15:04:43+00:00\",\"breadcrumb\":{\"@id\":\"https:\/\/www.fpz.unizg.hr\/zps\/centar-za-istrazivanja-cestovne-sigurnosti\/pracenje-pogleda-ispitanika\/#breadcrumb\"},\"inLanguage\":\"hr\",\"potentialAction\":[{\"@type\":\"ReadAction\",\"target\":[\"https:\/\/www.fpz.unizg.hr\/zps\/centar-za-istrazivanja-cestovne-sigurnosti\/pracenje-pogleda-ispitanika\/\"]}]},{\"@type\":\"ImageObject\",\"inLanguage\":\"hr\",\"@id\":\"https:\/\/www.fpz.unizg.hr\/zps\/centar-za-istrazivanja-cestovne-sigurnosti\/pracenje-pogleda-ispitanika\/#primaryimage\",\"url\":\"https:\/\/www.fpz.unizg.hr\/zps\/wp-content\/uploads\/2020\/01\/fpz-kosa-crta-dugacka.png\",\"contentUrl\":\"https:\/\/www.fpz.unizg.hr\/zps\/wp-content\/uploads\/2020\/01\/fpz-kosa-crta-dugacka.png\",\"width\":100,\"height\":12},{\"@type\":\"BreadcrumbList\",\"@id\":\"https:\/\/www.fpz.unizg.hr\/zps\/centar-za-istrazivanja-cestovne-sigurnosti\/pracenje-pogleda-ispitanika\/#breadcrumb\",\"itemListElement\":[{\"@type\":\"ListItem\",\"position\":1,\"name\":\"Po\u010detna stranica\",\"item\":\"https:\/\/www.fpz.unizg.hr\/zps\/\"},{\"@type\":\"ListItem\",\"position\":2,\"name\":\"Centar za istra\u017eivanja cestovne sigurnosti\",\"item\":\"https:\/\/www.fpz.unizg.hr\/zps\/centar-za-istrazivanja-cestovne-sigurnosti\/\"},{\"@type\":\"ListItem\",\"position\":3,\"name\":\"Pra\u0107enje pogleda ispitanika\"}]},{\"@type\":\"WebSite\",\"@id\":\"https:\/\/www.fpz.unizg.hr\/zps\/#website\",\"url\":\"https:\/\/www.fpz.unizg.hr\/zps\/\",\"name\":\"ZPS\",\"description\":\"Zavod za prometnu signalizaciju\",\"potentialAction\":[{\"@type\":\"SearchAction\",\"target\":{\"@type\":\"EntryPoint\",\"urlTemplate\":\"https:\/\/www.fpz.unizg.hr\/zps\/?s={search_term_string}\"},\"query-input\":\"required name=search_term_string\"}],\"inLanguage\":\"hr\"}]}<\/script>\r\n<!-- \/ Yoast SEO plugin. -->","yoast_head_json":{"title":"Pra\u0107enje pogleda ispitanika - ZPS","robots":{"index":"index","follow":"follow","max-snippet":"max-snippet:-1","max-image-preview":"max-image-preview:large","max-video-preview":"max-video-preview:-1"},"canonical":"https:\/\/www.fpz.unizg.hr\/zps\/centar-za-istrazivanja-cestovne-sigurnosti\/pracenje-pogleda-ispitanika\/","og_locale":"hr_HR","og_type":"article","og_title":"Pra\u0107enje pogleda ispitanika - ZPS","og_description":"Suvremen i neinvazivan ure\u0111aj za pra\u0107enje pogleda ispitanika u realnom vremenu u stvarnim ili laboratorijskim uvjetima. &nbsp; Sustav se sastoji od nao\u010dala koje sadr\u017ee \u010detiri kamere [\u2026]","og_url":"https:\/\/www.fpz.unizg.hr\/zps\/centar-za-istrazivanja-cestovne-sigurnosti\/pracenje-pogleda-ispitanika\/","og_site_name":"ZPS","article_modified_time":"2020-04-20T15:04:43+00:00","og_image":[{"url":"https:\/\/www.fpz.unizg.hr\/zps\/wp-content\/uploads\/2020\/01\/fpz-kosa-crta-dugacka.png"}],"twitter_card":"summary_large_image","twitter_misc":{"Procijenjeno vrijeme \u010ditanja":"1 minuta"},"schema":{"@context":"https:\/\/schema.org","@graph":[{"@type":"WebPage","@id":"https:\/\/www.fpz.unizg.hr\/zps\/centar-za-istrazivanja-cestovne-sigurnosti\/pracenje-pogleda-ispitanika\/","url":"https:\/\/www.fpz.unizg.hr\/zps\/centar-za-istrazivanja-cestovne-sigurnosti\/pracenje-pogleda-ispitanika\/","name":"Pra\u0107enje pogleda ispitanika - ZPS","isPartOf":{"@id":"https:\/\/www.fpz.unizg.hr\/zps\/#website"},"primaryImageOfPage":{"@id":"https:\/\/www.fpz.unizg.hr\/zps\/centar-za-istrazivanja-cestovne-sigurnosti\/pracenje-pogleda-ispitanika\/#primaryimage"},"image":{"@id":"https:\/\/www.fpz.unizg.hr\/zps\/centar-za-istrazivanja-cestovne-sigurnosti\/pracenje-pogleda-ispitanika\/#primaryimage"},"thumbnailUrl":"https:\/\/www.fpz.unizg.hr\/zps\/wp-content\/uploads\/2020\/01\/fpz-kosa-crta-dugacka.png","datePublished":"2020-02-24T13:23:37+00:00","dateModified":"2020-04-20T15:04:43+00:00","breadcrumb":{"@id":"https:\/\/www.fpz.unizg.hr\/zps\/centar-za-istrazivanja-cestovne-sigurnosti\/pracenje-pogleda-ispitanika\/#breadcrumb"},"inLanguage":"hr","potentialAction":[{"@type":"ReadAction","target":["https:\/\/www.fpz.unizg.hr\/zps\/centar-za-istrazivanja-cestovne-sigurnosti\/pracenje-pogleda-ispitanika\/"]}]},{"@type":"ImageObject","inLanguage":"hr","@id":"https:\/\/www.fpz.unizg.hr\/zps\/centar-za-istrazivanja-cestovne-sigurnosti\/pracenje-pogleda-ispitanika\/#primaryimage","url":"https:\/\/www.fpz.unizg.hr\/zps\/wp-content\/uploads\/2020\/01\/fpz-kosa-crta-dugacka.png","contentUrl":"https:\/\/www.fpz.unizg.hr\/zps\/wp-content\/uploads\/2020\/01\/fpz-kosa-crta-dugacka.png","width":100,"height":12},{"@type":"BreadcrumbList","@id":"https:\/\/www.fpz.unizg.hr\/zps\/centar-za-istrazivanja-cestovne-sigurnosti\/pracenje-pogleda-ispitanika\/#breadcrumb","itemListElement":[{"@type":"ListItem","position":1,"name":"Po\u010detna stranica","item":"https:\/\/www.fpz.unizg.hr\/zps\/"},{"@type":"ListItem","position":2,"name":"Centar za istra\u017eivanja cestovne sigurnosti","item":"https:\/\/www.fpz.unizg.hr\/zps\/centar-za-istrazivanja-cestovne-sigurnosti\/"},{"@type":"ListItem","position":3,"name":"Pra\u0107enje pogleda ispitanika"}]},{"@type":"WebSite","@id":"https:\/\/www.fpz.unizg.hr\/zps\/#website","url":"https:\/\/www.fpz.unizg.hr\/zps\/","name":"ZPS","description":"Zavod za prometnu signalizaciju","potentialAction":[{"@type":"SearchAction","target":{"@type":"EntryPoint","urlTemplate":"https:\/\/www.fpz.unizg.hr\/zps\/?s={search_term_string}"},"query-input":"required name=search_term_string"}],"inLanguage":"hr"}]}},"_links":{"self":[{"href":"https:\/\/www.fpz.unizg.hr\/zps\/wp-json\/wp\/v2\/pages\/315"}],"collection":[{"href":"https:\/\/www.fpz.unizg.hr\/zps\/wp-json\/wp\/v2\/pages"}],"about":[{"href":"https:\/\/www.fpz.unizg.hr\/zps\/wp-json\/wp\/v2\/types\/page"}],"author":[{"embeddable":true,"href":"https:\/\/www.fpz.unizg.hr\/zps\/wp-json\/wp\/v2\/users\/2"}],"replies":[{"embeddable":true,"href":"https:\/\/www.fpz.unizg.hr\/zps\/wp-json\/wp\/v2\/comments?post=315"}],"version-history":[{"count":4,"href":"https:\/\/www.fpz.unizg.hr\/zps\/wp-json\/wp\/v2\/pages\/315\/revisions"}],"predecessor-version":[{"id":511,"href":"https:\/\/www.fpz.unizg.hr\/zps\/wp-json\/wp\/v2\/pages\/315\/revisions\/511"}],"up":[{"embeddable":true,"href":"https:\/\/www.fpz.unizg.hr\/zps\/wp-json\/wp\/v2\/pages\/228"}],"wp:attachment":[{"href":"https:\/\/www.fpz.unizg.hr\/zps\/wp-json\/wp\/v2\/media?parent=315"}],"curies":[{"name":"wp","href":"https:\/\/api.w.org\/{rel}","templated":true}]}}