{"id":336,"date":"2020-03-07T18:38:09","date_gmt":"2020-03-07T17:38:09","guid":{"rendered":"https:\/\/www.fpz.unizg.hr\/zps\/?page_id=336"},"modified":"2023-10-20T09:44:34","modified_gmt":"2023-10-20T07:44:34","slug":"strucni-seminar-o-izvodenju-odrzavanju-i-kontroli-oznaka-na-kolniku","status":"publish","type":"page","link":"https:\/\/www.fpz.unizg.hr\/zps\/strucni-seminar-o-izvodenju-odrzavanju-i-kontroli-oznaka-na-kolniku\/","title":{"rendered":"Stru\u010dni seminar o izvo\u0111enju, odr\u017eavanju i kontroli oznaka na kolniku"},"content":{"rendered":"<h2>namijenjen radnom osoblju zaposlenom na poslovima izvo\u0111enja oznaka na kolniku.<\/h2>\n<p>U sklopu Seminara polaznici \u0107e se upoznati sa zakonskom i normativnom regulativom vezanom uz oznake na kolniku, shvatit \u0107e va\u017enost oznaka i njihove vidljivosti za sigurnost prometa te \u0107e se upoznati s osnovnim karakteristikama pojedinih materijala za izvo\u0111enje oznaka na kolniku kao i postupcima pripreme materijala, strojeva i podloge. Tako\u0111er, polaznici \u0107e biti upoznati i s na\u010dinima i metodama ispitivanja kvalitete oznaka na kolniku. Uz navedeno, cilj Seminara je kroz prakti\u010dni dio upoznati kandidate s na\u010dinima pripreme i odr\u017eavanjastrojeva za izvo\u0111enje oznaka na kolniku. Sukladno navedenom, glavni cilj Seminara je teoretski educirati osobe za rad na poslovima izvo\u0111enja oznaka na kolniku te na taj na\u010din pove\u0107ati njihovu kompetentnost i kvalitetu sve u cilju pove\u0107anja kvalitete oznaka na kolniku.<\/p>\n<p>&nbsp;<\/p>\n","protected":false},"excerpt":{"rendered":"<p>namijenjen radnom osoblju zaposlenom na poslovima izvo\u0111enja oznaka na kolniku. U sklopu Seminara polaznici \u0107e se upoznati sa zakonskom i normativnom regulativom vezanom uz oznake na<span class=\"excerpt-hellip\"> [\u2026]<\/span><\/p>\n","protected":false},"author":2,"featured_media":0,"parent":0,"menu_order":0,"comment_status":"closed","ping_status":"closed","template":"","meta":{"inline_featured_image":false,"footnotes":""},"yoast_head":"<!-- This site is optimized with the Yoast SEO plugin v22.5 - https:\/\/yoast.com\/wordpress\/plugins\/seo\/ -->\r\n<title>Stru\u010dni seminar o izvo\u0111enju, odr\u017eavanju i kontroli oznaka na kolniku - ZPS<\/title>\r\n<meta name=\"robots\" content=\"index, follow, max-snippet:-1, max-image-preview:large, max-video-preview:-1\" \/>\r\n<link rel=\"canonical\" href=\"https:\/\/www.fpz.unizg.hr\/zps\/strucni-seminar-o-izvodenju-odrzavanju-i-kontroli-oznaka-na-kolniku\/\" \/>\r\n<meta property=\"og:locale\" content=\"hr_HR\" \/>\r\n<meta property=\"og:type\" content=\"article\" \/>\r\n<meta property=\"og:title\" content=\"Stru\u010dni seminar o izvo\u0111enju, odr\u017eavanju i kontroli oznaka na kolniku - ZPS\" \/>\r\n<meta property=\"og:description\" content=\"namijenjen radnom osoblju zaposlenom na poslovima izvo\u0111enja oznaka na kolniku. U sklopu Seminara polaznici \u0107e se upoznati sa zakonskom i normativnom regulativom vezanom uz oznake na [\u2026]\" \/>\r\n<meta property=\"og:url\" content=\"https:\/\/www.fpz.unizg.hr\/zps\/strucni-seminar-o-izvodenju-odrzavanju-i-kontroli-oznaka-na-kolniku\/\" \/>\r\n<meta property=\"og:site_name\" content=\"ZPS\" \/>\r\n<meta property=\"article:modified_time\" content=\"2023-10-20T07:44:34+00:00\" \/>\r\n<meta name=\"twitter:card\" content=\"summary_large_image\" \/>\r\n<meta name=\"twitter:label1\" content=\"Procijenjeno vrijeme \u010ditanja\" \/>\n\t<meta name=\"twitter:data1\" content=\"1 minuta\" \/>\r\n<script type=\"application\/ld+json\" class=\"yoast-schema-graph\">{\"@context\":\"https:\/\/schema.org\",\"@graph\":[{\"@type\":\"WebPage\",\"@id\":\"https:\/\/www.fpz.unizg.hr\/zps\/strucni-seminar-o-izvodenju-odrzavanju-i-kontroli-oznaka-na-kolniku\/\",\"url\":\"https:\/\/www.fpz.unizg.hr\/zps\/strucni-seminar-o-izvodenju-odrzavanju-i-kontroli-oznaka-na-kolniku\/\",\"name\":\"Stru\u010dni seminar o izvo\u0111enju, odr\u017eavanju i kontroli oznaka na kolniku - ZPS\",\"isPartOf\":{\"@id\":\"https:\/\/www.fpz.unizg.hr\/zps\/#website\"},\"datePublished\":\"2020-03-07T17:38:09+00:00\",\"dateModified\":\"2023-10-20T07:44:34+00:00\",\"breadcrumb\":{\"@id\":\"https:\/\/www.fpz.unizg.hr\/zps\/strucni-seminar-o-izvodenju-odrzavanju-i-kontroli-oznaka-na-kolniku\/#breadcrumb\"},\"inLanguage\":\"hr\",\"potentialAction\":[{\"@type\":\"ReadAction\",\"target\":[\"https:\/\/www.fpz.unizg.hr\/zps\/strucni-seminar-o-izvodenju-odrzavanju-i-kontroli-oznaka-na-kolniku\/\"]}]},{\"@type\":\"BreadcrumbList\",\"@id\":\"https:\/\/www.fpz.unizg.hr\/zps\/strucni-seminar-o-izvodenju-odrzavanju-i-kontroli-oznaka-na-kolniku\/#breadcrumb\",\"itemListElement\":[{\"@type\":\"ListItem\",\"position\":1,\"name\":\"Po\u010detna stranica\",\"item\":\"https:\/\/www.fpz.unizg.hr\/zps\/\"},{\"@type\":\"ListItem\",\"position\":2,\"name\":\"Stru\u010dni seminar o izvo\u0111enju, odr\u017eavanju i kontroli oznaka na kolniku\"}]},{\"@type\":\"WebSite\",\"@id\":\"https:\/\/www.fpz.unizg.hr\/zps\/#website\",\"url\":\"https:\/\/www.fpz.unizg.hr\/zps\/\",\"name\":\"ZPS\",\"description\":\"Zavod za prometnu signalizaciju\",\"potentialAction\":[{\"@type\":\"SearchAction\",\"target\":{\"@type\":\"EntryPoint\",\"urlTemplate\":\"https:\/\/www.fpz.unizg.hr\/zps\/?s={search_term_string}\"},\"query-input\":\"required name=search_term_string\"}],\"inLanguage\":\"hr\"}]}<\/script>\r\n<!-- \/ Yoast SEO plugin. -->","yoast_head_json":{"title":"Stru\u010dni seminar o izvo\u0111enju, odr\u017eavanju i kontroli oznaka na kolniku - ZPS","robots":{"index":"index","follow":"follow","max-snippet":"max-snippet:-1","max-image-preview":"max-image-preview:large","max-video-preview":"max-video-preview:-1"},"canonical":"https:\/\/www.fpz.unizg.hr\/zps\/strucni-seminar-o-izvodenju-odrzavanju-i-kontroli-oznaka-na-kolniku\/","og_locale":"hr_HR","og_type":"article","og_title":"Stru\u010dni seminar o izvo\u0111enju, odr\u017eavanju i kontroli oznaka na kolniku - ZPS","og_description":"namijenjen radnom osoblju zaposlenom na poslovima izvo\u0111enja oznaka na kolniku. U sklopu Seminara polaznici \u0107e se upoznati sa zakonskom i normativnom regulativom vezanom uz oznake na [\u2026]","og_url":"https:\/\/www.fpz.unizg.hr\/zps\/strucni-seminar-o-izvodenju-odrzavanju-i-kontroli-oznaka-na-kolniku\/","og_site_name":"ZPS","article_modified_time":"2023-10-20T07:44:34+00:00","twitter_card":"summary_large_image","twitter_misc":{"Procijenjeno vrijeme \u010ditanja":"1 minuta"},"schema":{"@context":"https:\/\/schema.org","@graph":[{"@type":"WebPage","@id":"https:\/\/www.fpz.unizg.hr\/zps\/strucni-seminar-o-izvodenju-odrzavanju-i-kontroli-oznaka-na-kolniku\/","url":"https:\/\/www.fpz.unizg.hr\/zps\/strucni-seminar-o-izvodenju-odrzavanju-i-kontroli-oznaka-na-kolniku\/","name":"Stru\u010dni seminar o izvo\u0111enju, odr\u017eavanju i kontroli oznaka na kolniku - ZPS","isPartOf":{"@id":"https:\/\/www.fpz.unizg.hr\/zps\/#website"},"datePublished":"2020-03-07T17:38:09+00:00","dateModified":"2023-10-20T07:44:34+00:00","breadcrumb":{"@id":"https:\/\/www.fpz.unizg.hr\/zps\/strucni-seminar-o-izvodenju-odrzavanju-i-kontroli-oznaka-na-kolniku\/#breadcrumb"},"inLanguage":"hr","potentialAction":[{"@type":"ReadAction","target":["https:\/\/www.fpz.unizg.hr\/zps\/strucni-seminar-o-izvodenju-odrzavanju-i-kontroli-oznaka-na-kolniku\/"]}]},{"@type":"BreadcrumbList","@id":"https:\/\/www.fpz.unizg.hr\/zps\/strucni-seminar-o-izvodenju-odrzavanju-i-kontroli-oznaka-na-kolniku\/#breadcrumb","itemListElement":[{"@type":"ListItem","position":1,"name":"Po\u010detna stranica","item":"https:\/\/www.fpz.unizg.hr\/zps\/"},{"@type":"ListItem","position":2,"name":"Stru\u010dni seminar o izvo\u0111enju, odr\u017eavanju i kontroli oznaka na kolniku"}]},{"@type":"WebSite","@id":"https:\/\/www.fpz.unizg.hr\/zps\/#website","url":"https:\/\/www.fpz.unizg.hr\/zps\/","name":"ZPS","description":"Zavod za prometnu signalizaciju","potentialAction":[{"@type":"SearchAction","target":{"@type":"EntryPoint","urlTemplate":"https:\/\/www.fpz.unizg.hr\/zps\/?s={search_term_string}"},"query-input":"required name=search_term_string"}],"inLanguage":"hr"}]}},"_links":{"self":[{"href":"https:\/\/www.fpz.unizg.hr\/zps\/wp-json\/wp\/v2\/pages\/336"}],"collection":[{"href":"https:\/\/www.fpz.unizg.hr\/zps\/wp-json\/wp\/v2\/pages"}],"about":[{"href":"https:\/\/www.fpz.unizg.hr\/zps\/wp-json\/wp\/v2\/types\/page"}],"author":[{"embeddable":true,"href":"https:\/\/www.fpz.unizg.hr\/zps\/wp-json\/wp\/v2\/users\/2"}],"replies":[{"embeddable":true,"href":"https:\/\/www.fpz.unizg.hr\/zps\/wp-json\/wp\/v2\/comments?post=336"}],"version-history":[{"count":6,"href":"https:\/\/www.fpz.unizg.hr\/zps\/wp-json\/wp\/v2\/pages\/336\/revisions"}],"predecessor-version":[{"id":658,"href":"https:\/\/www.fpz.unizg.hr\/zps\/wp-json\/wp\/v2\/pages\/336\/revisions\/658"}],"wp:attachment":[{"href":"https:\/\/www.fpz.unizg.hr\/zps\/wp-json\/wp\/v2\/media?parent=336"}],"curies":[{"name":"wp","href":"https:\/\/api.w.org\/{rel}","templated":true}]}}