{"id":354,"date":"2020-03-19T13:36:17","date_gmt":"2020-03-19T12:36:17","guid":{"rendered":"https:\/\/www.fpz.unizg.hr\/zps\/?page_id=354"},"modified":"2020-04-20T17:12:31","modified_gmt":"2020-04-20T15:12:31","slug":"virtualna-stvarnost","status":"publish","type":"page","link":"https:\/\/www.fpz.unizg.hr\/zps\/centar-za-istrazivanja-cestovne-sigurnosti\/virtualna-stvarnost\/","title":{"rendered":"Virtualna stvarnost"},"content":{"rendered":"<h4>VR nao\u010dale (HTC Vive) omogu\u0107uju stvaranje trodimenzionalnog, kompjutorskog okoli\u0161a kojeg je mogu\u0107e istra\u017eiti i s kojim je mogu\u0107e stvoriti interakciju.<\/h4>\n<p><img loading=\"lazy\" decoding=\"async\" class=\"alignnone size-full wp-image-96\" src=\"https:\/\/www.fpz.unizg.hr\/zps\/wp-content\/uploads\/2020\/01\/fpz-kosa-crta-dugacka.png\" alt=\"\" width=\"100\" height=\"12\" \/><\/p>\n<p>Ure\u0111aj omogu\u0107uje i hodanje u virtualnoj simulaciji \u0161to u kombinaciji s kontrolerima koji prate pokrete ruku donosi najve\u0107u razinu korisni\u010dke uklju\u010denosti u simulaciju. Oprema se koristi za istra\u017eivanje pona\u0161anja \u010dovjeka kao faktora sigurnosti u prometnom sustavu.<\/p>\n","protected":false},"excerpt":{"rendered":"<p>VR nao\u010dale (HTC Vive) omogu\u0107uju stvaranje trodimenzionalnog, kompjutorskog okoli\u0161a kojeg je mogu\u0107e istra\u017eiti i s kojim je mogu\u0107e stvoriti interakciju. Ure\u0111aj omogu\u0107uje i hodanje u virtualnoj<span class=\"excerpt-hellip\"> [\u2026]<\/span><\/p>\n","protected":false},"author":2,"featured_media":0,"parent":228,"menu_order":0,"comment_status":"closed","ping_status":"closed","template":"","meta":{"inline_featured_image":false,"footnotes":""},"yoast_head":"<!-- This site is optimized with the Yoast SEO plugin v22.5 - https:\/\/yoast.com\/wordpress\/plugins\/seo\/ -->\r\n<title>Virtualna stvarnost - ZPS<\/title>\r\n<meta name=\"robots\" content=\"index, follow, max-snippet:-1, max-image-preview:large, max-video-preview:-1\" \/>\r\n<link rel=\"canonical\" href=\"https:\/\/www.fpz.unizg.hr\/zps\/centar-za-istrazivanja-cestovne-sigurnosti\/virtualna-stvarnost\/\" \/>\r\n<meta property=\"og:locale\" content=\"hr_HR\" \/>\r\n<meta property=\"og:type\" content=\"article\" \/>\r\n<meta property=\"og:title\" content=\"Virtualna stvarnost - ZPS\" \/>\r\n<meta property=\"og:description\" content=\"VR nao\u010dale (HTC Vive) omogu\u0107uju stvaranje trodimenzionalnog, kompjutorskog okoli\u0161a kojeg je mogu\u0107e istra\u017eiti i s kojim je mogu\u0107e stvoriti interakciju. Ure\u0111aj omogu\u0107uje i hodanje u virtualnoj [\u2026]\" \/>\r\n<meta property=\"og:url\" content=\"https:\/\/www.fpz.unizg.hr\/zps\/centar-za-istrazivanja-cestovne-sigurnosti\/virtualna-stvarnost\/\" \/>\r\n<meta property=\"og:site_name\" content=\"ZPS\" \/>\r\n<meta property=\"article:modified_time\" content=\"2020-04-20T15:12:31+00:00\" \/>\r\n<meta property=\"og:image\" content=\"https:\/\/www.fpz.unizg.hr\/zps\/wp-content\/uploads\/2020\/01\/fpz-kosa-crta-dugacka.png\" \/>\r\n<meta name=\"twitter:card\" content=\"summary_large_image\" \/>\r\n<script type=\"application\/ld+json\" class=\"yoast-schema-graph\">{\"@context\":\"https:\/\/schema.org\",\"@graph\":[{\"@type\":\"WebPage\",\"@id\":\"https:\/\/www.fpz.unizg.hr\/zps\/centar-za-istrazivanja-cestovne-sigurnosti\/virtualna-stvarnost\/\",\"url\":\"https:\/\/www.fpz.unizg.hr\/zps\/centar-za-istrazivanja-cestovne-sigurnosti\/virtualna-stvarnost\/\",\"name\":\"Virtualna stvarnost - ZPS\",\"isPartOf\":{\"@id\":\"https:\/\/www.fpz.unizg.hr\/zps\/#website\"},\"primaryImageOfPage\":{\"@id\":\"https:\/\/www.fpz.unizg.hr\/zps\/centar-za-istrazivanja-cestovne-sigurnosti\/virtualna-stvarnost\/#primaryimage\"},\"image\":{\"@id\":\"https:\/\/www.fpz.unizg.hr\/zps\/centar-za-istrazivanja-cestovne-sigurnosti\/virtualna-stvarnost\/#primaryimage\"},\"thumbnailUrl\":\"https:\/\/www.fpz.unizg.hr\/zps\/wp-content\/uploads\/2020\/01\/fpz-kosa-crta-dugacka.png\",\"datePublished\":\"2020-03-19T12:36:17+00:00\",\"dateModified\":\"2020-04-20T15:12:31+00:00\",\"breadcrumb\":{\"@id\":\"https:\/\/www.fpz.unizg.hr\/zps\/centar-za-istrazivanja-cestovne-sigurnosti\/virtualna-stvarnost\/#breadcrumb\"},\"inLanguage\":\"hr\",\"potentialAction\":[{\"@type\":\"ReadAction\",\"target\":[\"https:\/\/www.fpz.unizg.hr\/zps\/centar-za-istrazivanja-cestovne-sigurnosti\/virtualna-stvarnost\/\"]}]},{\"@type\":\"ImageObject\",\"inLanguage\":\"hr\",\"@id\":\"https:\/\/www.fpz.unizg.hr\/zps\/centar-za-istrazivanja-cestovne-sigurnosti\/virtualna-stvarnost\/#primaryimage\",\"url\":\"https:\/\/www.fpz.unizg.hr\/zps\/wp-content\/uploads\/2020\/01\/fpz-kosa-crta-dugacka.png\",\"contentUrl\":\"https:\/\/www.fpz.unizg.hr\/zps\/wp-content\/uploads\/2020\/01\/fpz-kosa-crta-dugacka.png\",\"width\":100,\"height\":12},{\"@type\":\"BreadcrumbList\",\"@id\":\"https:\/\/www.fpz.unizg.hr\/zps\/centar-za-istrazivanja-cestovne-sigurnosti\/virtualna-stvarnost\/#breadcrumb\",\"itemListElement\":[{\"@type\":\"ListItem\",\"position\":1,\"name\":\"Po\u010detna stranica\",\"item\":\"https:\/\/www.fpz.unizg.hr\/zps\/\"},{\"@type\":\"ListItem\",\"position\":2,\"name\":\"Centar za istra\u017eivanja cestovne sigurnosti\",\"item\":\"https:\/\/www.fpz.unizg.hr\/zps\/centar-za-istrazivanja-cestovne-sigurnosti\/\"},{\"@type\":\"ListItem\",\"position\":3,\"name\":\"Virtualna stvarnost\"}]},{\"@type\":\"WebSite\",\"@id\":\"https:\/\/www.fpz.unizg.hr\/zps\/#website\",\"url\":\"https:\/\/www.fpz.unizg.hr\/zps\/\",\"name\":\"ZPS\",\"description\":\"Zavod za prometnu signalizaciju\",\"potentialAction\":[{\"@type\":\"SearchAction\",\"target\":{\"@type\":\"EntryPoint\",\"urlTemplate\":\"https:\/\/www.fpz.unizg.hr\/zps\/?s={search_term_string}\"},\"query-input\":\"required name=search_term_string\"}],\"inLanguage\":\"hr\"}]}<\/script>\r\n<!-- \/ Yoast SEO plugin. -->","yoast_head_json":{"title":"Virtualna stvarnost - ZPS","robots":{"index":"index","follow":"follow","max-snippet":"max-snippet:-1","max-image-preview":"max-image-preview:large","max-video-preview":"max-video-preview:-1"},"canonical":"https:\/\/www.fpz.unizg.hr\/zps\/centar-za-istrazivanja-cestovne-sigurnosti\/virtualna-stvarnost\/","og_locale":"hr_HR","og_type":"article","og_title":"Virtualna stvarnost - ZPS","og_description":"VR nao\u010dale (HTC Vive) omogu\u0107uju stvaranje trodimenzionalnog, kompjutorskog okoli\u0161a kojeg je mogu\u0107e istra\u017eiti i s kojim je mogu\u0107e stvoriti interakciju. Ure\u0111aj omogu\u0107uje i hodanje u virtualnoj [\u2026]","og_url":"https:\/\/www.fpz.unizg.hr\/zps\/centar-za-istrazivanja-cestovne-sigurnosti\/virtualna-stvarnost\/","og_site_name":"ZPS","article_modified_time":"2020-04-20T15:12:31+00:00","og_image":[{"url":"https:\/\/www.fpz.unizg.hr\/zps\/wp-content\/uploads\/2020\/01\/fpz-kosa-crta-dugacka.png"}],"twitter_card":"summary_large_image","schema":{"@context":"https:\/\/schema.org","@graph":[{"@type":"WebPage","@id":"https:\/\/www.fpz.unizg.hr\/zps\/centar-za-istrazivanja-cestovne-sigurnosti\/virtualna-stvarnost\/","url":"https:\/\/www.fpz.unizg.hr\/zps\/centar-za-istrazivanja-cestovne-sigurnosti\/virtualna-stvarnost\/","name":"Virtualna stvarnost - ZPS","isPartOf":{"@id":"https:\/\/www.fpz.unizg.hr\/zps\/#website"},"primaryImageOfPage":{"@id":"https:\/\/www.fpz.unizg.hr\/zps\/centar-za-istrazivanja-cestovne-sigurnosti\/virtualna-stvarnost\/#primaryimage"},"image":{"@id":"https:\/\/www.fpz.unizg.hr\/zps\/centar-za-istrazivanja-cestovne-sigurnosti\/virtualna-stvarnost\/#primaryimage"},"thumbnailUrl":"https:\/\/www.fpz.unizg.hr\/zps\/wp-content\/uploads\/2020\/01\/fpz-kosa-crta-dugacka.png","datePublished":"2020-03-19T12:36:17+00:00","dateModified":"2020-04-20T15:12:31+00:00","breadcrumb":{"@id":"https:\/\/www.fpz.unizg.hr\/zps\/centar-za-istrazivanja-cestovne-sigurnosti\/virtualna-stvarnost\/#breadcrumb"},"inLanguage":"hr","potentialAction":[{"@type":"ReadAction","target":["https:\/\/www.fpz.unizg.hr\/zps\/centar-za-istrazivanja-cestovne-sigurnosti\/virtualna-stvarnost\/"]}]},{"@type":"ImageObject","inLanguage":"hr","@id":"https:\/\/www.fpz.unizg.hr\/zps\/centar-za-istrazivanja-cestovne-sigurnosti\/virtualna-stvarnost\/#primaryimage","url":"https:\/\/www.fpz.unizg.hr\/zps\/wp-content\/uploads\/2020\/01\/fpz-kosa-crta-dugacka.png","contentUrl":"https:\/\/www.fpz.unizg.hr\/zps\/wp-content\/uploads\/2020\/01\/fpz-kosa-crta-dugacka.png","width":100,"height":12},{"@type":"BreadcrumbList","@id":"https:\/\/www.fpz.unizg.hr\/zps\/centar-za-istrazivanja-cestovne-sigurnosti\/virtualna-stvarnost\/#breadcrumb","itemListElement":[{"@type":"ListItem","position":1,"name":"Po\u010detna stranica","item":"https:\/\/www.fpz.unizg.hr\/zps\/"},{"@type":"ListItem","position":2,"name":"Centar za istra\u017eivanja cestovne sigurnosti","item":"https:\/\/www.fpz.unizg.hr\/zps\/centar-za-istrazivanja-cestovne-sigurnosti\/"},{"@type":"ListItem","position":3,"name":"Virtualna stvarnost"}]},{"@type":"WebSite","@id":"https:\/\/www.fpz.unizg.hr\/zps\/#website","url":"https:\/\/www.fpz.unizg.hr\/zps\/","name":"ZPS","description":"Zavod za prometnu signalizaciju","potentialAction":[{"@type":"SearchAction","target":{"@type":"EntryPoint","urlTemplate":"https:\/\/www.fpz.unizg.hr\/zps\/?s={search_term_string}"},"query-input":"required name=search_term_string"}],"inLanguage":"hr"}]}},"_links":{"self":[{"href":"https:\/\/www.fpz.unizg.hr\/zps\/wp-json\/wp\/v2\/pages\/354"}],"collection":[{"href":"https:\/\/www.fpz.unizg.hr\/zps\/wp-json\/wp\/v2\/pages"}],"about":[{"href":"https:\/\/www.fpz.unizg.hr\/zps\/wp-json\/wp\/v2\/types\/page"}],"author":[{"embeddable":true,"href":"https:\/\/www.fpz.unizg.hr\/zps\/wp-json\/wp\/v2\/users\/2"}],"replies":[{"embeddable":true,"href":"https:\/\/www.fpz.unizg.hr\/zps\/wp-json\/wp\/v2\/comments?post=354"}],"version-history":[{"count":3,"href":"https:\/\/www.fpz.unizg.hr\/zps\/wp-json\/wp\/v2\/pages\/354\/revisions"}],"predecessor-version":[{"id":516,"href":"https:\/\/www.fpz.unizg.hr\/zps\/wp-json\/wp\/v2\/pages\/354\/revisions\/516"}],"up":[{"embeddable":true,"href":"https:\/\/www.fpz.unizg.hr\/zps\/wp-json\/wp\/v2\/pages\/228"}],"wp:attachment":[{"href":"https:\/\/www.fpz.unizg.hr\/zps\/wp-json\/wp\/v2\/media?parent=354"}],"curies":[{"name":"wp","href":"https:\/\/api.w.org\/{rel}","templated":true}]}}