{"id":31,"date":"2021-07-06T21:41:59","date_gmt":"2021-07-06T19:41:59","guid":{"rendered":"https:\/\/www.fpz.unizg.hr\/zvp\/?page_id=31"},"modified":"2021-09-20T10:20:33","modified_gmt":"2021-09-20T08:20:33","slug":"o-zavodu","status":"publish","type":"page","link":"https:\/\/www.fpz.unizg.hr\/zvp\/hr\/o-zavodu\/","title":{"rendered":"O Zavodu"},"content":{"rendered":"\t\t<div data-elementor-type=\"wp-page\" data-elementor-id=\"31\" class=\"elementor elementor-31\">\n\t\t\t\t\t\t\t\t\t<section class=\"elementor-section elementor-top-section elementor-element elementor-element-0c1c848 elementor-section-boxed elementor-section-height-default elementor-section-height-default\" data-id=\"0c1c848\" data-element_type=\"section\">\n\t\t\t\t\t\t<div class=\"elementor-container elementor-column-gap-default\">\n\t\t\t\t\t\t\t\t<\/div>\n\t\t<\/section>\n\t\t\t\t<section class=\"elementor-section elementor-top-section elementor-element elementor-element-4842be24 elementor-section-height-min-height elementor-section-content-top elementor-section-boxed elementor-section-height-default elementor-section-items-middle\" data-id=\"4842be24\" data-element_type=\"section\" data-settings=\"{&quot;background_background&quot;:&quot;classic&quot;}\">\n\t\t\t\t\t\t\t<div class=\"elementor-background-overlay\"><\/div>\n\t\t\t\t\t\t\t<div class=\"elementor-container elementor-column-gap-custom\">\n\t\t\t\t\t<div class=\"elementor-column elementor-col-100 elementor-top-column elementor-element elementor-element-6637675\" data-id=\"6637675\" data-element_type=\"column\">\n\t\t\t<div class=\"elementor-widget-wrap\">\n\t\t\t\t\t\t\t\t\t<\/div>\n\t\t<\/div>\n\t\t\t\t\t\t\t<\/div>\n\t\t<\/section>\n\t\t\t\t<section class=\"elementor-section elementor-top-section elementor-element elementor-element-63acf43 elementor-section-content-top elementor-section-boxed elementor-section-height-default elementor-section-height-default\" data-id=\"63acf43\" data-element_type=\"section\">\n\t\t\t\t\t\t<div class=\"elementor-container elementor-column-gap-no\">\n\t\t\t\t\t<div class=\"elementor-column elementor-col-50 elementor-top-column elementor-element elementor-element-4283da2e\" data-id=\"4283da2e\" data-element_type=\"column\">\n\t\t\t<div class=\"elementor-widget-wrap elementor-element-populated\">\n\t\t\t\t\t\t\t\t<div class=\"elementor-element elementor-element-5a082a0 elementor-widget-divider--view-line elementor-widget elementor-widget-divider\" data-id=\"5a082a0\" data-element_type=\"widget\" data-widget_type=\"divider.default\">\n\t\t\t\t<div class=\"elementor-widget-container\">\n\t\t\t\t\t<div class=\"elementor-divider\">\n\t\t\t<span class=\"elementor-divider-separator\">\n\t\t\t\t\t\t<\/span>\n\t\t<\/div>\n\t\t\t\t<\/div>\n\t\t\t\t<\/div>\n\t\t\t\t<div class=\"elementor-element elementor-element-3a52e840 elementor-widget elementor-widget-heading\" data-id=\"3a52e840\" data-element_type=\"widget\" data-widget_type=\"heading.default\">\n\t\t\t\t<div class=\"elementor-widget-container\">\n\t\t\t<h4 class=\"elementor-heading-title elementor-size-default\">O Zavodu<\/h4>\t\t<\/div>\n\t\t\t\t<\/div>\n\t\t\t\t\t<\/div>\n\t\t<\/div>\n\t\t\t\t<div class=\"elementor-column elementor-col-50 elementor-top-column elementor-element elementor-element-2d9a8710\" data-id=\"2d9a8710\" data-element_type=\"column\">\n\t\t\t<div class=\"elementor-widget-wrap elementor-element-populated\">\n\t\t\t\t\t\t\t\t<div class=\"elementor-element elementor-element-5b1a1e0f elementor-widget elementor-widget-text-editor\" data-id=\"5b1a1e0f\" data-element_type=\"widget\" data-widget_type=\"text-editor.default\">\n\t\t\t\t<div class=\"elementor-widget-container\">\n\t\t\t\t\t\t\t<p>Zavod za vodni promet zala\u017ee se za kontinuirano uvo\u0111enje novih i pro\u0161irenje postoje\u0107ih nastavnih planova i programa prema potrebama tr\u017ei\u0161ta rada te rad na projektima iz podru\u010dja tehni\u010dkih znanosti, polja tehnologija prometa i transport, grane pomorski i rije\u010dni promet. Zavod te\u017ei prepoznatljivosti u doma\u0107im i me\u0111unarodnim okvirima po izvrsnosti u znanosti i visokom obrazovanju u okviru grane pomorski i rije\u010dni promet.<\/p><p>Razvitak Zavoda temelji se na sustavnom prijenosu i primjeni znanja, poticanju mobilnosti te suradnji s doma\u0107im i me\u0111unarodnim institucijama.<\/p>\t\t\t\t\t\t<\/div>\n\t\t\t\t<\/div>\n\t\t\t\t<div class=\"elementor-element elementor-element-31d2eac2 elementor-widget elementor-widget-text-editor\" data-id=\"31d2eac2\" data-element_type=\"widget\" data-widget_type=\"text-editor.default\">\n\t\t\t\t<div class=\"elementor-widget-container\">\n\t\t\t\t\t\t\t<div><p>Nastavni i znanstveno-istra\u017eiva\u010dki rad Zavoda organiziran je kroz rad katedri i rad laboratorija.<\/p><\/div><div>\u00a0<\/div>\t\t\t\t\t\t<\/div>\n\t\t\t\t<\/div>\n\t\t\t\t\t<\/div>\n\t\t<\/div>\n\t\t\t\t\t\t\t<\/div>\n\t\t<\/section>\n\t\t\t\t<section class=\"elementor-section elementor-top-section elementor-element elementor-element-1b9c006e elementor-section-boxed elementor-section-height-default elementor-section-height-default\" data-id=\"1b9c006e\" data-element_type=\"section\" data-settings=\"{&quot;background_background&quot;:&quot;classic&quot;}\">\n\t\t\t\t\t\t\t<div class=\"elementor-background-overlay\"><\/div>\n\t\t\t\t\t\t\t<div class=\"elementor-container elementor-column-gap-default\">\n\t\t\t\t\t<div class=\"elementor-column elementor-col-100 elementor-top-column elementor-element elementor-element-6bc540c\" data-id=\"6bc540c\" data-element_type=\"column\">\n\t\t\t<div class=\"elementor-widget-wrap\">\n\t\t\t\t\t\t\t\t\t<\/div>\n\t\t<\/div>\n\t\t\t\t\t\t\t<\/div>\n\t\t<\/section>\n\t\t\t\t<section class=\"elementor-section elementor-top-section elementor-element elementor-element-38cc647 elementor-section-content-middle elementor-section-boxed elementor-section-height-default elementor-section-height-default\" data-id=\"38cc647\" data-element_type=\"section\">\n\t\t\t\t\t\t<div class=\"elementor-container elementor-column-gap-no\">\n\t\t\t\t\t<div class=\"elementor-column elementor-col-50 elementor-top-column elementor-element elementor-element-d529fff\" data-id=\"d529fff\" data-element_type=\"column\">\n\t\t\t<div class=\"elementor-widget-wrap elementor-element-populated\">\n\t\t\t\t\t\t\t\t<div class=\"elementor-element elementor-element-149efff elementor-widget-divider--view-line elementor-widget elementor-widget-divider\" data-id=\"149efff\" data-element_type=\"widget\" data-widget_type=\"divider.default\">\n\t\t\t\t<div class=\"elementor-widget-container\">\n\t\t\t\t\t<div class=\"elementor-divider\">\n\t\t\t<span class=\"elementor-divider-separator\">\n\t\t\t\t\t\t<\/span>\n\t\t<\/div>\n\t\t\t\t<\/div>\n\t\t\t\t<\/div>\n\t\t\t\t<div class=\"elementor-element elementor-element-25fe042 elementor-widget elementor-widget-text-editor\" data-id=\"25fe042\" data-element_type=\"widget\" data-widget_type=\"text-editor.default\">\n\t\t\t\t<div class=\"elementor-widget-container\">\n\t\t\t\t\t\t\t<h2><strong>Ustrojbene jedinice<\/strong><\/h2>\t\t\t\t\t\t<\/div>\n\t\t\t\t<\/div>\n\t\t\t\t\t<\/div>\n\t\t<\/div>\n\t\t\t\t<div class=\"elementor-column elementor-col-50 elementor-top-column elementor-element elementor-element-9dde9a3\" data-id=\"9dde9a3\" data-element_type=\"column\">\n\t\t\t<div class=\"elementor-widget-wrap elementor-element-populated\">\n\t\t\t\t\t\t\t\t<div class=\"elementor-element elementor-element-a9b6dbd elementor-widget elementor-widget-text-editor\" data-id=\"a9b6dbd\" data-element_type=\"widget\" data-widget_type=\"text-editor.default\">\n\t\t\t\t<div class=\"elementor-widget-container\">\n\t\t\t\t\t\t\t<div><p><span style=\"font-size: 16px;\">Katedra za tehnologiju vodnog prometa<\/span><\/p><\/div>\t\t\t\t\t\t<\/div>\n\t\t\t\t<\/div>\n\t\t\t\t<div class=\"elementor-element elementor-element-7d2f662 elementor-widget elementor-widget-text-editor\" data-id=\"7d2f662\" data-element_type=\"widget\" data-widget_type=\"text-editor.default\">\n\t\t\t\t<div class=\"elementor-widget-container\">\n\t\t\t\t\t\t\t<div><p><span style=\"font-size: 16px;\">Katedra za tehniku vodnog prometa<\/span><\/p><\/div>\t\t\t\t\t\t<\/div>\n\t\t\t\t<\/div>\n\t\t\t\t<div class=\"elementor-element elementor-element-f65eda6 elementor-widget elementor-widget-text-editor\" data-id=\"f65eda6\" data-element_type=\"widget\" data-widget_type=\"text-editor.default\">\n\t\t\t\t<div class=\"elementor-widget-container\">\n\t\t\t\t\t\t\t<div><p><span style=\"font-size: 16px;\">Laboratorij za planiranje i modeliranje u vodnom prometu\u00a0<\/span><\/p><\/div>\t\t\t\t\t\t<\/div>\n\t\t\t\t<\/div>\n\t\t\t\t<div class=\"elementor-element elementor-element-9aaadfe elementor-widget elementor-widget-text-editor\" data-id=\"9aaadfe\" data-element_type=\"widget\" data-widget_type=\"text-editor.default\">\n\t\t\t\t<div class=\"elementor-widget-container\">\n\t\t\t\t\t\t\t<p>Katedra za pomorsku logistiku <em>(u osnivanju)<\/em><\/p>\t\t\t\t\t\t<\/div>\n\t\t\t\t<\/div>\n\t\t\t\t\t<\/div>\n\t\t<\/div>\n\t\t\t\t\t\t\t<\/div>\n\t\t<\/section>\n\t\t\t\t\t\t\t<\/div>\n\t\t","protected":false},"excerpt":{"rendered":"<p>O Zavodu Zavod za vodni promet zala\u017ee se za kontinuirano uvo\u0111enje novih i pro\u0161irenje postoje\u0107ih nastavnih planova i programa prema potrebama tr\u017ei\u0161ta rada te rad na projektima iz podru\u010dja tehni\u010dkih znanosti, polja tehnologija prometa i transport, grane pomorski i rije\u010dni promet. Zavod te\u017ei prepoznatljivosti u doma\u0107im i me\u0111unarodnim okvirima po izvrsnosti u znanosti i visokom &hellip;<\/p>\n<p class=\"read-more\"> <a class=\"\" href=\"https:\/\/www.fpz.unizg.hr\/zvp\/hr\/o-zavodu\/\"> <span class=\"screen-reader-text\">O Zavodu<\/span> Read More &raquo;<\/a><\/p>\n","protected":false},"author":1,"featured_media":0,"parent":0,"menu_order":0,"comment_status":"closed","ping_status":"closed","template":"","meta":{"footnotes":""},"_links":{"self":[{"href":"https:\/\/www.fpz.unizg.hr\/zvp\/hr\/wp-json\/wp\/v2\/pages\/31"}],"collection":[{"href":"https:\/\/www.fpz.unizg.hr\/zvp\/hr\/wp-json\/wp\/v2\/pages"}],"about":[{"href":"https:\/\/www.fpz.unizg.hr\/zvp\/hr\/wp-json\/wp\/v2\/types\/page"}],"author":[{"embeddable":true,"href":"https:\/\/www.fpz.unizg.hr\/zvp\/hr\/wp-json\/wp\/v2\/users\/1"}],"replies":[{"embeddable":true,"href":"https:\/\/www.fpz.unizg.hr\/zvp\/hr\/wp-json\/wp\/v2\/comments?post=31"}],"version-history":[{"count":52,"href":"https:\/\/www.fpz.unizg.hr\/zvp\/hr\/wp-json\/wp\/v2\/pages\/31\/revisions"}],"predecessor-version":[{"id":370,"href":"https:\/\/www.fpz.unizg.hr\/zvp\/hr\/wp-json\/wp\/v2\/pages\/31\/revisions\/370"}],"wp:attachment":[{"href":"https:\/\/www.fpz.unizg.hr\/zvp\/hr\/wp-json\/wp\/v2\/media?parent=31"}],"curies":[{"name":"wp","href":"https:\/\/api.w.org\/{rel}","templated":true}]}}