{"id":33,"date":"2021-07-06T21:43:13","date_gmt":"2021-07-06T19:43:13","guid":{"rendered":"https:\/\/www.fpz.unizg.hr\/zvp\/?page_id=33"},"modified":"2021-11-09T17:20:50","modified_gmt":"2021-11-09T16:20:50","slug":"djelatnosti","status":"publish","type":"page","link":"https:\/\/www.fpz.unizg.hr\/zvp\/hr\/djelatnosti\/","title":{"rendered":"Djelatnosti"},"content":{"rendered":"\t\t<div data-elementor-type=\"wp-page\" data-elementor-id=\"33\" class=\"elementor elementor-33\">\n\t\t\t\t\t\t\t\t\t<section class=\"elementor-section elementor-top-section elementor-element elementor-element-14594948 elementor-section-content-middle elementor-section-boxed elementor-section-height-default elementor-section-height-default\" data-id=\"14594948\" data-element_type=\"section\">\n\t\t\t\t\t\t<div class=\"elementor-container elementor-column-gap-no\">\n\t\t\t\t\t<div class=\"elementor-column elementor-col-100 elementor-top-column elementor-element elementor-element-3f75bffc\" data-id=\"3f75bffc\" data-element_type=\"column\">\n\t\t\t<div class=\"elementor-widget-wrap elementor-element-populated\">\n\t\t\t\t\t\t\t\t<div class=\"elementor-element elementor-element-19b4f929 elementor-widget elementor-widget-heading\" data-id=\"19b4f929\" data-element_type=\"widget\" data-widget_type=\"heading.default\">\n\t\t\t\t<div class=\"elementor-widget-container\">\n\t\t\t<h4 class=\"elementor-heading-title elementor-size-default\">Djelatnosti Zavoda<\/h4>\t\t<\/div>\n\t\t\t\t<\/div>\n\t\t\t\t<div class=\"elementor-element elementor-element-142a7d68 elementor-widget elementor-widget-text-editor\" data-id=\"142a7d68\" data-element_type=\"widget\" data-widget_type=\"text-editor.default\">\n\t\t\t\t<div class=\"elementor-widget-container\">\n\t\t\t\t\t\t\t<p>Nastavna i znanstveno-istra\u017eiva\u010dka aktivnost organizirana je unutar Zavoda za vodni promet.<\/p>\t\t\t\t\t\t<\/div>\n\t\t\t\t<\/div>\n\t\t\t\t<div class=\"elementor-element elementor-element-62f0d934 elementor-widget elementor-widget-video\" data-id=\"62f0d934\" data-element_type=\"widget\" data-settings=\"{&quot;youtube_url&quot;:&quot;https:\\\/\\\/youtu.be\\\/Rv4DOnaiCaE&quot;,&quot;video_type&quot;:&quot;youtube&quot;,&quot;controls&quot;:&quot;yes&quot;}\" data-widget_type=\"video.default\">\n\t\t\t\t<div class=\"elementor-widget-container\">\n\t\t\t\t\t<div class=\"elementor-wrapper elementor-open-inline\">\n\t\t\t<div class=\"elementor-video\"><\/div>\t\t<\/div>\n\t\t\t\t<\/div>\n\t\t\t\t<\/div>\n\t\t\t\t<div class=\"elementor-element elementor-element-deb5165 elementor-widget elementor-widget-video\" data-id=\"deb5165\" data-element_type=\"widget\" data-settings=\"{&quot;youtube_url&quot;:&quot;https:\\\/\\\/www.youtube.com\\\/watch?v=Mw9rGYh6394&quot;,&quot;video_type&quot;:&quot;youtube&quot;,&quot;controls&quot;:&quot;yes&quot;}\" data-widget_type=\"video.default\">\n\t\t\t\t<div class=\"elementor-widget-container\">\n\t\t\t\t\t<div class=\"elementor-wrapper elementor-open-inline\">\n\t\t\t<div class=\"elementor-video\"><\/div>\t\t<\/div>\n\t\t\t\t<\/div>\n\t\t\t\t<\/div>\n\t\t\t\t\t<\/div>\n\t\t<\/div>\n\t\t\t\t\t\t\t<\/div>\n\t\t<\/section>\n\t\t\t\t<section class=\"elementor-section elementor-top-section elementor-element elementor-element-709d1bef elementor-section-content-middle elementor-reverse-mobile elementor-section-boxed elementor-section-height-default elementor-section-height-default\" data-id=\"709d1bef\" data-element_type=\"section\">\n\t\t\t\t\t\t<div class=\"elementor-container elementor-column-gap-no\">\n\t\t\t\t\t<div class=\"elementor-column elementor-col-50 elementor-top-column elementor-element elementor-element-6c12dc05\" data-id=\"6c12dc05\" data-element_type=\"column\">\n\t\t\t<div class=\"elementor-widget-wrap elementor-element-populated\">\n\t\t\t\t\t\t\t\t<div class=\"elementor-element elementor-element-e688bd9 elementor-widget elementor-widget-heading\" data-id=\"e688bd9\" data-element_type=\"widget\" data-widget_type=\"heading.default\">\n\t\t\t\t<div class=\"elementor-widget-container\">\n\t\t\t<h4 class=\"elementor-heading-title elementor-size-default\">Nastavna djelatnost<\/h4>\t\t<\/div>\n\t\t\t\t<\/div>\n\t\t\t\t<div class=\"elementor-element elementor-element-6879c0c4 elementor-widget elementor-widget-text-editor\" data-id=\"6879c0c4\" data-element_type=\"widget\" data-widget_type=\"text-editor.default\">\n\t\t\t\t<div class=\"elementor-widget-container\">\n\t\t\t\t\t\t\t<p>Nastavna djelatnost Zavoda ostvaruje se putem obaveznih i izbornih predmeta na preddiplomskom i diplomskom studiju.<\/p><p>Od petog semestra preddiplomskog studija te prvog semestra diplomskog studija smjera Vodni promet, nastavni planovi i izvedbeni programi studija studentima osiguravaju potrebnu razinu stru\u010dnog obrazovanja, koja ga zavr\u0161etkom preddiplomskog i diplomskog studija \u010dini osposobljenim za rad i djelovanje u bilo kojem segmentu struke.<\/p>\t\t\t\t\t\t<\/div>\n\t\t\t\t<\/div>\n\t\t\t\t<div class=\"elementor-element elementor-element-ba0c84f elementor-widget elementor-widget-toggle\" data-id=\"ba0c84f\" data-element_type=\"widget\" data-widget_type=\"toggle.default\">\n\t\t\t\t<div class=\"elementor-widget-container\">\n\t\t\t\t\t<div class=\"elementor-toggle\">\n\t\t\t\t\t\t\t<div class=\"elementor-toggle-item\">\n\t\t\t\t\t<div id=\"elementor-tab-title-1951\" class=\"elementor-tab-title\" data-tab=\"1\" role=\"button\" aria-controls=\"elementor-tab-content-1951\" aria-expanded=\"false\">\n\t\t\t\t\t\t\t\t\t\t\t\t<span class=\"elementor-toggle-icon elementor-toggle-icon-left\" aria-hidden=\"true\">\n\t\t\t\t\t\t\t\t\t\t\t\t\t\t\t<span class=\"elementor-toggle-icon-closed\"><i class=\"fas fa-caret-right\"><\/i><\/span>\n\t\t\t\t\t\t\t\t<span class=\"elementor-toggle-icon-opened\"><i class=\"elementor-toggle-icon-opened fas fa-caret-up\"><\/i><\/span>\n\t\t\t\t\t\t\t\t\t\t\t\t\t<\/span>\n\t\t\t\t\t\t\t\t\t\t\t\t<a class=\"elementor-toggle-title\" tabindex=\"0\">Preddiplomski studij<\/a>\n\t\t\t\t\t<\/div>\n\n\t\t\t\t\t<div id=\"elementor-tab-content-1951\" class=\"elementor-tab-content elementor-clearfix\" data-tab=\"1\" role=\"region\" aria-labelledby=\"elementor-tab-title-1951\"><p>Nakon zavr\u0161enog preddiplomskog studija i ste\u010denih 180 ECTS bodova diplomirani studenti su osposobljeni za:<\/p><ul><li>odabir i primjenu odgovaraju\u0107ih metoda za stru\u010dni rad pri analizi funkcioniranja luka, pristani\u0161ta i terminala<\/li><li>analizu tehnolo\u0161kog procesa u pomorskim i rije\u010dnim lukama te rje\u0161avanje srednje slo\u017eenih in\u017eenjerskih problema<\/li><li>timski rad.<\/li><\/ul><p><a href=\"https:\/\/www.isvu.hr\/visokaucilista\/hr\/podaci\/135\/nastavniprogram\">KOLEGIJI<\/a>\u00a0na preddiplomskom studiju:<\/p><ul><li>Plovna sredstva I<\/li><li>Plovni putovi<\/li><li>Tehnika u vodnom prometu I<\/li><li>Sustavi u vodnom prometu<\/li><li>Luke<\/li><\/ul><\/div>\n\t\t\t\t<\/div>\n\t\t\t\t\t\t\t<div class=\"elementor-toggle-item\">\n\t\t\t\t\t<div id=\"elementor-tab-title-1952\" class=\"elementor-tab-title\" data-tab=\"2\" role=\"button\" aria-controls=\"elementor-tab-content-1952\" aria-expanded=\"false\">\n\t\t\t\t\t\t\t\t\t\t\t\t<span class=\"elementor-toggle-icon elementor-toggle-icon-left\" aria-hidden=\"true\">\n\t\t\t\t\t\t\t\t\t\t\t\t\t\t\t<span class=\"elementor-toggle-icon-closed\"><i class=\"fas fa-caret-right\"><\/i><\/span>\n\t\t\t\t\t\t\t\t<span class=\"elementor-toggle-icon-opened\"><i class=\"elementor-toggle-icon-opened fas fa-caret-up\"><\/i><\/span>\n\t\t\t\t\t\t\t\t\t\t\t\t\t<\/span>\n\t\t\t\t\t\t\t\t\t\t\t\t<a class=\"elementor-toggle-title\" tabindex=\"0\">Diplomski studij<\/a>\n\t\t\t\t\t<\/div>\n\n\t\t\t\t\t<div id=\"elementor-tab-content-1952\" class=\"elementor-tab-content elementor-clearfix\" data-tab=\"2\" role=\"region\" aria-labelledby=\"elementor-tab-title-1952\"><p>Nakon zavr\u0161enog diplomskog studija i ste\u010denih 120 ECTS bodova diplomirani studenti su osposobljeni za:<\/p><ul><li>analizu, prepoznavanje i razumijevanje primjene tehnologija u pomorskom i rije\u010dnom prometu<\/li><li>kori\u0161tenje sustavnog pristupa pri definiranju i odre\u0111ivanju funkcionalnih zna\u010dajki tehnolo\u0161kih i organizacijskih procesa u pomorskom i rije\u010dnom prometu<\/li><li>inovativni pristup u pomorskom i rije\u010dnom sustavu.<\/li><\/ul><p><a href=\"https:\/\/www.isvu.hr\/visokaucilista\/hr\/podaci\/135\/nastavniprogram\">KOLEGIJI<\/a>\u00a0na diplomskom studiju:<\/p><ul><li>Lu\u010dki terminali<\/li><li>Tehnika u vodnom prometu II<\/li><li>Tehnologija vodnog prometa<\/li><li>Integrirano upravljanje obalnim podru\u010djem<\/li><li>Plovna sredstva II<\/li><li>Tehnologija ukrcaja tereta<\/li><li>Planiranje u vodnom prometu<\/li><li>Inteligentni transportni sustavi u vodnom prometu<\/li><li>Pomorski prijevoz i osiguranja.<\/li><\/ul><\/div>\n\t\t\t\t<\/div>\n\t\t\t\t\t\t\t<div class=\"elementor-toggle-item\">\n\t\t\t\t\t<div id=\"elementor-tab-title-1953\" class=\"elementor-tab-title\" data-tab=\"3\" role=\"button\" aria-controls=\"elementor-tab-content-1953\" aria-expanded=\"false\">\n\t\t\t\t\t\t\t\t\t\t\t\t<span class=\"elementor-toggle-icon elementor-toggle-icon-left\" aria-hidden=\"true\">\n\t\t\t\t\t\t\t\t\t\t\t\t\t\t\t<span class=\"elementor-toggle-icon-closed\"><i class=\"fas fa-caret-right\"><\/i><\/span>\n\t\t\t\t\t\t\t\t<span class=\"elementor-toggle-icon-opened\"><i class=\"elementor-toggle-icon-opened fas fa-caret-up\"><\/i><\/span>\n\t\t\t\t\t\t\t\t\t\t\t\t\t<\/span>\n\t\t\t\t\t\t\t\t\t\t\t\t<a class=\"elementor-toggle-title\" tabindex=\"0\">Poslijediplomski studij<\/a>\n\t\t\t\t\t<\/div>\n\n\t\t\t\t\t<div id=\"elementor-tab-content-1953\" class=\"elementor-tab-content elementor-clearfix\" data-tab=\"3\" role=\"region\" aria-labelledby=\"elementor-tab-title-1953\"><p>Nastavnici Zavoda sudjeluju u izvo\u0111enju sljede\u0107e nastave na poslijediplomskom studiju:<\/p><ul><li><span style=\"font-style: inherit; font-weight: inherit; color: var( --e-global-color-text ); font-family: var( --e-global-typography-text-font-family ), Sans-serif;\">Poslijediplomski doktorski studij <\/span><b style=\"font-style: inherit; color: var( --e-global-color-text ); font-family: var( --e-global-typography-text-font-family ), Sans-serif;\">Promet<\/b>:<ul><li>Menad\u017ement tehnolo\u0161kih projekata<\/li><li>Istra\u017eiva\u010dki seminar iz lu\u010dkih sustava<\/li><\/ul><\/li><li>Poslijediplomski specijalisti\u010dki studij <strong>Gradski\u00a0promet<\/strong>:<ul><li>Menad\u017ement tehnolo\u0161kih projekata u gradovima<\/li><\/ul><\/li><li>Poslijediplomski specijalisti\u010dki studij <strong>Intermodalni transport<\/strong>:<ul><li>Rje\u0161avanje projektnog zadatka<\/li><li>Menad\u017ement tehnolo\u0161kih projekata<\/li><li>Modeliranje intermodalnog transporta<\/li><li>Intermodalni terminali<\/li><\/ul><\/li><li>Poslijediplomski specijalisti\u010dki studij <strong>Transportna logistika i menad\u017ement<\/strong>:<ul><li>Menad\u017ement tehnolo\u0161kih projekata<b style=\"font-style: inherit; color: var( --e-global-color-text ); font-family: var( --e-global-typography-text-font-family ), Sans-serif;\"><br \/><\/b><\/li><\/ul><\/li><\/ul><\/div>\n\t\t\t\t<\/div>\n\t\t\t\t\t\t\t\t<\/div>\n\t\t\t\t<\/div>\n\t\t\t\t<\/div>\n\t\t\t\t\t<\/div>\n\t\t<\/div>\n\t\t\t\t<div class=\"elementor-column elementor-col-50 elementor-top-column elementor-element elementor-element-d65027f\" data-id=\"d65027f\" data-element_type=\"column\">\n\t\t\t<div class=\"elementor-widget-wrap elementor-element-populated\">\n\t\t\t\t\t\t\t\t<div class=\"elementor-element elementor-element-5a65feea elementor-widget elementor-widget-image\" data-id=\"5a65feea\" data-element_type=\"widget\" data-widget_type=\"image.default\">\n\t\t\t\t<div class=\"elementor-widget-container\">\n\t\t\t\t\t\t\t\t\t\t\t\t\t\t\t<img loading=\"lazy\" decoding=\"async\" width=\"393\" height=\"151\" src=\"https:\/\/www.fpz.unizg.hr\/zvp\/wp-content\/uploads\/2021\/07\/nastava2.jpg\" class=\"attachment-full size-full wp-image-123\" alt=\"\" srcset=\"https:\/\/www.fpz.unizg.hr\/zvp\/wp-content\/uploads\/2021\/07\/nastava2.jpg 393w, https:\/\/www.fpz.unizg.hr\/zvp\/wp-content\/uploads\/2021\/07\/nastava2-300x115.jpg 300w\" sizes=\"(max-width: 393px) 100vw, 393px\" \/>\t\t\t\t\t\t\t\t\t\t\t\t\t\t\t<\/div>\n\t\t\t\t<\/div>\n\t\t\t\t<div class=\"elementor-element elementor-element-ff13bc8 elementor-widget elementor-widget-image\" data-id=\"ff13bc8\" data-element_type=\"widget\" data-widget_type=\"image.default\">\n\t\t\t\t<div class=\"elementor-widget-container\">\n\t\t\t\t\t\t\t\t\t\t\t\t\t\t\t<img loading=\"lazy\" decoding=\"async\" width=\"576\" height=\"768\" src=\"https:\/\/www.fpz.unizg.hr\/zvp\/wp-content\/uploads\/2021\/07\/Nastava_.jpg\" class=\"attachment-large size-large wp-image-124\" alt=\"\" srcset=\"https:\/\/www.fpz.unizg.hr\/zvp\/wp-content\/uploads\/2021\/07\/Nastava_.jpg 576w, https:\/\/www.fpz.unizg.hr\/zvp\/wp-content\/uploads\/2021\/07\/Nastava_-225x300.jpg 225w\" sizes=\"(max-width: 576px) 100vw, 576px\" \/>\t\t\t\t\t\t\t\t\t\t\t\t\t\t\t<\/div>\n\t\t\t\t<\/div>\n\t\t\t\t\t<\/div>\n\t\t<\/div>\n\t\t\t\t\t\t\t<\/div>\n\t\t<\/section>\n\t\t\t\t<section class=\"elementor-section elementor-top-section elementor-element elementor-element-41f7a4b1 elementor-section-content-middle elementor-section-boxed elementor-section-height-default elementor-section-height-default\" data-id=\"41f7a4b1\" data-element_type=\"section\">\n\t\t\t\t\t\t<div class=\"elementor-container elementor-column-gap-no\">\n\t\t\t\t\t<div class=\"elementor-column elementor-col-50 elementor-top-column elementor-element elementor-element-679abe20\" data-id=\"679abe20\" data-element_type=\"column\">\n\t\t\t<div class=\"elementor-widget-wrap elementor-element-populated\">\n\t\t\t\t\t\t\t\t<div class=\"elementor-element elementor-element-5b00f961 elementor-widget elementor-widget-image\" data-id=\"5b00f961\" data-element_type=\"widget\" data-widget_type=\"image.default\">\n\t\t\t\t<div class=\"elementor-widget-container\">\n\t\t\t\t\t\t\t\t\t\t\t\t\t\t\t<img loading=\"lazy\" decoding=\"async\" width=\"1024\" height=\"768\" src=\"https:\/\/www.fpz.unizg.hr\/zvp\/wp-content\/uploads\/2021\/07\/projekti_.jpg\" class=\"attachment-full size-full wp-image-125\" alt=\"\" srcset=\"https:\/\/www.fpz.unizg.hr\/zvp\/wp-content\/uploads\/2021\/07\/projekti_.jpg 1024w, https:\/\/www.fpz.unizg.hr\/zvp\/wp-content\/uploads\/2021\/07\/projekti_-300x225.jpg 300w, https:\/\/www.fpz.unizg.hr\/zvp\/wp-content\/uploads\/2021\/07\/projekti_-768x576.jpg 768w\" sizes=\"(max-width: 1024px) 100vw, 1024px\" \/>\t\t\t\t\t\t\t\t\t\t\t\t\t\t\t<\/div>\n\t\t\t\t<\/div>\n\t\t\t\t\t<\/div>\n\t\t<\/div>\n\t\t\t\t<div class=\"elementor-column elementor-col-50 elementor-top-column elementor-element elementor-element-7b4b3854\" data-id=\"7b4b3854\" data-element_type=\"column\">\n\t\t\t<div class=\"elementor-widget-wrap elementor-element-populated\">\n\t\t\t\t\t\t\t\t<div class=\"elementor-element elementor-element-7b887c1a elementor-widget elementor-widget-heading\" data-id=\"7b887c1a\" data-element_type=\"widget\" data-widget_type=\"heading.default\">\n\t\t\t\t<div class=\"elementor-widget-container\">\n\t\t\t<h4 class=\"elementor-heading-title elementor-size-default\">Znanstveno-istra\u017eiva\u010dka djelatnost<\/h4>\t\t<\/div>\n\t\t\t\t<\/div>\n\t\t\t\t<div class=\"elementor-element elementor-element-16d639ea elementor-widget elementor-widget-text-editor\" data-id=\"16d639ea\" data-element_type=\"widget\" data-widget_type=\"text-editor.default\">\n\t\t\t\t<div class=\"elementor-widget-container\">\n\t\t\t\t\t\t\t<p>Djelatnici Zavoda bave se istra\u017eivanjima u podru\u010dju tehni\u010dkih znanosti, polja tehnologija prometa i transport, grane pomorski i rije\u010dni promet. Istra\u017eivanja se provode u okviru europskih i hrvatskih znanstvenih i stru\u010dnih projekata.\u00a0<\/p>\t\t\t\t\t\t<\/div>\n\t\t\t\t<\/div>\n\t\t\t\t\t<\/div>\n\t\t<\/div>\n\t\t\t\t\t\t\t<\/div>\n\t\t<\/section>\n\t\t\t\t\t\t\t<\/div>\n\t\t","protected":false},"excerpt":{"rendered":"<p>Djelatnosti Zavoda Nastavna i znanstveno-istra\u017eiva\u010dka aktivnost organizirana je unutar Zavoda za vodni promet. https:\/\/youtu.be\/Rv4DOnaiCaEhttps:\/\/www.youtube.com\/watch?v=Mw9rGYh6394 Nastavna djelatnost Nastavna djelatnost Zavoda ostvaruje se putem obaveznih i izbornih predmeta na preddiplomskom i diplomskom studiju. Od petog semestra preddiplomskog studija te prvog semestra diplomskog studija smjera Vodni promet, nastavni planovi i izvedbeni programi studija studentima osiguravaju potrebnu razinu stru\u010dnog &hellip;<\/p>\n<p class=\"read-more\"> <a class=\"\" href=\"https:\/\/www.fpz.unizg.hr\/zvp\/hr\/djelatnosti\/\"> <span class=\"screen-reader-text\">Djelatnosti<\/span> Read More &raquo;<\/a><\/p>\n","protected":false},"author":1,"featured_media":0,"parent":0,"menu_order":0,"comment_status":"closed","ping_status":"closed","template":"","meta":{"footnotes":""},"_links":{"self":[{"href":"https:\/\/www.fpz.unizg.hr\/zvp\/hr\/wp-json\/wp\/v2\/pages\/33"}],"collection":[{"href":"https:\/\/www.fpz.unizg.hr\/zvp\/hr\/wp-json\/wp\/v2\/pages"}],"about":[{"href":"https:\/\/www.fpz.unizg.hr\/zvp\/hr\/wp-json\/wp\/v2\/types\/page"}],"author":[{"embeddable":true,"href":"https:\/\/www.fpz.unizg.hr\/zvp\/hr\/wp-json\/wp\/v2\/users\/1"}],"replies":[{"embeddable":true,"href":"https:\/\/www.fpz.unizg.hr\/zvp\/hr\/wp-json\/wp\/v2\/comments?post=33"}],"version-history":[{"count":46,"href":"https:\/\/www.fpz.unizg.hr\/zvp\/hr\/wp-json\/wp\/v2\/pages\/33\/revisions"}],"predecessor-version":[{"id":376,"href":"https:\/\/www.fpz.unizg.hr\/zvp\/hr\/wp-json\/wp\/v2\/pages\/33\/revisions\/376"}],"wp:attachment":[{"href":"https:\/\/www.fpz.unizg.hr\/zvp\/hr\/wp-json\/wp\/v2\/media?parent=33"}],"curies":[{"name":"wp","href":"https:\/\/api.w.org\/{rel}","templated":true}]}}