{"id":37,"date":"2021-07-06T21:43:55","date_gmt":"2021-07-06T19:43:55","guid":{"rendered":"https:\/\/www.fpz.unizg.hr\/zvp\/?page_id=37"},"modified":"2022-03-11T08:12:55","modified_gmt":"2022-03-11T07:12:55","slug":"laboratorij","status":"publish","type":"page","link":"https:\/\/www.fpz.unizg.hr\/zvp\/hr\/laboratorij\/","title":{"rendered":"Laboratorij"},"content":{"rendered":"\t\t<div data-elementor-type=\"wp-page\" data-elementor-id=\"37\" class=\"elementor elementor-37\">\n\t\t\t\t\t\t\t\t\t<section class=\"elementor-section elementor-top-section elementor-element elementor-element-54a88f40 elementor-section-content-middle elementor-section-boxed elementor-section-height-default elementor-section-height-default\" data-id=\"54a88f40\" data-element_type=\"section\">\n\t\t\t\t\t\t<div class=\"elementor-container elementor-column-gap-no\">\n\t\t\t\t\t<div class=\"elementor-column elementor-col-100 elementor-top-column elementor-element elementor-element-2c56f794\" data-id=\"2c56f794\" data-element_type=\"column\">\n\t\t\t<div class=\"elementor-widget-wrap elementor-element-populated\">\n\t\t\t\t\t\t\t\t<section class=\"elementor-section elementor-inner-section elementor-element elementor-element-444773f2 elementor-section-content-middle elementor-section-boxed elementor-section-height-default elementor-section-height-default\" data-id=\"444773f2\" data-element_type=\"section\">\n\t\t\t\t\t\t<div class=\"elementor-container elementor-column-gap-no\">\n\t\t\t\t\t<div class=\"elementor-column elementor-col-50 elementor-inner-column elementor-element elementor-element-61ab369c\" data-id=\"61ab369c\" data-element_type=\"column\">\n\t\t\t<div class=\"elementor-widget-wrap elementor-element-populated\">\n\t\t\t\t\t\t\t\t<div class=\"elementor-element elementor-element-66bc436d elementor-widget elementor-widget-heading\" data-id=\"66bc436d\" data-element_type=\"widget\" data-widget_type=\"heading.default\">\n\t\t\t\t<div class=\"elementor-widget-container\">\n\t\t\t<h4 class=\"elementor-heading-title elementor-size-default\">Laboratorij za planiranje i modeliranje <br>u vodnom prometu<\/h4>\t\t<\/div>\n\t\t\t\t<\/div>\n\t\t\t\t\t<\/div>\n\t\t<\/div>\n\t\t\t\t<div class=\"elementor-column elementor-col-50 elementor-inner-column elementor-element elementor-element-ce694c3\" data-id=\"ce694c3\" data-element_type=\"column\">\n\t\t\t<div class=\"elementor-widget-wrap elementor-element-populated\">\n\t\t\t\t\t\t\t\t<div class=\"elementor-element elementor-element-40f0afe5 elementor-widget elementor-widget-heading\" data-id=\"40f0afe5\" data-element_type=\"widget\" data-widget_type=\"heading.default\">\n\t\t\t\t<div class=\"elementor-widget-container\">\n\t\t\t<h2 class=\"elementor-heading-title elementor-size-default\">Podru\u010dje rada <\/h2>\t\t<\/div>\n\t\t\t\t<\/div>\n\t\t\t\t<div class=\"elementor-element elementor-element-6f3926eb elementor-widget elementor-widget-text-editor\" data-id=\"6f3926eb\" data-element_type=\"widget\" data-widget_type=\"text-editor.default\">\n\t\t\t\t<div class=\"elementor-widget-container\">\n\t\t\t\t\t\t\t<p>Laboratorij za planiranje i modeliranje u vodnom prometu osnovan je 2021. godine.<\/p><p>Podru\u010dje rada Laboratorija je u polju tehnologije prometa i transport, grane pomorski i rije\u010dni promet. Glavna zada\u0107a Laboratorija je strukturiranje i razvoj istra\u017eiva\u010dke djelatnosti u vodnom prometu. Simulacijski alati u sklopu Laboratorija, koji omogu\u0107uju testiranje ideja, odnosno hipoteza prije stvarnog poku\u0161aja, koristite se u nastavnom i znanstveno-istra\u017eiva\u010dkom radu.<\/p><p><a href=\"https:\/\/www.fpz.unizg.hr\/web\/ustrojstvo\/laboratoriji\">Katalog laboratorijske opreme<\/a><\/p>\t\t\t\t\t\t<\/div>\n\t\t\t\t<\/div>\n\t\t\t\t\t<\/div>\n\t\t<\/div>\n\t\t\t\t\t\t\t<\/div>\n\t\t<\/section>\n\t\t\t\t<section class=\"elementor-section elementor-inner-section elementor-element elementor-element-33fd2710 elementor-section-content-middle elementor-reverse-mobile elementor-section-boxed elementor-section-height-default elementor-section-height-default\" data-id=\"33fd2710\" data-element_type=\"section\">\n\t\t\t\t\t\t<div class=\"elementor-container elementor-column-gap-no\">\n\t\t\t\t\t<div class=\"elementor-column elementor-col-100 elementor-inner-column elementor-element elementor-element-3cb8a780\" data-id=\"3cb8a780\" data-element_type=\"column\">\n\t\t\t<div class=\"elementor-widget-wrap elementor-element-populated\">\n\t\t\t\t\t\t\t\t<div class=\"elementor-element elementor-element-435831fc elementor-widget elementor-widget-heading\" data-id=\"435831fc\" data-element_type=\"widget\" data-widget_type=\"heading.default\">\n\t\t\t\t<div class=\"elementor-widget-container\">\n\t\t\t<h2 class=\"elementor-heading-title elementor-size-default\">SPECIJALIZIRANI PROGRAMSKI PAKETI<\/h2>\t\t<\/div>\n\t\t\t\t<\/div>\n\t\t\t\t\t<\/div>\n\t\t<\/div>\n\t\t\t\t\t\t\t<\/div>\n\t\t<\/section>\n\t\t\t\t<section class=\"elementor-section elementor-inner-section elementor-element elementor-element-147f960 elementor-section-content-middle elementor-reverse-mobile elementor-section-boxed elementor-section-height-default elementor-section-height-default\" data-id=\"147f960\" data-element_type=\"section\">\n\t\t\t\t\t\t<div class=\"elementor-container elementor-column-gap-no\">\n\t\t\t\t\t<div class=\"elementor-column elementor-col-50 elementor-inner-column elementor-element elementor-element-c8181ea\" data-id=\"c8181ea\" data-element_type=\"column\">\n\t\t\t<div class=\"elementor-widget-wrap elementor-element-populated\">\n\t\t\t\t\t\t\t\t<div class=\"elementor-element elementor-element-d3a0ca1 elementor-widget elementor-widget-heading\" data-id=\"d3a0ca1\" data-element_type=\"widget\" data-widget_type=\"heading.default\">\n\t\t\t\t<div class=\"elementor-widget-container\">\n\t\t\t<h2 class=\"elementor-heading-title elementor-size-default\">CHESSCON Simulation<\/h2>\t\t<\/div>\n\t\t\t\t<\/div>\n\t\t\t\t<div class=\"elementor-element elementor-element-11b8d41 elementor-widget elementor-widget-text-editor\" data-id=\"11b8d41\" data-element_type=\"widget\" data-widget_type=\"text-editor.default\">\n\t\t\t\t<div class=\"elementor-widget-container\">\n\t\t\t\t\t\t\t<p><em>CHESSCON Simulation<\/em> je simulacijski program za planiranje i optimizaciju izgleda i procesa lu\u010dkih terminala. Odobren je u kontejnerskim terminalima \u0161irom svijeta i omogu\u0107ava operatorima terminala i savjetnicima da na brz i jednostavan na\u010din ostvare svoje strate\u0161ko i takti\u010dko planiranje kako bi prona\u0161li najbolje rje\u0161enje. Operateri terminala mogu istra\u017eiti mnoge mogu\u0107nosti rukovanja (ru\u010dno, polu-automatizirano, automatizirano) kako bi prona\u0161li pobjedni\u010dku strategiju na slo\u017eenom tr\u017ei\u0161tu.<\/p>\t\t\t\t\t\t<\/div>\n\t\t\t\t<\/div>\n\t\t\t\t<div class=\"elementor-element elementor-element-8219848 elementor-widget elementor-widget-image\" data-id=\"8219848\" data-element_type=\"widget\" data-widget_type=\"image.default\">\n\t\t\t\t<div class=\"elementor-widget-container\">\n\t\t\t\t\t\t\t\t\t\t\t\t\t\t\t<img loading=\"lazy\" decoding=\"async\" width=\"300\" height=\"202\" src=\"https:\/\/www.fpz.unizg.hr\/zvp\/wp-content\/uploads\/2021\/07\/chess_2-300x202.jpg\" class=\"attachment-medium size-medium wp-image-112\" alt=\"\" srcset=\"https:\/\/www.fpz.unizg.hr\/zvp\/wp-content\/uploads\/2021\/07\/chess_2-300x202.jpg 300w, https:\/\/www.fpz.unizg.hr\/zvp\/wp-content\/uploads\/2021\/07\/chess_2.jpg 657w\" sizes=\"(max-width: 300px) 100vw, 300px\" \/>\t\t\t\t\t\t\t\t\t\t\t\t\t\t\t<\/div>\n\t\t\t\t<\/div>\n\t\t\t\t\t<\/div>\n\t\t<\/div>\n\t\t\t\t<div class=\"elementor-column elementor-col-50 elementor-inner-column elementor-element elementor-element-8c18463\" data-id=\"8c18463\" data-element_type=\"column\">\n\t\t\t<div class=\"elementor-widget-wrap elementor-element-populated\">\n\t\t\t\t\t\t\t\t<div class=\"elementor-element elementor-element-bbfeae2 elementor-widget elementor-widget-image\" data-id=\"bbfeae2\" data-element_type=\"widget\" data-widget_type=\"image.default\">\n\t\t\t\t<div class=\"elementor-widget-container\">\n\t\t\t\t\t\t\t\t\t\t\t\t\t\t\t<img loading=\"lazy\" decoding=\"async\" width=\"297\" height=\"300\" src=\"https:\/\/www.fpz.unizg.hr\/zvp\/wp-content\/uploads\/2021\/07\/Chess-297x300.jpg\" class=\"attachment-medium size-medium wp-image-111\" alt=\"\" srcset=\"https:\/\/www.fpz.unizg.hr\/zvp\/wp-content\/uploads\/2021\/07\/Chess-297x300.jpg 297w, https:\/\/www.fpz.unizg.hr\/zvp\/wp-content\/uploads\/2021\/07\/Chess.jpg 445w\" sizes=\"(max-width: 297px) 100vw, 297px\" \/>\t\t\t\t\t\t\t\t\t\t\t\t\t\t\t<\/div>\n\t\t\t\t<\/div>\n\t\t\t\t\t<\/div>\n\t\t<\/div>\n\t\t\t\t\t\t\t<\/div>\n\t\t<\/section>\n\t\t\t\t\t<\/div>\n\t\t<\/div>\n\t\t\t\t\t\t\t<\/div>\n\t\t<\/section>\n\t\t\t\t\t\t\t<\/div>\n\t\t","protected":false},"excerpt":{"rendered":"<p>Laboratorij za planiranje i modeliranje u vodnom prometu Podru\u010dje rada Laboratorij za planiranje i modeliranje u vodnom prometu osnovan je 2021. godine. Podru\u010dje rada Laboratorija je u polju tehnologije prometa i transport, grane pomorski i rije\u010dni promet. Glavna zada\u0107a Laboratorija je strukturiranje i razvoj istra\u017eiva\u010dke djelatnosti u vodnom prometu. Simulacijski alati u sklopu Laboratorija, koji &hellip;<\/p>\n<p class=\"read-more\"> <a class=\"\" href=\"https:\/\/www.fpz.unizg.hr\/zvp\/hr\/laboratorij\/\"> <span class=\"screen-reader-text\">Laboratorij<\/span> Read More &raquo;<\/a><\/p>\n","protected":false},"author":1,"featured_media":0,"parent":0,"menu_order":0,"comment_status":"closed","ping_status":"closed","template":"","meta":{"footnotes":""},"_links":{"self":[{"href":"https:\/\/www.fpz.unizg.hr\/zvp\/hr\/wp-json\/wp\/v2\/pages\/37"}],"collection":[{"href":"https:\/\/www.fpz.unizg.hr\/zvp\/hr\/wp-json\/wp\/v2\/pages"}],"about":[{"href":"https:\/\/www.fpz.unizg.hr\/zvp\/hr\/wp-json\/wp\/v2\/types\/page"}],"author":[{"embeddable":true,"href":"https:\/\/www.fpz.unizg.hr\/zvp\/hr\/wp-json\/wp\/v2\/users\/1"}],"replies":[{"embeddable":true,"href":"https:\/\/www.fpz.unizg.hr\/zvp\/hr\/wp-json\/wp\/v2\/comments?post=37"}],"version-history":[{"count":13,"href":"https:\/\/www.fpz.unizg.hr\/zvp\/hr\/wp-json\/wp\/v2\/pages\/37\/revisions"}],"predecessor-version":[{"id":384,"href":"https:\/\/www.fpz.unizg.hr\/zvp\/hr\/wp-json\/wp\/v2\/pages\/37\/revisions\/384"}],"wp:attachment":[{"href":"https:\/\/www.fpz.unizg.hr\/zvp\/hr\/wp-json\/wp\/v2\/media?parent=37"}],"curies":[{"name":"wp","href":"https:\/\/api.w.org\/{rel}","templated":true}]}}