{"id":39,"date":"2021-07-06T21:45:00","date_gmt":"2021-07-06T19:45:00","guid":{"rendered":"https:\/\/www.fpz.unizg.hr\/zvp\/?page_id=39"},"modified":"2021-07-09T14:13:41","modified_gmt":"2021-07-09T12:13:41","slug":"kontakt","status":"publish","type":"page","link":"https:\/\/www.fpz.unizg.hr\/zvp\/hr\/kontakt\/","title":{"rendered":"Kontakt"},"content":{"rendered":"\t\t<div data-elementor-type=\"wp-page\" data-elementor-id=\"39\" class=\"elementor elementor-39\">\n\t\t\t\t\t\t\t\t\t<section class=\"elementor-section elementor-top-section elementor-element elementor-element-bd39b72 elementor-section-boxed elementor-section-height-default elementor-section-height-default\" data-id=\"bd39b72\" data-element_type=\"section\">\n\t\t\t\t\t\t<div class=\"elementor-container elementor-column-gap-default\">\n\t\t\t\t\t<div class=\"elementor-column elementor-col-50 elementor-top-column elementor-element elementor-element-c9839df\" data-id=\"c9839df\" data-element_type=\"column\">\n\t\t\t<div class=\"elementor-widget-wrap elementor-element-populated\">\n\t\t\t\t\t\t\t\t<div class=\"elementor-element elementor-element-c436256 elementor-widget elementor-widget-spacer\" data-id=\"c436256\" data-element_type=\"widget\" data-widget_type=\"spacer.default\">\n\t\t\t\t<div class=\"elementor-widget-container\">\n\t\t\t\t\t<div class=\"elementor-spacer\">\n\t\t\t<div class=\"elementor-spacer-inner\"><\/div>\n\t\t<\/div>\n\t\t\t\t<\/div>\n\t\t\t\t<\/div>\n\t\t\t\t<div class=\"elementor-element elementor-element-03405a6 elementor-widget elementor-widget-image\" data-id=\"03405a6\" data-element_type=\"widget\" data-widget_type=\"image.default\">\n\t\t\t\t<div class=\"elementor-widget-container\">\n\t\t\t\t\t\t\t\t\t\t\t\t\t\t\t<img loading=\"lazy\" decoding=\"async\" width=\"1024\" height=\"400\" src=\"https:\/\/www.fpz.unizg.hr\/zvp\/wp-content\/uploads\/2021\/07\/slika_zgrade_2-1024x400.jpg\" class=\"attachment-large size-large wp-image-116\" alt=\"\" srcset=\"https:\/\/www.fpz.unizg.hr\/zvp\/wp-content\/uploads\/2021\/07\/slika_zgrade_2-1024x400.jpg 1024w, https:\/\/www.fpz.unizg.hr\/zvp\/wp-content\/uploads\/2021\/07\/slika_zgrade_2-300x117.jpg 300w, https:\/\/www.fpz.unizg.hr\/zvp\/wp-content\/uploads\/2021\/07\/slika_zgrade_2-768x300.jpg 768w, https:\/\/www.fpz.unizg.hr\/zvp\/wp-content\/uploads\/2021\/07\/slika_zgrade_2.jpg 1276w\" sizes=\"(max-width: 1024px) 100vw, 1024px\" \/>\t\t\t\t\t\t\t\t\t\t\t\t\t\t\t<\/div>\n\t\t\t\t<\/div>\n\t\t\t\t<div class=\"elementor-element elementor-element-3296fd2 elementor-widget elementor-widget-text-editor\" data-id=\"3296fd2\" data-element_type=\"widget\" data-widget_type=\"text-editor.default\">\n\t\t\t\t<div class=\"elementor-widget-container\">\n\t\t\t\t\t\t\t<p>Uredi djelatnika nalaze se u Znanstveno-u\u010dili\u0161nom kampusu Borongaj u Zagrebu, objekt 71.<\/p>\t\t\t\t\t\t<\/div>\n\t\t\t\t<\/div>\n\t\t\t\t<div class=\"elementor-element elementor-element-c8ed29d elementor-widget elementor-widget-spacer\" data-id=\"c8ed29d\" data-element_type=\"widget\" data-widget_type=\"spacer.default\">\n\t\t\t\t<div class=\"elementor-widget-container\">\n\t\t\t\t\t<div class=\"elementor-spacer\">\n\t\t\t<div class=\"elementor-spacer-inner\"><\/div>\n\t\t<\/div>\n\t\t\t\t<\/div>\n\t\t\t\t<\/div>\n\t\t\t\t\t<\/div>\n\t\t<\/div>\n\t\t\t\t<div class=\"elementor-column elementor-col-50 elementor-top-column elementor-element elementor-element-758f060\" data-id=\"758f060\" data-element_type=\"column\">\n\t\t\t<div class=\"elementor-widget-wrap elementor-element-populated\">\n\t\t\t\t\t\t\t\t<div class=\"elementor-element elementor-element-fc13b68 elementor-widget elementor-widget-spacer\" data-id=\"fc13b68\" data-element_type=\"widget\" data-widget_type=\"spacer.default\">\n\t\t\t\t<div class=\"elementor-widget-container\">\n\t\t\t\t\t<div class=\"elementor-spacer\">\n\t\t\t<div class=\"elementor-spacer-inner\"><\/div>\n\t\t<\/div>\n\t\t\t\t<\/div>\n\t\t\t\t<\/div>\n\t\t\t\t<div class=\"elementor-element elementor-element-1a23b115 elementor-widget elementor-widget-heading\" data-id=\"1a23b115\" data-element_type=\"widget\" data-widget_type=\"heading.default\">\n\t\t\t\t<div class=\"elementor-widget-container\">\n\t\t\t<h6 class=\"elementor-heading-title elementor-size-default\">Kontakt podaci<\/h6>\t\t<\/div>\n\t\t\t\t<\/div>\n\t\t\t\t<div class=\"elementor-element elementor-element-7375251b elementor-widget elementor-widget-text-editor\" data-id=\"7375251b\" data-element_type=\"widget\" data-widget_type=\"text-editor.default\">\n\t\t\t\t<div class=\"elementor-widget-container\">\n\t\t\t\t\t\t\t<p>Sveu\u010dili\u0161te u Zagrebu<br \/>Fakultet prometnih znanosti<br \/>Zavod za vodni promet<\/p><p>\u00a0<\/p>\t\t\t\t\t\t<\/div>\n\t\t\t\t<\/div>\n\t\t\t\t<div class=\"elementor-element elementor-element-fe45ba1 elementor-widget elementor-widget-text-editor\" data-id=\"fe45ba1\" data-element_type=\"widget\" data-widget_type=\"text-editor.default\">\n\t\t\t\t<div class=\"elementor-widget-container\">\n\t\t\t\t\t\t\t<p>\u00a0<\/p><p>Vukeli\u0107eva 4<br \/>10 000 Zagreb, Hrvatska<\/p><p>Tel.: +385 1 245 7908<br \/>Email: natalija.kavran@fpz.unizg.hr<\/p>\t\t\t\t\t\t<\/div>\n\t\t\t\t<\/div>\n\t\t\t\t\t<\/div>\n\t\t<\/div>\n\t\t\t\t\t\t\t<\/div>\n\t\t<\/section>\n\t\t\t\t<section class=\"elementor-section elementor-top-section elementor-element elementor-element-3540756 elementor-section-full_width elementor-section-height-default elementor-section-height-default\" data-id=\"3540756\" data-element_type=\"section\">\n\t\t\t\t\t\t<div class=\"elementor-container elementor-column-gap-no\">\n\t\t\t\t\t<div class=\"elementor-column elementor-col-100 elementor-top-column elementor-element elementor-element-bfd3000\" data-id=\"bfd3000\" data-element_type=\"column\">\n\t\t\t<div class=\"elementor-widget-wrap elementor-element-populated\">\n\t\t\t\t\t\t\t\t<div class=\"elementor-element elementor-element-2b9bff4 elementor-widget elementor-widget-google_maps\" data-id=\"2b9bff4\" data-element_type=\"widget\" data-widget_type=\"google_maps.default\">\n\t\t\t\t<div class=\"elementor-widget-container\">\n\t\t\t\t\t<div class=\"elementor-custom-embed\">\n\t\t\t<iframe loading=\"lazy\"\n\t\t\t\t\tsrc=\"https:\/\/maps.google.com\/maps?q=ZUK%20Borongaj&#038;t=m&#038;z=15&#038;output=embed&#038;iwloc=near\"\n\t\t\t\t\ttitle=\"ZUK Borongaj\"\n\t\t\t\t\taria-label=\"ZUK Borongaj\"\n\t\t\t><\/iframe>\n\t\t<\/div>\n\t\t\t\t<\/div>\n\t\t\t\t<\/div>\n\t\t\t\t\t<\/div>\n\t\t<\/div>\n\t\t\t\t\t\t\t<\/div>\n\t\t<\/section>\n\t\t\t\t\t\t\t<\/div>\n\t\t","protected":false},"excerpt":{"rendered":"<p>Uredi djelatnika nalaze se u Znanstveno-u\u010dili\u0161nom kampusu Borongaj u Zagrebu, objekt 71. Kontakt podaci Sveu\u010dili\u0161te u ZagrebuFakultet prometnih znanostiZavod za vodni promet \u00a0 \u00a0 Vukeli\u0107eva 410 000 Zagreb, Hrvatska Tel.: +385 1 245 7908Email: natalija.kavran@fpz.unizg.hr<\/p>\n","protected":false},"author":1,"featured_media":0,"parent":0,"menu_order":0,"comment_status":"closed","ping_status":"closed","template":"","meta":{"footnotes":""},"_links":{"self":[{"href":"https:\/\/www.fpz.unizg.hr\/zvp\/hr\/wp-json\/wp\/v2\/pages\/39"}],"collection":[{"href":"https:\/\/www.fpz.unizg.hr\/zvp\/hr\/wp-json\/wp\/v2\/pages"}],"about":[{"href":"https:\/\/www.fpz.unizg.hr\/zvp\/hr\/wp-json\/wp\/v2\/types\/page"}],"author":[{"embeddable":true,"href":"https:\/\/www.fpz.unizg.hr\/zvp\/hr\/wp-json\/wp\/v2\/users\/1"}],"replies":[{"embeddable":true,"href":"https:\/\/www.fpz.unizg.hr\/zvp\/hr\/wp-json\/wp\/v2\/comments?post=39"}],"version-history":[{"count":35,"href":"https:\/\/www.fpz.unizg.hr\/zvp\/hr\/wp-json\/wp\/v2\/pages\/39\/revisions"}],"predecessor-version":[{"id":313,"href":"https:\/\/www.fpz.unizg.hr\/zvp\/hr\/wp-json\/wp\/v2\/pages\/39\/revisions\/313"}],"wp:attachment":[{"href":"https:\/\/www.fpz.unizg.hr\/zvp\/hr\/wp-json\/wp\/v2\/media?parent=39"}],"curies":[{"name":"wp","href":"https:\/\/api.w.org\/{rel}","templated":true}]}}